{"id":5855,"date":"2024-05-30T11:12:22","date_gmt":"2024-05-30T11:12:22","guid":{"rendered":"https:\/\/www2.unifap.br\/matematica\/?page_id=5855"},"modified":"2024-05-30T11:24:50","modified_gmt":"2024-05-30T11:24:50","slug":"prof-dr-enio-junior-seidel","status":"publish","type":"page","link":"https:\/\/www2.unifap.br\/matematica\/?page_id=5855","title":{"rendered":"Prof. Dr Enio J\u00fanior Seidel"},"content":{"rendered":"<p><a href=\"http:\/\/www2.unifap.br\/matematica\/files\/2024\/05\/Enio-Seidel.jpeg\"><img decoding=\"async\" class=\" wp-image-5856 alignleft\" src=\"http:\/\/www2.unifap.br\/matematica\/files\/2024\/05\/Enio-Seidel.jpeg\" alt=\"\" width=\"94\" height=\"84\"><\/a><\/p>\n<p>&nbsp;<\/p>\n<p>&nbsp;<\/p>\n<p><strong>Curr\u00edculo Lattes: <a href=\"http:\/\/lattes.cnpq.br\/1664473755869113\">http:\/\/lattes.cnpq.br\/7115995033005231<\/a><\/strong><\/p>\n<p><strong>Temas de pesquisa: <\/strong>Estat\u00edstica espacial. Estat\u00edstica Multivariada. Modelos de Regress\u00e3o.<\/p>\n<p><strong>E-mail: <\/strong>seidel_enio@unifap.br<\/p>\n","protected":false},"excerpt":{"rendered":"<p>&nbsp; &nbsp; Curr\u00edculo Lattes: http:\/\/lattes.cnpq.br\/7115995033005231 Temas de pesquisa: Estat\u00edstica espacial. Estat\u00edstica Multivariada. Modelos de Regress\u00e3o. E-mail: seidel_enio@unifap.br<\/p>\n","protected":false},"author":2067,"featured_media":0,"parent":4807,"menu_order":6,"comment_status":"closed","ping_status":"closed","template":"","meta":{"inline_featured_image":false,"site-sidebar-layout":"default","site-content-layout":"","ast-site-content-layout":"default","site-content-style":"default","site-sidebar-style":"default","ast-global-header-display":"","ast-banner-title-visibility":"","ast-main-header-display":"","ast-hfb-above-header-display":"","ast-hfb-below-header-display":"","ast-hfb-mobile-header-display":"","site-post-title":"","ast-breadcrumbs-content":"","ast-featured-img":"","footer-sml-layout":"","theme-transparent-header-meta":"","adv-header-id-meta":"","stick-header-meta":"","header-above-stick-meta":"","header-main-stick-meta":"","header-below-stick-meta":"","astra-migrate-meta-layouts":"default","ast-page-background-enabled":"default","ast-page-background-meta":{"desktop":{"background-color":"var(--ast-global-color-4)","background-image":"","background-repeat":"repeat","background-position":"center center","background-size":"auto","background-attachment":"scroll","background-type":"","background-media":"","overlay-type":"","overlay-color":"","overlay-opacity":"","overlay-gradient":""},"tablet":{"background-color":"","background-image":"","background-repeat":"repeat","background-position":"center center","background-size":"auto","background-attachment":"scroll","background-type":"","background-media":"","overlay-type":"","overlay-color":"","overlay-opacity":"","overlay-gradient":""},"mobile":{"background-color":"","background-image":"","background-repeat":"repeat","background-position":"center center","background-size":"auto","background-attachment":"scroll","background-type":"","background-media":"","overlay-type":"","overlay-color":"","overlay-opacity":"","overlay-gradient":""}},"ast-content-background-meta":{"desktop":{"background-color":"var(--ast-global-color-5)","background-image":"","background-repeat":"repeat","background-position":"center center","background-size":"auto","background-attachment":"scroll","background-type":"","background-media":"","overlay-type":"","overlay-color":"","overlay-opacity":"","overlay-gradient":""},"tablet":{"background-color":"var(--ast-global-color-5)","background-image":"","background-repeat":"repeat","background-position":"center center","background-size":"auto","background-attachment":"scroll","background-type":"","background-media":"","overlay-type":"","overlay-color":"","overlay-opacity":"","overlay-gradient":""},"mobile":{"background-color":"var(--ast-global-color-5)","background-image":"","background-repeat":"repeat","background-position":"center center","background-size":"auto","background-attachment":"scroll","background-type":"","background-media":"","overlay-type":"","overlay-color":"","overlay-opacity":"","overlay-gradient":""}},"ngg_post_thumbnail":0,"footnotes":""},"class_list":["post-5855","page","type-page","status-publish","hentry"],"_links":{"self":[{"href":"https:\/\/www2.unifap.br\/matematica\/index.php?rest_route=\/wp\/v2\/pages\/5855","targetHints":{"allow":["GET"]}}],"collection":[{"href":"https:\/\/www2.unifap.br\/matematica\/index.php?rest_route=\/wp\/v2\/pages"}],"about":[{"href":"https:\/\/www2.unifap.br\/matematica\/index.php?rest_route=\/wp\/v2\/types\/page"}],"author":[{"embeddable":true,"href":"https:\/\/www2.unifap.br\/matematica\/index.php?rest_route=\/wp\/v2\/users\/2067"}],"replies":[{"embeddable":true,"href":"https:\/\/www2.unifap.br\/matematica\/index.php?rest_route=%2Fwp%2Fv2%2Fcomments&post=5855"}],"version-history":[{"count":4,"href":"https:\/\/www2.unifap.br\/matematica\/index.php?rest_route=\/wp\/v2\/pages\/5855\/revisions"}],"predecessor-version":[{"id":5870,"href":"https:\/\/www2.unifap.br\/matematica\/index.php?rest_route=\/wp\/v2\/pages\/5855\/revisions\/5870"}],"up":[{"embeddable":true,"href":"https:\/\/www2.unifap.br\/matematica\/index.php?rest_route=\/wp\/v2\/pages\/4807"}],"wp:attachment":[{"href":"https:\/\/www2.unifap.br\/matematica\/index.php?rest_route=%2Fwp%2Fv2%2Fmedia&parent=5855"}],"curies":[{"name":"wp","href":"https:\/\/api.w.org\/{rel}","templated":true}]}}