{"id":5897,"date":"2025-01-04T18:18:54","date_gmt":"2025-01-04T18:18:54","guid":{"rendered":"https:\/\/www2.unifap.br\/matematica\/?page_id=5897"},"modified":"2025-01-04T18:49:04","modified_gmt":"2025-01-04T18:49:04","slug":"prof-a-me-mayara-silvia-brito-da-silva","status":"publish","type":"page","link":"https:\/\/www2.unifap.br\/matematica\/?page_id=5897","title":{"rendered":"Prof.\u00aa Me. Mayara Silvia Brito da Silva &#8211; 2023 &#8211;"},"content":{"rendered":"<p style=\"text-align: justify\"><img decoding=\"async\" class=\"alignleft\" src=\"http:\/\/servicosweb.cnpq.br\/wspessoa\/servletrecuperafoto?tipo=1&amp;id=K8620317H6\" width=\"130\" height=\"176\"><strong>Nascida em Bel\u00e9m, possui gradua\u00e7\u00e3o em Matem\u00e1tica pela Universidade Federal do Par\u00e1 (2017). Mestre pelo Programa de P\u00f3s-gradua\u00e7\u00e3o em Matem\u00e1tica e Estat\u00edstica (PPGME) da Universidade Federal do Par\u00e1 (2019). Atuou como professora substituta do Instituto de Ci\u00eancias Exatas e Naturais (ICEN) da UFPA (06\/2019-06\/2021). Atualmente \u00e9 aluna de doutorado do Programa de Doutorado em Matem\u00e1tica da UFPA e Professora substituta da faculdade de matem\u00e1tica (UNIFAP). Foi bolsista da Biblioteca de Objetos Matem\u00e1ticos UFPA (2014), bolsista de inicia\u00e7\u00e3o cient\u00edfica ProDoutor\/ProPesp (UFPA) no per\u00edodo 06\/2015-06\/2017, bolsista de mestrado CNPq no per\u00edodo 07\/2017-07\/2019, e bolsista de doutorado CNPq (08\/2021-02\/2024).<span class=\"texto\">&nbsp;(Texto informado pelo autor)<\/span><\/strong><\/p>\n<p style=\"text-align: justify\"><strong><a href=\"http:\/\/lattes.cnpq.br\/6976930967457387\">Lattes<\/a><\/strong><\/p>\n","protected":false},"excerpt":{"rendered":"<p>Nascida em Bel\u00e9m, possui gradua\u00e7\u00e3o em Matem\u00e1tica pela Universidade Federal do Par\u00e1 (2017). Mestre pelo Programa de P\u00f3s-gradua\u00e7\u00e3o em Matem\u00e1tica e Estat\u00edstica (PPGME) da Universidade Federal do Par\u00e1 (2019). Atuou como professora substituta do Instituto de Ci\u00eancias Exatas e Naturais (ICEN) da UFPA (06\/2019-06\/2021). Atualmente \u00e9 aluna de doutorado do Programa de Doutorado em Matem\u00e1tica&#8230;<\/p>\n","protected":false},"author":2067,"featured_media":0,"parent":4800,"menu_order":0,"comment_status":"closed","ping_status":"closed","template":"","meta":{"inline_featured_image":false,"site-sidebar-layout":"default","site-content-layout":"","ast-site-content-layout":"default","site-content-style":"default","site-sidebar-style":"default","ast-global-header-display":"","ast-banner-title-visibility":"","ast-main-header-display":"","ast-hfb-above-header-display":"","ast-hfb-below-header-display":"","ast-hfb-mobile-header-display":"","site-post-title":"","ast-breadcrumbs-content":"","ast-featured-img":"","footer-sml-layout":"","theme-transparent-header-meta":"default","adv-header-id-meta":"","stick-header-meta":"","header-above-stick-meta":"","header-main-stick-meta":"","header-below-stick-meta":"","astra-migrate-meta-layouts":"set","ast-page-background-enabled":"default","ast-page-background-meta":{"desktop":{"background-color":"var(--ast-global-color-4)","background-image":"","background-repeat":"repeat","background-position":"center center","background-size":"auto","background-attachment":"scroll","background-type":"","background-media":"","overlay-type":"","overlay-color":"","overlay-opacity":"","overlay-gradient":""},"tablet":{"background-color":"","background-image":"","background-repeat":"repeat","background-position":"center center","background-size":"auto","background-attachment":"scroll","background-type":"","background-media":"","overlay-type":"","overlay-color":"","overlay-opacity":"","overlay-gradient":""},"mobile":{"background-color":"","background-image":"","background-repeat":"repeat","background-position":"center center","background-size":"auto","background-attachment":"scroll","background-type":"","background-media":"","overlay-type":"","overlay-color":"","overlay-opacity":"","overlay-gradient":""}},"ast-content-background-meta":{"desktop":{"background-color":"var(--ast-global-color-5)","background-image":"","background-repeat":"repeat","background-position":"center center","background-size":"auto","background-attachment":"scroll","background-type":"","background-media":"","overlay-type":"","overlay-color":"","overlay-opacity":"","overlay-gradient":""},"tablet":{"background-color":"var(--ast-global-color-5)","background-image":"","background-repeat":"repeat","background-position":"center center","background-size":"auto","background-attachment":"scroll","background-type":"","background-media":"","overlay-type":"","overlay-color":"","overlay-opacity":"","overlay-gradient":""},"mobile":{"background-color":"var(--ast-global-color-5)","background-image":"","background-repeat":"repeat","background-position":"center center","background-size":"auto","background-attachment":"scroll","background-type":"","background-media":"","overlay-type":"","overlay-color":"","overlay-opacity":"","overlay-gradient":""}},"ngg_post_thumbnail":0,"footnotes":""},"class_list":["post-5897","page","type-page","status-publish","hentry"],"_links":{"self":[{"href":"https:\/\/www2.unifap.br\/matematica\/index.php?rest_route=\/wp\/v2\/pages\/5897","targetHints":{"allow":["GET"]}}],"collection":[{"href":"https:\/\/www2.unifap.br\/matematica\/index.php?rest_route=\/wp\/v2\/pages"}],"about":[{"href":"https:\/\/www2.unifap.br\/matematica\/index.php?rest_route=\/wp\/v2\/types\/page"}],"author":[{"embeddable":true,"href":"https:\/\/www2.unifap.br\/matematica\/index.php?rest_route=\/wp\/v2\/users\/2067"}],"replies":[{"embeddable":true,"href":"https:\/\/www2.unifap.br\/matematica\/index.php?rest_route=%2Fwp%2Fv2%2Fcomments&post=5897"}],"version-history":[{"count":6,"href":"https:\/\/www2.unifap.br\/matematica\/index.php?rest_route=\/wp\/v2\/pages\/5897\/revisions"}],"predecessor-version":[{"id":5915,"href":"https:\/\/www2.unifap.br\/matematica\/index.php?rest_route=\/wp\/v2\/pages\/5897\/revisions\/5915"}],"up":[{"embeddable":true,"href":"https:\/\/www2.unifap.br\/matematica\/index.php?rest_route=\/wp\/v2\/pages\/4800"}],"wp:attachment":[{"href":"https:\/\/www2.unifap.br\/matematica\/index.php?rest_route=%2Fwp%2Fv2%2Fmedia&parent=5897"}],"curies":[{"name":"wp","href":"https:\/\/api.w.org\/{rel}","templated":true}]}}