{"id":5904,"date":"2025-01-04T18:37:43","date_gmt":"2025-01-04T18:37:43","guid":{"rendered":"https:\/\/www2.unifap.br\/matematica\/?page_id=5904"},"modified":"2025-01-04T18:48:05","modified_gmt":"2025-01-04T18:48:05","slug":"prof-me-welber-aires-de-oliveira","status":"publish","type":"page","link":"https:\/\/www2.unifap.br\/matematica\/?page_id=5904","title":{"rendered":"Prof. Me. Welber Aires de Oliveira &#8211; 2024 &#8211;"},"content":{"rendered":"<p style=\"text-align: justify\"><strong><img decoding=\"async\" class=\"alignleft\" src=\"http:\/\/servicosweb.cnpq.br\/wspessoa\/servletrecuperafoto?tipo=1&amp;id=K8220032J7\" width=\"185\" height=\"185\">Possui gradua\u00e7\u00e3o em Matem\u00e1tica pela Universidade Federal do Amap\u00e1 (2014), onde foi bolsista do Departamento de Extens\u00e3o no projeto CSTM &#8211; Ciclo de Semin\u00e1rios em T\u00f3picos de Matem\u00e1tica no per\u00edodo de 04\/2012 a 12\/2014. Possui Mestrado em Matem\u00e1tica pelo Programa de P\u00f3s-Gradua\u00e7\u00e3o em Matem\u00e1tica e Estat\u00edstica da Universidade Federal do Par\u00e1, onde foi bolsista de mestrado da CAPES no per\u00edodo de 03\/2015 a 03\/2017. Exerceu o cargo de professor substituto do Departamento de Ci\u00eancias Exatas e Tecnol\u00f3gicas da Universidade Federal do Amap\u00e1 (DCET) no per\u00edodo entre de mar\u00e7o de 2018 e mar\u00e7o de 2020 no qual tamb\u00e9m foi membro do referido conselho. Exerce atualmente o cargo de Professor substituto de Matem\u00e1tica na Universidade do Estado do Amap\u00e1(UEAP). Tem experi\u00eancia na \u00e1rea de Matem\u00e1tica, com \u00eanfase no estudo de Equa\u00e7\u00f5es Diferenciais Parciais El\u00edpticas, utilizando principalmente m\u00e9todos de An\u00e1lise Funcional N\u00e3o-Linear.<span class=\"texto\">&nbsp;(Texto informado pelo autor)<\/span><\/strong><\/p>\n<p><a href=\"http:\/\/lattes.cnpq.br\/1570359880098913\"><strong>Lattes<\/strong><\/a><\/p>\n","protected":false},"excerpt":{"rendered":"<p>Possui gradua\u00e7\u00e3o em Matem\u00e1tica pela Universidade Federal do Amap\u00e1 (2014), onde foi bolsista do Departamento de Extens\u00e3o no projeto CSTM &#8211; Ciclo de Semin\u00e1rios em T\u00f3picos de Matem\u00e1tica no per\u00edodo de 04\/2012 a 12\/2014. Possui Mestrado em Matem\u00e1tica pelo Programa de P\u00f3s-Gradua\u00e7\u00e3o em Matem\u00e1tica e Estat\u00edstica da Universidade Federal do Par\u00e1, onde foi bolsista de&#8230;<\/p>\n","protected":false},"author":2067,"featured_media":0,"parent":4800,"menu_order":0,"comment_status":"closed","ping_status":"closed","template":"","meta":{"inline_featured_image":false,"site-sidebar-layout":"default","site-content-layout":"","ast-site-content-layout":"default","site-content-style":"default","site-sidebar-style":"default","ast-global-header-display":"","ast-banner-title-visibility":"","ast-main-header-display":"","ast-hfb-above-header-display":"","ast-hfb-below-header-display":"","ast-hfb-mobile-header-display":"","site-post-title":"","ast-breadcrumbs-content":"","ast-featured-img":"","footer-sml-layout":"","theme-transparent-header-meta":"default","adv-header-id-meta":"","stick-header-meta":"","header-above-stick-meta":"","header-main-stick-meta":"","header-below-stick-meta":"","astra-migrate-meta-layouts":"set","ast-page-background-enabled":"default","ast-page-background-meta":{"desktop":{"background-color":"var(--ast-global-color-4)","background-image":"","background-repeat":"repeat","background-position":"center center","background-size":"auto","background-attachment":"scroll","background-type":"","background-media":"","overlay-type":"","overlay-color":"","overlay-opacity":"","overlay-gradient":""},"tablet":{"background-color":"","background-image":"","background-repeat":"repeat","background-position":"center center","background-size":"auto","background-attachment":"scroll","background-type":"","background-media":"","overlay-type":"","overlay-color":"","overlay-opacity":"","overlay-gradient":""},"mobile":{"background-color":"","background-image":"","background-repeat":"repeat","background-position":"center center","background-size":"auto","background-attachment":"scroll","background-type":"","background-media":"","overlay-type":"","overlay-color":"","overlay-opacity":"","overlay-gradient":""}},"ast-content-background-meta":{"desktop":{"background-color":"var(--ast-global-color-5)","background-image":"","background-repeat":"repeat","background-position":"center center","background-size":"auto","background-attachment":"scroll","background-type":"","background-media":"","overlay-type":"","overlay-color":"","overlay-opacity":"","overlay-gradient":""},"tablet":{"background-color":"var(--ast-global-color-5)","background-image":"","background-repeat":"repeat","background-position":"center center","background-size":"auto","background-attachment":"scroll","background-type":"","background-media":"","overlay-type":"","overlay-color":"","overlay-opacity":"","overlay-gradient":""},"mobile":{"background-color":"var(--ast-global-color-5)","background-image":"","background-repeat":"repeat","background-position":"center center","background-size":"auto","background-attachment":"scroll","background-type":"","background-media":"","overlay-type":"","overlay-color":"","overlay-opacity":"","overlay-gradient":""}},"ngg_post_thumbnail":0,"footnotes":""},"class_list":["post-5904","page","type-page","status-publish","hentry"],"_links":{"self":[{"href":"https:\/\/www2.unifap.br\/matematica\/index.php?rest_route=\/wp\/v2\/pages\/5904","targetHints":{"allow":["GET"]}}],"collection":[{"href":"https:\/\/www2.unifap.br\/matematica\/index.php?rest_route=\/wp\/v2\/pages"}],"about":[{"href":"https:\/\/www2.unifap.br\/matematica\/index.php?rest_route=\/wp\/v2\/types\/page"}],"author":[{"embeddable":true,"href":"https:\/\/www2.unifap.br\/matematica\/index.php?rest_route=\/wp\/v2\/users\/2067"}],"replies":[{"embeddable":true,"href":"https:\/\/www2.unifap.br\/matematica\/index.php?rest_route=%2Fwp%2Fv2%2Fcomments&post=5904"}],"version-history":[{"count":2,"href":"https:\/\/www2.unifap.br\/matematica\/index.php?rest_route=\/wp\/v2\/pages\/5904\/revisions"}],"predecessor-version":[{"id":5912,"href":"https:\/\/www2.unifap.br\/matematica\/index.php?rest_route=\/wp\/v2\/pages\/5904\/revisions\/5912"}],"up":[{"embeddable":true,"href":"https:\/\/www2.unifap.br\/matematica\/index.php?rest_route=\/wp\/v2\/pages\/4800"}],"wp:attachment":[{"href":"https:\/\/www2.unifap.br\/matematica\/index.php?rest_route=%2Fwp%2Fv2%2Fmedia&parent=5904"}],"curies":[{"name":"wp","href":"https:\/\/api.w.org\/{rel}","templated":true}]}}