{"id":5906,"date":"2025-01-04T18:42:20","date_gmt":"2025-01-04T18:42:20","guid":{"rendered":"https:\/\/www2.unifap.br\/matematica\/?page_id=5906"},"modified":"2025-01-04T18:49:13","modified_gmt":"2025-01-04T18:49:13","slug":"5906-2","status":"publish","type":"page","link":"https:\/\/www2.unifap.br\/matematica\/?page_id=5906","title":{"rendered":"Prof.\u00aa Me. Quele Daiane Ferreira Rodrigues &#8211; 2024 &#8211;"},"content":{"rendered":"<p style=\"text-align: justify\"><strong><img decoding=\"async\" class=\"alignleft\" src=\"http:\/\/servicosweb.cnpq.br\/wspessoa\/servletrecuperafoto?tipo=1&amp;id=K4472510Z3\" width=\"128\" height=\"182\">Possui Mestrado em Ci\u00eancias e Matem\u00e1tica pela Pontif\u00edcia Universidade Cat\u00f3lica do Rio Grande do Sul &#8211; PUCRS, especialista em Doc\u00eancia do Ensino Superior pela Faculdade de Tecnologia do Amap\u00e1 &#8211; META, graduada em Licenciatura Plena em Matem\u00e1tica pela Universidade Federal do Amap\u00e1. Atualmente \u00e9 professora nos cursos de Tecnologia e de Administra\u00e7\u00e3o da Faculdade Meta, tem seus estudos no campo da pesquisa voltados para Etnomatem\u00e1tica na linha de pesquisa: Cultura, Epistemologia e Educa\u00e7\u00e3o Cient\u00edfica, participa do Grupo de Estudos e Pesquisa em Etnomatem\u00e1tica &#8211; GEPEPUCRS. Tem experi\u00eancia na \u00e1rea de Educa\u00e7\u00e3o, com \u00eanfase em Educa\u00e7\u00e3o Matem\u00e1tica, principalmente nos seguintes temas: Forma\u00e7\u00e3o de professores, Etnomatem\u00e1tica, Modelagem Matem\u00e1tica, Jogos no Ensino de Matem\u00e1tica.<span class=\"texto\">&nbsp;(Texto informado pelo autor)<\/span><\/strong><\/p>\n<p><a href=\"http:\/\/lattes.cnpq.br\/4627159341559926\"><strong>Lattes<\/strong><\/a>:<\/p>\n","protected":false},"excerpt":{"rendered":"<p>Possui Mestrado em Ci\u00eancias e Matem\u00e1tica pela Pontif\u00edcia Universidade Cat\u00f3lica do Rio Grande do Sul &#8211; PUCRS, especialista em Doc\u00eancia do Ensino Superior pela Faculdade de Tecnologia do Amap\u00e1 &#8211; META, graduada em Licenciatura Plena em Matem\u00e1tica pela Universidade Federal do Amap\u00e1. Atualmente \u00e9 professora nos cursos de Tecnologia e de Administra\u00e7\u00e3o da Faculdade Meta,&#8230;<\/p>\n","protected":false},"author":2067,"featured_media":0,"parent":4800,"menu_order":0,"comment_status":"closed","ping_status":"closed","template":"","meta":{"inline_featured_image":false,"site-sidebar-layout":"default","site-content-layout":"","ast-site-content-layout":"default","site-content-style":"default","site-sidebar-style":"default","ast-global-header-display":"","ast-banner-title-visibility":"","ast-main-header-display":"","ast-hfb-above-header-display":"","ast-hfb-below-header-display":"","ast-hfb-mobile-header-display":"","site-post-title":"","ast-breadcrumbs-content":"","ast-featured-img":"","footer-sml-layout":"","theme-transparent-header-meta":"default","adv-header-id-meta":"","stick-header-meta":"","header-above-stick-meta":"","header-main-stick-meta":"","header-below-stick-meta":"","astra-migrate-meta-layouts":"set","ast-page-background-enabled":"default","ast-page-background-meta":{"desktop":{"background-color":"var(--ast-global-color-4)","background-image":"","background-repeat":"repeat","background-position":"center center","background-size":"auto","background-attachment":"scroll","background-type":"","background-media":"","overlay-type":"","overlay-color":"","overlay-opacity":"","overlay-gradient":""},"tablet":{"background-color":"","background-image":"","background-repeat":"repeat","background-position":"center center","background-size":"auto","background-attachment":"scroll","background-type":"","background-media":"","overlay-type":"","overlay-color":"","overlay-opacity":"","overlay-gradient":""},"mobile":{"background-color":"","background-image":"","background-repeat":"repeat","background-position":"center center","background-size":"auto","background-attachment":"scroll","background-type":"","background-media":"","overlay-type":"","overlay-color":"","overlay-opacity":"","overlay-gradient":""}},"ast-content-background-meta":{"desktop":{"background-color":"var(--ast-global-color-5)","background-image":"","background-repeat":"repeat","background-position":"center center","background-size":"auto","background-attachment":"scroll","background-type":"","background-media":"","overlay-type":"","overlay-color":"","overlay-opacity":"","overlay-gradient":""},"tablet":{"background-color":"var(--ast-global-color-5)","background-image":"","background-repeat":"repeat","background-position":"center center","background-size":"auto","background-attachment":"scroll","background-type":"","background-media":"","overlay-type":"","overlay-color":"","overlay-opacity":"","overlay-gradient":""},"mobile":{"background-color":"var(--ast-global-color-5)","background-image":"","background-repeat":"repeat","background-position":"center center","background-size":"auto","background-attachment":"scroll","background-type":"","background-media":"","overlay-type":"","overlay-color":"","overlay-opacity":"","overlay-gradient":""}},"ngg_post_thumbnail":0,"footnotes":""},"class_list":["post-5906","page","type-page","status-publish","hentry"],"_links":{"self":[{"href":"https:\/\/www2.unifap.br\/matematica\/index.php?rest_route=\/wp\/v2\/pages\/5906","targetHints":{"allow":["GET"]}}],"collection":[{"href":"https:\/\/www2.unifap.br\/matematica\/index.php?rest_route=\/wp\/v2\/pages"}],"about":[{"href":"https:\/\/www2.unifap.br\/matematica\/index.php?rest_route=\/wp\/v2\/types\/page"}],"author":[{"embeddable":true,"href":"https:\/\/www2.unifap.br\/matematica\/index.php?rest_route=\/wp\/v2\/users\/2067"}],"replies":[{"embeddable":true,"href":"https:\/\/www2.unifap.br\/matematica\/index.php?rest_route=%2Fwp%2Fv2%2Fcomments&post=5906"}],"version-history":[{"count":4,"href":"https:\/\/www2.unifap.br\/matematica\/index.php?rest_route=\/wp\/v2\/pages\/5906\/revisions"}],"predecessor-version":[{"id":5916,"href":"https:\/\/www2.unifap.br\/matematica\/index.php?rest_route=\/wp\/v2\/pages\/5906\/revisions\/5916"}],"up":[{"embeddable":true,"href":"https:\/\/www2.unifap.br\/matematica\/index.php?rest_route=\/wp\/v2\/pages\/4800"}],"wp:attachment":[{"href":"https:\/\/www2.unifap.br\/matematica\/index.php?rest_route=%2Fwp%2Fv2%2Fmedia&parent=5906"}],"curies":[{"name":"wp","href":"https:\/\/api.w.org\/{rel}","templated":true}]}}