{"id":675,"date":"2015-04-22T14:16:31","date_gmt":"2015-04-22T14:16:31","guid":{"rendered":"http:\/\/www2.unifap.br\/matematica\/?page_id=675"},"modified":"2024-05-30T11:15:27","modified_gmt":"2024-05-30T11:15:27","slug":"eliane-leal-vasquez","status":"publish","type":"page","link":"https:\/\/www2.unifap.br\/matematica\/?page_id=675","title":{"rendered":"Prof\u00aa Dra Eliane Leal Vasquez"},"content":{"rendered":"<p><a href=\"http:\/\/www2.unifap.br\/matematica\/files\/2021\/03\/ELV_Oficial.jpg\"><img decoding=\"async\" class=\"alignleft wp-image-5197\" src=\"http:\/\/www2.unifap.br\/matematica\/files\/2021\/03\/ELV_Oficial.jpg\" alt=\"\" width=\"73\" height=\"85\" srcset=\"https:\/\/www2.unifap.br\/matematica\/files\/2021\/03\/ELV_Oficial.jpg 786w, https:\/\/www2.unifap.br\/matematica\/files\/2021\/03\/ELV_Oficial-258x300.jpg 258w, https:\/\/www2.unifap.br\/matematica\/files\/2021\/03\/ELV_Oficial-768x893.jpg 768w\" sizes=\"(max-width: 73px) 100vw, 73px\" \/><\/a><\/p>\n<p>&nbsp;<\/p>\n<p>&nbsp;<\/p>\n<p>&nbsp;<\/p>\n<p><strong>Curr\u00edculo Lattes<\/strong>:&nbsp;<a href=\"http:\/\/lattes.cnpq.br\/2391390992585658\">http:\/\/lattes.cnpq.br\/2391390992585658<\/a><\/p>\n<p><strong>Temas de pesquisa<\/strong>:&nbsp; Hist\u00f3ria da Ci\u00eancia e Educa\u00e7\u00e3o penitenci\u00e1ria, Ci\u00eancia penitenci\u00e1ria no Brasil Imp\u00e9rio, Educa\u00e7\u00e3o penitenci\u00e1ria no Amap\u00e1 e pol\u00edtica educacional, Hist\u00f3ria da educa\u00e7\u00e3o penitenci\u00e1ria e Pr\u00e1tica de leitura, Ensino de matem\u00e1tica e Ensino de hist\u00f3ria.&nbsp;<\/p>\n<p><strong>E-mail<\/strong>: elianevasquez@unifap.br<\/p>\n","protected":false},"excerpt":{"rendered":"<p>&nbsp; &nbsp; &nbsp; Curr\u00edculo Lattes:&nbsp;http:\/\/lattes.cnpq.br\/2391390992585658 Temas de pesquisa:&nbsp; Hist\u00f3ria da Ci\u00eancia e Educa\u00e7\u00e3o penitenci\u00e1ria, Ci\u00eancia penitenci\u00e1ria no Brasil Imp\u00e9rio, Educa\u00e7\u00e3o penitenci\u00e1ria no Amap\u00e1 e pol\u00edtica educacional, Hist\u00f3ria da educa\u00e7\u00e3o penitenci\u00e1ria e Pr\u00e1tica de leitura, Ensino de matem\u00e1tica e Ensino de hist\u00f3ria.&nbsp; E-mail: elianevasquez@unifap.br<\/p>\n","protected":false},"author":167,"featured_media":0,"parent":4807,"menu_order":2,"comment_status":"open","ping_status":"open","template":"","meta":{"inline_featured_image":false,"site-sidebar-layout":"default","site-content-layout":"","ast-site-content-layout":"default","site-content-style":"default","site-sidebar-style":"default","ast-global-header-display":"","ast-banner-title-visibility":"","ast-main-header-display":"","ast-hfb-above-header-display":"","ast-hfb-below-header-display":"","ast-hfb-mobile-header-display":"","site-post-title":"","ast-breadcrumbs-content":"","ast-featured-img":"","footer-sml-layout":"","theme-transparent-header-meta":"","adv-header-id-meta":"","stick-header-meta":"","header-above-stick-meta":"","header-main-stick-meta":"","header-below-stick-meta":"","astra-migrate-meta-layouts":"default","ast-page-background-enabled":"default","ast-page-background-meta":{"desktop":{"background-color":"var(--ast-global-color-4)","background-image":"","background-repeat":"repeat","background-position":"center center","background-size":"auto","background-attachment":"scroll","background-type":"","background-media":"","overlay-type":"","overlay-color":"","overlay-opacity":"","overlay-gradient":""},"tablet":{"background-color":"","background-image":"","background-repeat":"repeat","background-position":"center center","background-size":"auto","background-attachment":"scroll","background-type":"","background-media":"","overlay-type":"","overlay-color":"","overlay-opacity":"","overlay-gradient":""},"mobile":{"background-color":"","background-image":"","background-repeat":"repeat","background-position":"center center","background-size":"auto","background-attachment":"scroll","background-type":"","background-media":"","overlay-type":"","overlay-color":"","overlay-opacity":"","overlay-gradient":""}},"ast-content-background-meta":{"desktop":{"background-color":"var(--ast-global-color-5)","background-image":"","background-repeat":"repeat","background-position":"center center","background-size":"auto","background-attachment":"scroll","background-type":"","background-media":"","overlay-type":"","overlay-color":"","overlay-opacity":"","overlay-gradient":""},"tablet":{"background-color":"var(--ast-global-color-5)","background-image":"","background-repeat":"repeat","background-position":"center center","background-size":"auto","background-attachment":"scroll","background-type":"","background-media":"","overlay-type":"","overlay-color":"","overlay-opacity":"","overlay-gradient":""},"mobile":{"background-color":"var(--ast-global-color-5)","background-image":"","background-repeat":"repeat","background-position":"center center","background-size":"auto","background-attachment":"scroll","background-type":"","background-media":"","overlay-type":"","overlay-color":"","overlay-opacity":"","overlay-gradient":""}},"ngg_post_thumbnail":0,"footnotes":""},"class_list":["post-675","page","type-page","status-publish","hentry"],"_links":{"self":[{"href":"https:\/\/www2.unifap.br\/matematica\/index.php?rest_route=\/wp\/v2\/pages\/675","targetHints":{"allow":["GET"]}}],"collection":[{"href":"https:\/\/www2.unifap.br\/matematica\/index.php?rest_route=\/wp\/v2\/pages"}],"about":[{"href":"https:\/\/www2.unifap.br\/matematica\/index.php?rest_route=\/wp\/v2\/types\/page"}],"author":[{"embeddable":true,"href":"https:\/\/www2.unifap.br\/matematica\/index.php?rest_route=\/wp\/v2\/users\/167"}],"replies":[{"embeddable":true,"href":"https:\/\/www2.unifap.br\/matematica\/index.php?rest_route=%2Fwp%2Fv2%2Fcomments&post=675"}],"version-history":[{"count":84,"href":"https:\/\/www2.unifap.br\/matematica\/index.php?rest_route=\/wp\/v2\/pages\/675\/revisions"}],"predecessor-version":[{"id":5833,"href":"https:\/\/www2.unifap.br\/matematica\/index.php?rest_route=\/wp\/v2\/pages\/675\/revisions\/5833"}],"up":[{"embeddable":true,"href":"https:\/\/www2.unifap.br\/matematica\/index.php?rest_route=\/wp\/v2\/pages\/4807"}],"wp:attachment":[{"href":"https:\/\/www2.unifap.br\/matematica\/index.php?rest_route=%2Fwp%2Fv2%2Fmedia&parent=675"}],"curies":[{"name":"wp","href":"https:\/\/api.w.org\/{rel}","templated":true}]}}