{"id":7,"date":"2010-11-22T09:32:48","date_gmt":"2010-11-22T09:32:48","guid":{"rendered":"http:\/\/pororoca.unifap.br\/matematica\/"},"modified":"2025-01-04T18:34:51","modified_gmt":"2025-01-04T18:34:51","slug":"corpo-docente","status":"publish","type":"page","link":"https:\/\/www2.unifap.br\/matematica\/?page_id=7","title":{"rendered":"DOCENTES"},"content":{"rendered":"<ul>\n<li style=\"text-align: left\">\n<h3><span style=\"color: #ff0000\"><strong>Docentes Efetivos<\/strong><\/span><\/h3>\n<\/li>\n<\/ul>\n<p style=\"text-align: left\"><strong><a href=\"http:\/\/www2.unifap.br\/matematica\/?page_id=361\">Prof. Esp. Arlindo Moreira da Silva Filho<\/a><\/strong><\/p>\n<p>Prof\u00aa. Me. Caroline Lima de Souza (Em exerc\u00edcio em outro org\u00e3o: Portaria N\u00ba 480, de 6 de dezembro de 2016 &#8211; DOU)<\/p>\n<p style=\"text-align: left\"><strong><a href=\"http:\/\/www2.unifap.br\/matematica\/?page_id=4790\">Prof. Dr Edcarlos Vasconcelos da Silva<\/a><\/strong><\/p>\n<p style=\"text-align: left\"><strong><a href=\"http:\/\/www2.unifap.br\/matematica\/?page_id=363\">Prof. Dr Edivaldo Pinto dos Santos<\/a><\/strong><\/p>\n<p style=\"text-align: left\"><strong><a href=\"http:\/\/www2.unifap.br\/matematica\/?page_id=675\">&nbsp;Prof\u00aa Dra Eliane Leal Vasquez <\/a><\/strong><\/p>\n<p style=\"text-align: left\"><strong><a href=\"http:\/\/www2.unifap.br\/matematica\/?page_id=365\">Prof\u00aa Ma Elifaleth Rego Sabino<\/a><\/strong><\/p>\n<p><strong><a href=\"https:\/\/www2.unifap.br\/matematica\/?page_id=5855\">Prof. Dr Enio J\u00fanior Seidel<\/a><\/strong><\/p>\n<p style=\"text-align: left\"><strong><a href=\"http:\/\/www2.unifap.br\/matematica\/?page_id=372\">Prof. Dr Erasmo Senger (Requisitado para outro org\u00e3o: Portaria N\u00ba 1423\/2023)<\/a><\/strong><\/p>\n<p style=\"text-align: left\"><strong><a href=\"http:\/\/www2.unifap.br\/matematica\/?page_id=374\">Prof. Dr Gilberl\u00e2ndio Jesus Dias<\/a><\/strong><\/p>\n<p style=\"text-align: left\"><strong><a href=\"http:\/\/www2.unifap.br\/matematica\/?page_id=378\">Prof. Dr Guzm\u00e1n Eul\u00e1lio Isla Chamilco<\/a><\/strong><\/p>\n<p style=\"text-align: left\"><strong><a href=\"http:\/\/www2.unifap.br\/matematica\/?page_id=380\">&nbsp;Prof. Me Jo\u00e3o Socorro Pinheiro Ferreira (Qualifica\u00e7\u00e3o docente: Portaria N\u00ba 1548\/2021)<\/a><\/strong><\/p>\n<p style=\"text-align: left\"><strong><a href=\"http:\/\/www2.unifap.br\/matematica\/?page_id=382\">Prof. Me Kelmem da Cruz Barroso<\/a><\/strong><\/p>\n<p style=\"text-align: left\"><strong><a href=\"http:\/\/www2.unifap.br\/matematica\/?page_id=384\">Prof. Me Marcel Lucas Pican\u00e7o Nascimento <\/a><a href=\"http:\/\/www2.unifap.br\/matematica\/?page_id=380\">(Qualifica\u00e7\u00e3o docente: Portaria N\u00ba 1167\/2023)<\/a><\/strong><\/p>\n<p style=\"text-align: left\"><strong><a href=\"http:\/\/www2.unifap.br\/matematica\/?page_id=386\">&nbsp;Prof. Dr M\u00e1rcio Aldo Lobato Bahia<\/a><\/strong><\/p>\n<p style=\"text-align: left\"><strong><a href=\"http:\/\/www2.unifap.br\/matematica\/?page_id=2214\">&nbsp;Prof. Me R\u00f4mulo Lima da Gama<\/a><\/strong><\/p>\n<p style=\"text-align: left\"><strong><a href=\"http:\/\/www2.unifap.br\/matematica\/?page_id=392\">Prof\u00aa Dra Simone de Almeida Delphim (Pr\u00f3-Reitora de Planejamento &#8211; PROPLAN: Portaria N\u00ba 0307\/2023)<\/a><\/strong><\/p>\n<p style=\"text-align: left\"><strong><a href=\"http:\/\/www2.unifap.br\/matematica\/?page_id=390\">&nbsp;Prof. Me S\u00e9rgio Barbosa de Miranda <\/a><a href=\"http:\/\/www2.unifap.br\/matematica\/?page_id=380\">(Qualifica\u00e7\u00e3o docente: Portaria N\u00ba 0751\/2023)<\/a><\/strong><\/p>\n<p style=\"text-align: left\"><strong><a href=\"https:\/\/www2.unifap.br\/matematica\/?page_id=2125\">Prof\u00aa Dra Solange Regina Cromianski<\/a><\/strong><\/p>\n<ul style=\"text-align: left\">\n<li>\n<h3><span style=\"color: #ff0000\"><strong>Docentes substitutos\/tempor\u00e1rios<\/strong><\/span><\/h3>\n<\/li>\n<\/ul>\n<p><strong><a href=\"https:\/\/www2.unifap.br\/matematica\/?page_id=5897\">Prof.\u00aa Me. Mayara Silvia Brito da Silva<\/a><\/strong><\/p>\n<p><strong>Prof.\u00aa&nbsp; Me. Quele Daiane Ferreira Rodrigues<\/strong><\/p>\n<p><strong>Prof. Me. Welber Aires de Oliveira<\/strong><\/p>\n<p style=\"text-align: left\">&nbsp;<\/p>\n","protected":false},"excerpt":{"rendered":"<p>Docentes Efetivos Prof. Esp. Arlindo Moreira da Silva Filho Prof\u00aa. Me. Caroline Lima de Souza (Em exerc\u00edcio em outro org\u00e3o: Portaria N\u00ba 480, de 6 de dezembro de 2016 &#8211; DOU) Prof. Dr Edcarlos Vasconcelos da Silva Prof. Dr Edivaldo Pinto dos Santos &nbsp;Prof\u00aa Dra Eliane Leal Vasquez Prof\u00aa Ma Elifaleth Rego Sabino Prof. Dr&#8230;<\/p>\n","protected":false},"author":1,"featured_media":0,"parent":0,"menu_order":2,"comment_status":"open","ping_status":"closed","template":"","meta":{"inline_featured_image":false,"site-sidebar-layout":"default","site-content-layout":"","ast-site-content-layout":"default","site-content-style":"default","site-sidebar-style":"default","ast-global-header-display":"","ast-banner-title-visibility":"","ast-main-header-display":"","ast-hfb-above-header-display":"","ast-hfb-below-header-display":"","ast-hfb-mobile-header-display":"","site-post-title":"","ast-breadcrumbs-content":"","ast-featured-img":"","footer-sml-layout":"","theme-transparent-header-meta":"default","adv-header-id-meta":"","stick-header-meta":"","header-above-stick-meta":"","header-main-stick-meta":"","header-below-stick-meta":"","astra-migrate-meta-layouts":"set","ast-page-background-enabled":"default","ast-page-background-meta":{"desktop":{"background-color":"var(--ast-global-color-4)","background-image":"","background-repeat":"repeat","background-position":"center center","background-size":"auto","background-attachment":"scroll","background-type":"","background-media":"","overlay-type":"","overlay-color":"","overlay-opacity":"","overlay-gradient":""},"tablet":{"background-color":"","background-image":"","background-repeat":"repeat","background-position":"center center","background-size":"auto","background-attachment":"scroll","background-type":"","background-media":"","overlay-type":"","overlay-color":"","overlay-opacity":"","overlay-gradient":""},"mobile":{"background-color":"","background-image":"","background-repeat":"repeat","background-position":"center center","background-size":"auto","background-attachment":"scroll","background-type":"","background-media":"","overlay-type":"","overlay-color":"","overlay-opacity":"","overlay-gradient":""}},"ast-content-background-meta":{"desktop":{"background-color":"var(--ast-global-color-5)","background-image":"","background-repeat":"repeat","background-position":"center center","background-size":"auto","background-attachment":"scroll","background-type":"","background-media":"","overlay-type":"","overlay-color":"","overlay-opacity":"","overlay-gradient":""},"tablet":{"background-color":"var(--ast-global-color-5)","background-image":"","background-repeat":"repeat","background-position":"center center","background-size":"auto","background-attachment":"scroll","background-type":"","background-media":"","overlay-type":"","overlay-color":"","overlay-opacity":"","overlay-gradient":""},"mobile":{"background-color":"var(--ast-global-color-5)","background-image":"","background-repeat":"repeat","background-position":"center center","background-size":"auto","background-attachment":"scroll","background-type":"","background-media":"","overlay-type":"","overlay-color":"","overlay-opacity":"","overlay-gradient":""}},"ngg_post_thumbnail":0,"footnotes":""},"class_list":["post-7","page","type-page","status-publish","hentry"],"_links":{"self":[{"href":"https:\/\/www2.unifap.br\/matematica\/index.php?rest_route=\/wp\/v2\/pages\/7","targetHints":{"allow":["GET"]}}],"collection":[{"href":"https:\/\/www2.unifap.br\/matematica\/index.php?rest_route=\/wp\/v2\/pages"}],"about":[{"href":"https:\/\/www2.unifap.br\/matematica\/index.php?rest_route=\/wp\/v2\/types\/page"}],"author":[{"embeddable":true,"href":"https:\/\/www2.unifap.br\/matematica\/index.php?rest_route=\/wp\/v2\/users\/1"}],"replies":[{"embeddable":true,"href":"https:\/\/www2.unifap.br\/matematica\/index.php?rest_route=%2Fwp%2Fv2%2Fcomments&post=7"}],"version-history":[{"count":40,"href":"https:\/\/www2.unifap.br\/matematica\/index.php?rest_route=\/wp\/v2\/pages\/7\/revisions"}],"predecessor-version":[{"id":5903,"href":"https:\/\/www2.unifap.br\/matematica\/index.php?rest_route=\/wp\/v2\/pages\/7\/revisions\/5903"}],"wp:attachment":[{"href":"https:\/\/www2.unifap.br\/matematica\/index.php?rest_route=%2Fwp%2Fv2%2Fmedia&parent=7"}],"curies":[{"name":"wp","href":"https:\/\/api.w.org\/{rel}","templated":true}]}}