{"id":753,"date":"2016-02-17T15:15:58","date_gmt":"2016-02-17T15:15:58","guid":{"rendered":"http:\/\/www2.unifap.br\/matematica\/?page_id=753"},"modified":"2020-03-12T19:25:30","modified_gmt":"2020-03-12T19:25:30","slug":"solicitacao-de-agendamento","status":"publish","type":"page","link":"https:\/\/www2.unifap.br\/matematica\/?page_id=753","title":{"rendered":"Solicita\u00e7\u00e3o de Agendamento LABRAM"},"content":{"rendered":"<p>&nbsp;<\/p>\n<p><strong>1 &#8211;<\/strong>&nbsp;Verifique a disponibilidade no&nbsp;<a title=\"Agenda LIM\" href=\"http:\/\/www2.unifap.br\/matematica\/laboratorios-2\/laboratorio-de-informatica\/agenda\/\">Calend\u00e1rio de Agendamentos<\/a>;<\/p>\n<p><strong>2 \u2013&nbsp;<\/strong>Envie um&nbsp;e-mail&nbsp;para <strong><a href=\"mailto:labramp4@gmail.com\">labramp4@gmail.com<\/a><\/strong> contendo:<\/p>\n<p>&#8211; Nome do respons\u00e1vel pela reserva;<\/p>\n<p>&#8211; E-mail do respons\u00e1vel;<\/p>\n<p>&#8211; Fone para contato;<\/p>\n<p>&#8211; Nome do evento (ex.: disciplina, palestra, treinamento, congresso, outros);<\/p>\n<p>&#8211; Per\u00edodo do evento;<\/p>\n<p>&#8211; Hor\u00e1rio do evento;<\/p>\n<p>&#8211; Dias da semana;<\/p>\n<p>&#8211; E outras informa\u00e7\u00f5es, se houver.<\/p>\n<p><strong>3 &#8211;<\/strong>&nbsp;Haver\u00e1 uma an\u00e1lise da solicita\u00e7\u00e3o, o agendamento ser\u00e1 confirmado atrav\u00e9s do e-mail informado.<\/p>\n","protected":false},"excerpt":{"rendered":"<p>&nbsp; 1 &#8211;&nbsp;Verifique a disponibilidade no&nbsp;Calend\u00e1rio de Agendamentos; 2 \u2013&nbsp;Envie um&nbsp;e-mail&nbsp;para labramp4@gmail.com contendo: &#8211; Nome do respons\u00e1vel pela reserva; &#8211; E-mail do respons\u00e1vel; &#8211; Fone para contato; &#8211; Nome do evento (ex.: disciplina, palestra, treinamento, congresso, outros); &#8211; Per\u00edodo do evento; &#8211; Hor\u00e1rio do evento; &#8211; Dias da semana; &#8211; E outras informa\u00e7\u00f5es, se houver&#8230;.<\/p>\n","protected":false},"author":844,"featured_media":0,"parent":337,"menu_order":0,"comment_status":"open","ping_status":"closed","template":"","meta":{"inline_featured_image":false,"site-sidebar-layout":"default","site-content-layout":"","ast-site-content-layout":"default","site-content-style":"default","site-sidebar-style":"default","ast-global-header-display":"","ast-banner-title-visibility":"","ast-main-header-display":"","ast-hfb-above-header-display":"","ast-hfb-below-header-display":"","ast-hfb-mobile-header-display":"","site-post-title":"","ast-breadcrumbs-content":"","ast-featured-img":"","footer-sml-layout":"","theme-transparent-header-meta":"","adv-header-id-meta":"","stick-header-meta":"","header-above-stick-meta":"","header-main-stick-meta":"","header-below-stick-meta":"","astra-migrate-meta-layouts":"default","ast-page-background-enabled":"default","ast-page-background-meta":{"desktop":{"background-color":"var(--ast-global-color-4)","background-image":"","background-repeat":"repeat","background-position":"center center","background-size":"auto","background-attachment":"scroll","background-type":"","background-media":"","overlay-type":"","overlay-color":"","overlay-opacity":"","overlay-gradient":""},"tablet":{"background-color":"","background-image":"","background-repeat":"repeat","background-position":"center center","background-size":"auto","background-attachment":"scroll","background-type":"","background-media":"","overlay-type":"","overlay-color":"","overlay-opacity":"","overlay-gradient":""},"mobile":{"background-color":"","background-image":"","background-repeat":"repeat","background-position":"center center","background-size":"auto","background-attachment":"scroll","background-type":"","background-media":"","overlay-type":"","overlay-color":"","overlay-opacity":"","overlay-gradient":""}},"ast-content-background-meta":{"desktop":{"background-color":"var(--ast-global-color-5)","background-image":"","background-repeat":"repeat","background-position":"center center","background-size":"auto","background-attachment":"scroll","background-type":"","background-media":"","overlay-type":"","overlay-color":"","overlay-opacity":"","overlay-gradient":""},"tablet":{"background-color":"var(--ast-global-color-5)","background-image":"","background-repeat":"repeat","background-position":"center center","background-size":"auto","background-attachment":"scroll","background-type":"","background-media":"","overlay-type":"","overlay-color":"","overlay-opacity":"","overlay-gradient":""},"mobile":{"background-color":"var(--ast-global-color-5)","background-image":"","background-repeat":"repeat","background-position":"center center","background-size":"auto","background-attachment":"scroll","background-type":"","background-media":"","overlay-type":"","overlay-color":"","overlay-opacity":"","overlay-gradient":""}},"ngg_post_thumbnail":0,"footnotes":""},"class_list":["post-753","page","type-page","status-publish","hentry"],"_links":{"self":[{"href":"https:\/\/www2.unifap.br\/matematica\/index.php?rest_route=\/wp\/v2\/pages\/753","targetHints":{"allow":["GET"]}}],"collection":[{"href":"https:\/\/www2.unifap.br\/matematica\/index.php?rest_route=\/wp\/v2\/pages"}],"about":[{"href":"https:\/\/www2.unifap.br\/matematica\/index.php?rest_route=\/wp\/v2\/types\/page"}],"author":[{"embeddable":true,"href":"https:\/\/www2.unifap.br\/matematica\/index.php?rest_route=\/wp\/v2\/users\/844"}],"replies":[{"embeddable":true,"href":"https:\/\/www2.unifap.br\/matematica\/index.php?rest_route=%2Fwp%2Fv2%2Fcomments&post=753"}],"version-history":[{"count":10,"href":"https:\/\/www2.unifap.br\/matematica\/index.php?rest_route=\/wp\/v2\/pages\/753\/revisions"}],"predecessor-version":[{"id":4861,"href":"https:\/\/www2.unifap.br\/matematica\/index.php?rest_route=\/wp\/v2\/pages\/753\/revisions\/4861"}],"up":[{"embeddable":true,"href":"https:\/\/www2.unifap.br\/matematica\/index.php?rest_route=\/wp\/v2\/pages\/337"}],"wp:attachment":[{"href":"https:\/\/www2.unifap.br\/matematica\/index.php?rest_route=%2Fwp%2Fv2%2Fmedia&parent=753"}],"curies":[{"name":"wp","href":"https:\/\/api.w.org\/{rel}","templated":true}]}}