{"id":893,"date":"2016-06-23T14:34:32","date_gmt":"2016-06-23T14:34:32","guid":{"rendered":"http:\/\/www2.unifap.br\/matematica\/?page_id=893"},"modified":"2022-09-15T19:06:14","modified_gmt":"2022-09-15T19:06:14","slug":"colacao-de-grau","status":"publish","type":"page","link":"https:\/\/www2.unifap.br\/matematica\/?page_id=893","title":{"rendered":"Cola\u00e7\u00e3o de Grau"},"content":{"rendered":"<ul>\n<li><a href=\"http:\/\/www2.unifap.br\/matematica\/files\/2016\/06\/PROCEDIMENTOS-PARA-COLA\u00c7\u00c3O-DE-GRAU1.pdf\">PROCEDIMENTOS PARA COLA\u00c7\u00c3O DE GRAU<\/a><\/li>\n<li><a href=\"http:\/\/www2.unifap.br\/matematica\/files\/2016\/06\/TERMO-DE-AUTORIZA\u00c7\u00c3O-DE-PUBLICA\u00c7\u00c3O-DE-TCC.pdf\">TERMO DE AUTORIZA\u00c7\u00c3O DE PUBLICA\u00c7\u00c3O DE TCC<\/a><\/li>\n<li><a href=\"http:\/\/www2.unifap.br\/matematica\/files\/2022\/09\/Requerimento.pdf\">REQUERIMENTO PARA COLA\u00c7\u00c3O DE GRAU<\/a><\/li>\n<\/ul>\n","protected":false},"excerpt":{"rendered":"<p>PROCEDIMENTOS PARA COLA\u00c7\u00c3O DE GRAU TERMO DE AUTORIZA\u00c7\u00c3O DE PUBLICA\u00c7\u00c3O DE TCC REQUERIMENTO PARA COLA\u00c7\u00c3O DE GRAU<\/p>\n","protected":false},"author":900,"featured_media":0,"parent":9,"menu_order":7,"comment_status":"open","ping_status":"open","template":"","meta":{"inline_featured_image":false,"site-sidebar-layout":"default","site-content-layout":"","ast-site-content-layout":"default","site-content-style":"default","site-sidebar-style":"default","ast-global-header-display":"","ast-banner-title-visibility":"","ast-main-header-display":"","ast-hfb-above-header-display":"","ast-hfb-below-header-display":"","ast-hfb-mobile-header-display":"","site-post-title":"","ast-breadcrumbs-content":"","ast-featured-img":"","footer-sml-layout":"","theme-transparent-header-meta":"","adv-header-id-meta":"","stick-header-meta":"","header-above-stick-meta":"","header-main-stick-meta":"","header-below-stick-meta":"","astra-migrate-meta-layouts":"default","ast-page-background-enabled":"default","ast-page-background-meta":{"desktop":{"background-color":"var(--ast-global-color-4)","background-image":"","background-repeat":"repeat","background-position":"center center","background-size":"auto","background-attachment":"scroll","background-type":"","background-media":"","overlay-type":"","overlay-color":"","overlay-opacity":"","overlay-gradient":""},"tablet":{"background-color":"","background-image":"","background-repeat":"repeat","background-position":"center center","background-size":"auto","background-attachment":"scroll","background-type":"","background-media":"","overlay-type":"","overlay-color":"","overlay-opacity":"","overlay-gradient":""},"mobile":{"background-color":"","background-image":"","background-repeat":"repeat","background-position":"center center","background-size":"auto","background-attachment":"scroll","background-type":"","background-media":"","overlay-type":"","overlay-color":"","overlay-opacity":"","overlay-gradient":""}},"ast-content-background-meta":{"desktop":{"background-color":"var(--ast-global-color-5)","background-image":"","background-repeat":"repeat","background-position":"center center","background-size":"auto","background-attachment":"scroll","background-type":"","background-media":"","overlay-type":"","overlay-color":"","overlay-opacity":"","overlay-gradient":""},"tablet":{"background-color":"var(--ast-global-color-5)","background-image":"","background-repeat":"repeat","background-position":"center center","background-size":"auto","background-attachment":"scroll","background-type":"","background-media":"","overlay-type":"","overlay-color":"","overlay-opacity":"","overlay-gradient":""},"mobile":{"background-color":"var(--ast-global-color-5)","background-image":"","background-repeat":"repeat","background-position":"center center","background-size":"auto","background-attachment":"scroll","background-type":"","background-media":"","overlay-type":"","overlay-color":"","overlay-opacity":"","overlay-gradient":""}},"ngg_post_thumbnail":0,"footnotes":""},"class_list":["post-893","page","type-page","status-publish","hentry"],"_links":{"self":[{"href":"https:\/\/www2.unifap.br\/matematica\/index.php?rest_route=\/wp\/v2\/pages\/893","targetHints":{"allow":["GET"]}}],"collection":[{"href":"https:\/\/www2.unifap.br\/matematica\/index.php?rest_route=\/wp\/v2\/pages"}],"about":[{"href":"https:\/\/www2.unifap.br\/matematica\/index.php?rest_route=\/wp\/v2\/types\/page"}],"author":[{"embeddable":true,"href":"https:\/\/www2.unifap.br\/matematica\/index.php?rest_route=\/wp\/v2\/users\/900"}],"replies":[{"embeddable":true,"href":"https:\/\/www2.unifap.br\/matematica\/index.php?rest_route=%2Fwp%2Fv2%2Fcomments&post=893"}],"version-history":[{"count":14,"href":"https:\/\/www2.unifap.br\/matematica\/index.php?rest_route=\/wp\/v2\/pages\/893\/revisions"}],"predecessor-version":[{"id":5766,"href":"https:\/\/www2.unifap.br\/matematica\/index.php?rest_route=\/wp\/v2\/pages\/893\/revisions\/5766"}],"up":[{"embeddable":true,"href":"https:\/\/www2.unifap.br\/matematica\/index.php?rest_route=\/wp\/v2\/pages\/9"}],"wp:attachment":[{"href":"https:\/\/www2.unifap.br\/matematica\/index.php?rest_route=%2Fwp%2Fv2%2Fmedia&parent=893"}],"curies":[{"name":"wp","href":"https:\/\/api.w.org\/{rel}","templated":true}]}}