{"id":9,"date":"2010-11-22T09:33:22","date_gmt":"2010-11-22T09:33:22","guid":{"rendered":"http:\/\/pororoca.unifap.br\/matematica\/"},"modified":"2023-10-26T19:12:16","modified_gmt":"2023-10-26T19:12:16","slug":"graduacao","status":"publish","type":"page","link":"https:\/\/www2.unifap.br\/matematica\/?page_id=9","title":{"rendered":"GRADUA\u00c7\u00c3O"},"content":{"rendered":"<ul>\n<li><a href=\"http:\/\/www2.unifap.br\/matematica\/?page_id=2756\">Processo Seletivo Diferenciado<\/a><\/li>\n<li><a href=\"http:\/\/www2.unifap.br\/matematica\/files\/2014\/01\/Grade-Curricular-Matem\u00e1tica-sem-Pr\u00e9-requisito.pdf\">Matriz Curricular Matem\u00e1tica<\/a><\/li>\n<li><a href=\"http:\/\/www2.unifap.br\/matematica\/?page_id=330\">Conte\u00fados Program\u00e1ticos das Disciplinas<\/a><\/li>\n<li><a href=\"http:\/\/www2.unifap.br\/matematica\/?page_id=1111\">Ementas da Grade Antiga &#8211; AT\u00c9 2007<\/a><\/li>\n<li><a href=\"http:\/\/www2.unifap.br\/matematica\/?page_id=889\">Regulamenta\u00e7\u00e3o Trabalho de conclus\u00e3o de curso<\/a><\/li>\n<li><a href=\"http:\/\/www2.unifap.br\/matematica\/?page_id=893\">Cola\u00e7\u00e3o de Grau<\/a><\/li>\n<li><a href=\"http:\/\/www2.unifap.br\/matematica\/?page_id=889\">TCC<\/a><\/li>\n<li><a href=\"http:\/\/www2.unifap.br\/matematica\/files\/2023\/10\/Requerimento_aproveitamento-de-credito.pdf\">Requerimento de Solicita\u00e7\u00e3o de Aproveitamento de Estudos<\/a><\/li>\n<\/ul>\n","protected":false},"excerpt":{"rendered":"<p>Processo Seletivo Diferenciado Matriz Curricular Matem\u00e1tica Conte\u00fados Program\u00e1ticos das Disciplinas Ementas da Grade Antiga &#8211; AT\u00c9 2007 Regulamenta\u00e7\u00e3o Trabalho de conclus\u00e3o de curso Cola\u00e7\u00e3o de Grau TCC Requerimento de Solicita\u00e7\u00e3o de Aproveitamento de Estudos<\/p>\n","protected":false},"author":363,"featured_media":0,"parent":0,"menu_order":2,"comment_status":"closed","ping_status":"closed","template":"","meta":{"inline_featured_image":false,"site-sidebar-layout":"default","site-content-layout":"","ast-site-content-layout":"default","site-content-style":"default","site-sidebar-style":"default","ast-global-header-display":"","ast-banner-title-visibility":"","ast-main-header-display":"","ast-hfb-above-header-display":"","ast-hfb-below-header-display":"","ast-hfb-mobile-header-display":"","site-post-title":"","ast-breadcrumbs-content":"","ast-featured-img":"","footer-sml-layout":"","theme-transparent-header-meta":"","adv-header-id-meta":"","stick-header-meta":"","header-above-stick-meta":"","header-main-stick-meta":"","header-below-stick-meta":"","astra-migrate-meta-layouts":"default","ast-page-background-enabled":"default","ast-page-background-meta":{"desktop":{"background-color":"var(--ast-global-color-4)","background-image":"","background-repeat":"repeat","background-position":"center center","background-size":"auto","background-attachment":"scroll","background-type":"","background-media":"","overlay-type":"","overlay-color":"","overlay-opacity":"","overlay-gradient":""},"tablet":{"background-color":"","background-image":"","background-repeat":"repeat","background-position":"center center","background-size":"auto","background-attachment":"scroll","background-type":"","background-media":"","overlay-type":"","overlay-color":"","overlay-opacity":"","overlay-gradient":""},"mobile":{"background-color":"","background-image":"","background-repeat":"repeat","background-position":"center center","background-size":"auto","background-attachment":"scroll","background-type":"","background-media":"","overlay-type":"","overlay-color":"","overlay-opacity":"","overlay-gradient":""}},"ast-content-background-meta":{"desktop":{"background-color":"var(--ast-global-color-5)","background-image":"","background-repeat":"repeat","background-position":"center center","background-size":"auto","background-attachment":"scroll","background-type":"","background-media":"","overlay-type":"","overlay-color":"","overlay-opacity":"","overlay-gradient":""},"tablet":{"background-color":"var(--ast-global-color-5)","background-image":"","background-repeat":"repeat","background-position":"center center","background-size":"auto","background-attachment":"scroll","background-type":"","background-media":"","overlay-type":"","overlay-color":"","overlay-opacity":"","overlay-gradient":""},"mobile":{"background-color":"var(--ast-global-color-5)","background-image":"","background-repeat":"repeat","background-position":"center center","background-size":"auto","background-attachment":"scroll","background-type":"","background-media":"","overlay-type":"","overlay-color":"","overlay-opacity":"","overlay-gradient":""}},"ngg_post_thumbnail":0,"footnotes":""},"class_list":["post-9","page","type-page","status-publish","hentry"],"_links":{"self":[{"href":"https:\/\/www2.unifap.br\/matematica\/index.php?rest_route=\/wp\/v2\/pages\/9","targetHints":{"allow":["GET"]}}],"collection":[{"href":"https:\/\/www2.unifap.br\/matematica\/index.php?rest_route=\/wp\/v2\/pages"}],"about":[{"href":"https:\/\/www2.unifap.br\/matematica\/index.php?rest_route=\/wp\/v2\/types\/page"}],"author":[{"embeddable":true,"href":"https:\/\/www2.unifap.br\/matematica\/index.php?rest_route=\/wp\/v2\/users\/363"}],"replies":[{"embeddable":true,"href":"https:\/\/www2.unifap.br\/matematica\/index.php?rest_route=%2Fwp%2Fv2%2Fcomments&post=9"}],"version-history":[{"count":9,"href":"https:\/\/www2.unifap.br\/matematica\/index.php?rest_route=\/wp\/v2\/pages\/9\/revisions"}],"predecessor-version":[{"id":5825,"href":"https:\/\/www2.unifap.br\/matematica\/index.php?rest_route=\/wp\/v2\/pages\/9\/revisions\/5825"}],"wp:attachment":[{"href":"https:\/\/www2.unifap.br\/matematica\/index.php?rest_route=%2Fwp%2Fv2%2Fmedia&parent=9"}],"curies":[{"name":"wp","href":"https:\/\/api.w.org\/{rel}","templated":true}]}}