{"id":149,"date":"2020-05-22T03:36:52","date_gmt":"2020-05-22T06:36:52","guid":{"rendered":"http:\/\/www2.unifap.br\/matematicaplicada\/?page_id=149"},"modified":"2020-05-23T21:17:06","modified_gmt":"2020-05-24T00:17:06","slug":"covid-19","status":"publish","type":"page","link":"https:\/\/www2.unifap.br\/matematicaplicada\/covid-19\/","title":{"rendered":"Covid-19"},"content":{"rendered":"\t\t<div data-elementor-type=\"wp-post\" data-elementor-id=\"149\" class=\"elementor elementor-149 elementor-bc-flex-widget\">\n\t\t\t\t\t\t<section class=\"elementor-section elementor-top-section elementor-element elementor-element-cb34ffc elementor-section-boxed elementor-section-height-default elementor-section-height-default\" data-id=\"cb34ffc\" data-element_type=\"section\" data-e-type=\"section\">\n\t\t\t\t\t\t<div class=\"elementor-container elementor-column-gap-default\">\n\t\t\t\t\t<div class=\"elementor-column elementor-col-100 elementor-top-column elementor-element elementor-element-1b0eab9\" data-id=\"1b0eab9\" data-element_type=\"column\" data-e-type=\"column\">\n\t\t\t<div class=\"elementor-widget-wrap elementor-element-populated\">\n\t\t\t\t\t\t<div class=\"elementor-element elementor-element-94d9608 elementor-widget elementor-widget-heading\" data-id=\"94d9608\" data-element_type=\"widget\" data-e-type=\"widget\" data-widget_type=\"heading.default\">\n\t\t\t\t<div class=\"elementor-widget-container\">\n\t\t\t\t\t<h2 class=\"elementor-heading-title elementor-size-default\">Monitoramento Preditivo do Covid-19 <b>\n3\/mai \u00e0 30\/mai<\/h2>\t\t\t\t<\/div>\n\t\t\t\t<\/div>\n\t\t\t\t\t<\/div>\n\t\t<\/div>\n\t\t\t\t\t<\/div>\n\t\t<\/section>\n\t\t\t\t<section class=\"elementor-section elementor-top-section elementor-element elementor-element-4edbdc2 elementor-section-boxed elementor-section-height-default elementor-section-height-default\" data-id=\"4edbdc2\" data-element_type=\"section\" data-e-type=\"section\">\n\t\t\t\t\t\t<div class=\"elementor-container elementor-column-gap-default\">\n\t\t\t\t\t<div class=\"elementor-column elementor-col-100 elementor-top-column elementor-element elementor-element-de625eb\" data-id=\"de625eb\" data-element_type=\"column\" data-e-type=\"column\">\n\t\t\t<div class=\"elementor-widget-wrap elementor-element-populated\">\n\t\t\t\t\t\t<div class=\"elementor-element elementor-element-8284b42 elementor-widget elementor-widget-text-editor\" data-id=\"8284b42\" data-element_type=\"widget\" data-e-type=\"widget\" data-widget_type=\"text-editor.default\">\n\t\t\t\t<div class=\"elementor-widget-container\">\n\t\t\t\t\t\t\t\t\t<p>A simula\u00e7\u00e3o do modelo vSIR\u00a0 exposta nas Figuras apresentam o intervalo de confian\u00e7a(IC) que define os limites inferior e superior dos valores simulados de modo a conferir 95% de probabilidade de incluir o valor real de casos preditivos.<\/p>\t\t\t\t\t\t\t\t<\/div>\n\t\t\t\t<\/div>\n\t\t\t\t\t<\/div>\n\t\t<\/div>\n\t\t\t\t\t<\/div>\n\t\t<\/section>\n\t\t\t\t<section class=\"elementor-section elementor-top-section elementor-element elementor-element-d9b07b5 elementor-section-boxed elementor-section-height-default elementor-section-height-default\" data-id=\"d9b07b5\" data-element_type=\"section\" data-e-type=\"section\">\n\t\t\t\t\t\t<div class=\"elementor-container elementor-column-gap-default\">\n\t\t\t\t\t<div class=\"elementor-column elementor-col-100 elementor-top-column elementor-element elementor-element-33974c3\" data-id=\"33974c3\" data-element_type=\"column\" data-e-type=\"column\">\n\t\t\t<div class=\"elementor-widget-wrap elementor-element-populated\">\n\t\t\t\t\t\t<div class=\"elementor-element elementor-element-7be6212 elementor-widget elementor-widget-heading\" data-id=\"7be6212\" data-element_type=\"widget\" data-e-type=\"widget\" data-widget_type=\"heading.default\">\n\t\t\t\t<div class=\"elementor-widget-container\">\n\t\t\t\t\t<h2 class=\"elementor-heading-title elementor-size-default\">Amap\u00e1<\/h2>\t\t\t\t<\/div>\n\t\t\t\t<\/div>\n\t\t\t\t\t<\/div>\n\t\t<\/div>\n\t\t\t\t\t<\/div>\n\t\t<\/section>\n\t\t\t\t<section class=\"elementor-section elementor-top-section elementor-element elementor-element-388e64e elementor-section-boxed elementor-section-height-default elementor-section-height-default\" data-id=\"388e64e\" data-element_type=\"section\" data-e-type=\"section\">\n\t\t\t\t\t\t<div class=\"elementor-container elementor-column-gap-default\">\n\t\t\t\t\t<div class=\"elementor-column elementor-col-100 elementor-top-column elementor-element elementor-element-7b3b5c3\" data-id=\"7b3b5c3\" data-element_type=\"column\" data-e-type=\"column\">\n\t\t\t<div class=\"elementor-widget-wrap elementor-element-populated\">\n\t\t\t\t\t\t<div class=\"elementor-element elementor-element-73028c6 elementor-widget elementor-widget-image\" data-id=\"73028c6\" data-element_type=\"widget\" data-e-type=\"widget\" data-widget_type=\"image.default\">\n\t\t\t\t<div class=\"elementor-widget-container\">\n\t\t\t\t\t\t\t\t\t\t\t\t\t\t\t<img fetchpriority=\"high\" decoding=\"async\" width=\"550\" height=\"272\" src=\"https:\/\/www2.unifap.br\/matematicaplicada\/files\/2020\/05\/Amapa1705-0306-1024x506.jpeg\" class=\"attachment-large size-large wp-image-180\" alt=\"\" srcset=\"https:\/\/www2.unifap.br\/matematicaplicada\/files\/2020\/05\/Amapa1705-0306-1024x506.jpeg 1024w, https:\/\/www2.unifap.br\/matematicaplicada\/files\/2020\/05\/Amapa1705-0306-300x148.jpeg 300w, https:\/\/www2.unifap.br\/matematicaplicada\/files\/2020\/05\/Amapa1705-0306-768x380.jpeg 768w, https:\/\/www2.unifap.br\/matematicaplicada\/files\/2020\/05\/Amapa1705-0306.jpeg 1280w\" sizes=\"(max-width: 550px) 100vw, 550px\" \/>\t\t\t\t\t\t\t\t\t\t\t\t\t\t\t<\/div>\n\t\t\t\t<\/div>\n\t\t\t\t\t<\/div>\n\t\t<\/div>\n\t\t\t\t\t<\/div>\n\t\t<\/section>\n\t\t\t\t<section class=\"elementor-section elementor-top-section elementor-element elementor-element-8bb1ea9 elementor-section-boxed elementor-section-height-default elementor-section-height-default\" data-id=\"8bb1ea9\" data-element_type=\"section\" data-e-type=\"section\">\n\t\t\t\t\t\t<div class=\"elementor-container elementor-column-gap-default\">\n\t\t\t\t\t<div class=\"elementor-column elementor-col-100 elementor-top-column elementor-element elementor-element-aa67064\" data-id=\"aa67064\" data-element_type=\"column\" data-e-type=\"column\">\n\t\t\t<div class=\"elementor-widget-wrap elementor-element-populated\">\n\t\t\t\t\t\t<div class=\"elementor-element elementor-element-fdc673b elementor-widget elementor-widget-text-editor\" data-id=\"fdc673b\" data-element_type=\"widget\" data-e-type=\"widget\" data-widget_type=\"text-editor.default\">\n\t\t\t\t<div class=\"elementor-widget-container\">\n\t\t\t\t\t\t\t\t\t<p>A \u00e1rea em verde que vai do dia 23.05 at\u00e9 o dia 29.05 representam datas em que o modelo t\u00eam maior efetividade na predi\u00e7\u00e3o, j\u00e1 a \u00e1rea vermelha representa as datas em que o modelo pode falhar na predi\u00e7\u00e3o caso n\u00e3o haja atualiza\u00e7\u00e3o de dados.<\/p>\t\t\t\t\t\t\t\t<\/div>\n\t\t\t\t<\/div>\n\t\t\t\t\t<\/div>\n\t\t<\/div>\n\t\t\t\t\t<\/div>\n\t\t<\/section>\n\t\t\t\t<section class=\"elementor-section elementor-top-section elementor-element elementor-element-1256980 elementor-section-boxed elementor-section-height-default elementor-section-height-default\" data-id=\"1256980\" data-element_type=\"section\" data-e-type=\"section\">\n\t\t\t\t\t\t<div class=\"elementor-container elementor-column-gap-default\">\n\t\t\t\t\t<div class=\"elementor-column elementor-col-100 elementor-top-column elementor-element elementor-element-cb6f417\" data-id=\"cb6f417\" data-element_type=\"column\" data-e-type=\"column\">\n\t\t\t<div class=\"elementor-widget-wrap elementor-element-populated\">\n\t\t\t\t\t\t<div class=\"elementor-element elementor-element-2b2d97e elementor-widget elementor-widget-heading\" data-id=\"2b2d97e\" data-element_type=\"widget\" data-e-type=\"widget\" data-widget_type=\"heading.default\">\n\t\t\t\t<div class=\"elementor-widget-container\">\n\t\t\t\t\t<h2 class=\"elementor-heading-title elementor-size-default\">Macap\u00e1<\/h2>\t\t\t\t<\/div>\n\t\t\t\t<\/div>\n\t\t\t\t\t<\/div>\n\t\t<\/div>\n\t\t\t\t\t<\/div>\n\t\t<\/section>\n\t\t\t\t<section class=\"elementor-section elementor-top-section elementor-element elementor-element-ea5f53c elementor-section-boxed elementor-section-height-default elementor-section-height-default\" data-id=\"ea5f53c\" data-element_type=\"section\" data-e-type=\"section\">\n\t\t\t\t\t\t<div class=\"elementor-container elementor-column-gap-default\">\n\t\t\t\t\t<div class=\"elementor-column elementor-col-100 elementor-top-column elementor-element elementor-element-a92b20c\" data-id=\"a92b20c\" data-element_type=\"column\" data-e-type=\"column\">\n\t\t\t<div class=\"elementor-widget-wrap elementor-element-populated\">\n\t\t\t\t\t\t<div class=\"elementor-element elementor-element-5e33043 elementor-widget elementor-widget-image\" data-id=\"5e33043\" data-element_type=\"widget\" data-e-type=\"widget\" data-widget_type=\"image.default\">\n\t\t\t\t<div class=\"elementor-widget-container\">\n\t\t\t\t\t\t\t\t\t\t\t\t\t\t\t<img decoding=\"async\" width=\"550\" height=\"274\" src=\"https:\/\/www2.unifap.br\/matematicaplicada\/files\/2020\/05\/Macapa2305-0306-1024x510.jpeg\" class=\"attachment-large size-large wp-image-184\" alt=\"\" srcset=\"https:\/\/www2.unifap.br\/matematicaplicada\/files\/2020\/05\/Macapa2305-0306-1024x510.jpeg 1024w, https:\/\/www2.unifap.br\/matematicaplicada\/files\/2020\/05\/Macapa2305-0306-300x149.jpeg 300w, https:\/\/www2.unifap.br\/matematicaplicada\/files\/2020\/05\/Macapa2305-0306-768x382.jpeg 768w, https:\/\/www2.unifap.br\/matematicaplicada\/files\/2020\/05\/Macapa2305-0306.jpeg 1280w\" sizes=\"(max-width: 550px) 100vw, 550px\" \/>\t\t\t\t\t\t\t\t\t\t\t\t\t\t\t<\/div>\n\t\t\t\t<\/div>\n\t\t\t\t\t<\/div>\n\t\t<\/div>\n\t\t\t\t\t<\/div>\n\t\t<\/section>\n\t\t\t\t<section class=\"elementor-section elementor-top-section elementor-element elementor-element-3174581 elementor-section-boxed elementor-section-height-default elementor-section-height-default\" data-id=\"3174581\" data-element_type=\"section\" data-e-type=\"section\">\n\t\t\t\t\t\t<div class=\"elementor-container elementor-column-gap-default\">\n\t\t\t\t\t<div class=\"elementor-column elementor-col-100 elementor-top-column elementor-element elementor-element-09d3eeb\" data-id=\"09d3eeb\" data-element_type=\"column\" data-e-type=\"column\">\n\t\t\t<div class=\"elementor-widget-wrap elementor-element-populated\">\n\t\t\t\t\t\t<div class=\"elementor-element elementor-element-fece358 elementor-widget elementor-widget-heading\" data-id=\"fece358\" data-element_type=\"widget\" data-e-type=\"widget\" data-widget_type=\"heading.default\">\n\t\t\t\t<div class=\"elementor-widget-container\">\n\t\t\t\t\t<h2 class=\"elementor-heading-title elementor-size-default\">Santana<\/h2>\t\t\t\t<\/div>\n\t\t\t\t<\/div>\n\t\t\t\t\t<\/div>\n\t\t<\/div>\n\t\t\t\t\t<\/div>\n\t\t<\/section>\n\t\t\t\t<section class=\"elementor-section elementor-top-section elementor-element elementor-element-1d3c956 elementor-section-boxed elementor-section-height-default elementor-section-height-default\" data-id=\"1d3c956\" data-element_type=\"section\" data-e-type=\"section\">\n\t\t\t\t\t\t<div class=\"elementor-container elementor-column-gap-default\">\n\t\t\t\t\t<div class=\"elementor-column elementor-col-100 elementor-top-column elementor-element elementor-element-8e58258\" data-id=\"8e58258\" data-element_type=\"column\" data-e-type=\"column\">\n\t\t\t<div class=\"elementor-widget-wrap elementor-element-populated\">\n\t\t\t\t\t\t<div class=\"elementor-element elementor-element-9f7e001 elementor-widget elementor-widget-image\" data-id=\"9f7e001\" data-element_type=\"widget\" data-e-type=\"widget\" data-widget_type=\"image.default\">\n\t\t\t\t<div class=\"elementor-widget-container\">\n\t\t\t\t\t\t\t\t\t\t\t\t\t\t\t<img decoding=\"async\" width=\"550\" height=\"276\" src=\"https:\/\/www2.unifap.br\/matematicaplicada\/files\/2020\/05\/Santana0905-0306-1024x513.jpeg\" class=\"attachment-large size-large wp-image-183\" alt=\"\" srcset=\"https:\/\/www2.unifap.br\/matematicaplicada\/files\/2020\/05\/Santana0905-0306-1024x513.jpeg 1024w, https:\/\/www2.unifap.br\/matematicaplicada\/files\/2020\/05\/Santana0905-0306-300x150.jpeg 300w, https:\/\/www2.unifap.br\/matematicaplicada\/files\/2020\/05\/Santana0905-0306-768x385.jpeg 768w, https:\/\/www2.unifap.br\/matematicaplicada\/files\/2020\/05\/Santana0905-0306.jpeg 1280w\" sizes=\"(max-width: 550px) 100vw, 550px\" \/>\t\t\t\t\t\t\t\t\t\t\t\t\t\t\t<\/div>\n\t\t\t\t<\/div>\n\t\t\t\t\t<\/div>\n\t\t<\/div>\n\t\t\t\t\t<\/div>\n\t\t<\/section>\n\t\t\t\t<\/div>\n\t\t","protected":false},"excerpt":{"rendered":"<p>Monitoramento Preditivo do Covid-19 3\/mai \u00e0 30\/mai A simula\u00e7\u00e3o do modelo vSIR\u00a0 exposta nas Figuras apresentam o intervalo de confian\u00e7a(IC) que define os limites inferior e superior dos valores simulados de modo a conferir 95% de probabilidade de incluir o valor real de casos preditivos. Amap\u00e1 A \u00e1rea em verde que vai do dia 23.05&hellip;<\/p>\n","protected":false},"author":844,"featured_media":0,"parent":0,"menu_order":0,"comment_status":"closed","ping_status":"closed","template":"","meta":{"inline_featured_image":false,"ngg_post_thumbnail":0,"footnotes":""},"class_list":["post-149","page","type-page","status-publish","hentry"],"_links":{"self":[{"href":"https:\/\/www2.unifap.br\/matematicaplicada\/wp-json\/wp\/v2\/pages\/149","targetHints":{"allow":["GET"]}}],"collection":[{"href":"https:\/\/www2.unifap.br\/matematicaplicada\/wp-json\/wp\/v2\/pages"}],"about":[{"href":"https:\/\/www2.unifap.br\/matematicaplicada\/wp-json\/wp\/v2\/types\/page"}],"author":[{"embeddable":true,"href":"https:\/\/www2.unifap.br\/matematicaplicada\/wp-json\/wp\/v2\/users\/844"}],"replies":[{"embeddable":true,"href":"https:\/\/www2.unifap.br\/matematicaplicada\/wp-json\/wp\/v2\/comments?post=149"}],"version-history":[{"count":12,"href":"https:\/\/www2.unifap.br\/matematicaplicada\/wp-json\/wp\/v2\/pages\/149\/revisions"}],"predecessor-version":[{"id":187,"href":"https:\/\/www2.unifap.br\/matematicaplicada\/wp-json\/wp\/v2\/pages\/149\/revisions\/187"}],"wp:attachment":[{"href":"https:\/\/www2.unifap.br\/matematicaplicada\/wp-json\/wp\/v2\/media?parent=149"}],"curies":[{"name":"wp","href":"https:\/\/api.w.org\/{rel}","templated":true}]}}