{"id":2,"date":"2019-12-11T10:47:07","date_gmt":"2019-12-11T12:47:07","guid":{"rendered":"http:\/\/www2.unifap.br\/matematicaplicada\/?page_id=2"},"modified":"2020-05-22T08:53:07","modified_gmt":"2020-05-22T11:53:07","slug":"modelo","status":"publish","type":"page","link":"https:\/\/www2.unifap.br\/matematicaplicada\/modelo\/","title":{"rendered":"Modelo"},"content":{"rendered":"\t\t<div data-elementor-type=\"wp-post\" data-elementor-id=\"2\" class=\"elementor elementor-2 elementor-bc-flex-widget\">\n\t\t\t\t\t\t<section class=\"elementor-section elementor-top-section elementor-element elementor-element-4fad742 elementor-section-boxed elementor-section-height-default elementor-section-height-default\" data-id=\"4fad742\" data-element_type=\"section\" data-e-type=\"section\">\n\t\t\t\t\t\t<div class=\"elementor-container elementor-column-gap-default\">\n\t\t\t\t\t<div class=\"elementor-column elementor-col-100 elementor-top-column elementor-element elementor-element-4fbbd14\" data-id=\"4fbbd14\" data-element_type=\"column\" data-e-type=\"column\">\n\t\t\t<div class=\"elementor-widget-wrap elementor-element-populated\">\n\t\t\t\t\t\t<div class=\"elementor-element elementor-element-3421da6 elementor-widget elementor-widget-heading\" data-id=\"3421da6\" data-element_type=\"widget\" data-e-type=\"widget\" data-widget_type=\"heading.default\">\n\t\t\t\t<div class=\"elementor-widget-container\">\n\t\t\t\t\t<h4 class=\"elementor-heading-title elementor-size-default\">Modelo SIR<\/h4>\t\t\t\t<\/div>\n\t\t\t\t<\/div>\n\t\t\t\t\t<\/div>\n\t\t<\/div>\n\t\t\t\t\t<\/div>\n\t\t<\/section>\n\t\t\t\t<section class=\"elementor-section elementor-top-section elementor-element elementor-element-725ecd1 elementor-section-boxed elementor-section-height-default elementor-section-height-default\" data-id=\"725ecd1\" data-element_type=\"section\" data-e-type=\"section\" data-settings=\"{&quot;shape_divider_top&quot;:&quot;curve-asymmetrical&quot;}\">\n\t\t\t\t\t<div class=\"elementor-shape elementor-shape-top\" aria-hidden=\"true\" data-negative=\"false\">\n\t\t\t<svg xmlns=\"http:\/\/www.w3.org\/2000\/svg\" viewBox=\"0 0 1000 100\" preserveAspectRatio=\"none\">\n\t<path class=\"elementor-shape-fill\" d=\"M0,0c0,0,0,6,0,6.7c0,18,240.2,93.6,615.2,92.6C989.8,98.5,1000,25,1000,6.7c0-0.7,0-6.7,0-6.7H0z\"\/>\n<\/svg>\t\t<\/div>\n\t\t\t\t\t<div class=\"elementor-container elementor-column-gap-default\">\n\t\t\t\t\t<div class=\"elementor-column elementor-col-100 elementor-top-column elementor-element elementor-element-c321fcd\" data-id=\"c321fcd\" data-element_type=\"column\" data-e-type=\"column\">\n\t\t\t<div class=\"elementor-widget-wrap elementor-element-populated\">\n\t\t\t\t\t\t<div class=\"elementor-element elementor-element-e03a44a elementor-widget elementor-widget-text-editor\" data-id=\"e03a44a\" data-element_type=\"widget\" data-e-type=\"widget\" data-widget_type=\"text-editor.default\">\n\t\t\t\t<div class=\"elementor-widget-container\">\n\t\t\t\t\t\t\t\t\t<p>O Modelo epidemiol\u00f3gico SIR proposto por Kermack e McKendrick em 1927 (HETHCOTE, 2000) \u00e9 um dos modelos cl\u00e1ssicos utilizado para a descri\u00e7\u00e3o da evolu\u00e7\u00e3o do processo de cont\u00e1gio de doen\u00e7as infecciosas. Este modelo composto por equa\u00e7\u00f5es diferenciais emprega a estrat\u00e9gia de compartimentos e divide, em rela\u00e7\u00e3o a doen\u00e7a, a popula\u00e7\u00e3o em indiv\u00edduos\u00a0 que podem contrair, indiv\u00edduos que podem transmitir e indiv\u00edduos que se recuperaram e n\u00e3o est\u00e3o sujeitos a nova contamina\u00e7\u00e3o denominados suscet\u00edveis <em>(S)<\/em>, infectados <em>(I)<\/em> e recuperados <em>(R)<\/em> respectivamente.<\/p><p>Matematicamente, um modelo SIR pode ser representado usando as seguintes equa\u00e7\u00f5es diferenciais:<\/p><table width=\"0\"><tbody><tr><td width=\"524\"><img decoding=\"async\" class=\"alignnone size-full wp-image-85\" src=\"http:\/\/www2.unifap.br\/matematicaplicada\/files\/2020\/05\/frml1_reserva.png\" alt=\"\" width=\"200\" height=\"150\" \/><\/td><td width=\"76\"><p>01<\/p><\/td><\/tr><\/tbody><\/table><p>onde <em>\u03b2 <\/em>\u00e9 a taxa de transmiss\u00e3o da doen\u00e7a, <em>\u03b3<\/em> \u00e9 a taxa de recupera\u00e7\u00e3o dos indiv\u00edduos, ambos s\u00e3o par\u00e2metros positivos e caracter\u00edsticos dos dados em an\u00e1lise.<\/p><p>Visando otimizar e estimar estes par\u00e2metros para que os casos relatados e simulados sejam aproximadamente iguais, s\u00e3o usados valores iniciais para as vari\u00e1veis de tr\u00eas estados \ud835\udc46(0), \ud835\udc3c(0) e\u00a0 \ud835\udc45(0).<\/p><p>O valor inicial \ud835\udc46(0) \u00e9 a comunidade popula\u00e7\u00e3o afetada pelo surto , enquanto, \ud835\udc3c(0) \u00e9 o n\u00famero de casos confirmados que podem ter qualquer valor, mas n\u00e3o zero. Podemos definir \ud835\udc45(0) a zero se os hor\u00e1rios de in\u00edcio do spread e simula\u00e7\u00e3o s\u00e3o iguais. A taxa de transmiss\u00e3o reduz monotonicamente com o tempo (HARKO, 2014).<\/p><p>Resolvendo o sistema (1) determinamos a fun\u00e7\u00e3o solu\u00e7\u00e3o para a popula\u00e7\u00e3o de suscet\u00edveis e obtemos (BATISTA, 2020).<\/p><table width=\"0\"><tbody><tr><td width=\"535\"><img decoding=\"async\" class=\"alignnone size-medium wp-image-56\" src=\"http:\/\/www2.unifap.br\/matematicaplicada\/files\/2020\/05\/frml_2-300x78.jpg\" alt=\"\" width=\"300\" height=\"78\" srcset=\"https:\/\/www2.unifap.br\/matematicaplicada\/files\/2020\/05\/frml_2-300x78.jpg 300w, https:\/\/www2.unifap.br\/matematicaplicada\/files\/2020\/05\/frml_2.jpg 306w\" sizes=\"(max-width: 300px) 100vw, 300px\" \/><\/td><td width=\"65\"><p>02<\/p><\/td><\/tr><\/tbody><\/table><p>Dentre os par\u00e2metros relevantes usados em modelos epidemiol\u00f3gicos como o SIR est\u00e1 a reprodutibilidade basal que \u00e9 fornecida por <em>R<sub>0<\/sub><\/em> (conhecida como taxa de reprodu\u00e7\u00e3o) definida por <em>R<sub>0 <\/sub><\/em>= <em>\u03b2\/\u03b3<\/em>. A taxa <em>R<sub>0<\/sub><\/em> \u00e9 afetada, dentre v\u00e1rios fatores, pelo n\u00famero de pessoas suscet\u00edveis na popula\u00e7\u00e3o com as quais os pacientes afetados est\u00e3o em contato podendo ser descrita como o n\u00famero m\u00e9dio de pessoas que s\u00e3o infectadas por um \u00fanico indiv\u00edduo (DELAMATER et al, 2019).<\/p><p>Segundo Ghani e Fergunson (2020), o valor de <em>R<sub>0<\/sub><\/em> para o COVID-19 tem variado entre 1 e 7 (mais precisamente 1.1 a 6.95) ao longo do desenvolvimento da epidemia. Conforme indicado por Delamater et al (2019), um <em>R<sub>0<\/sub><\/em> &lt; 1 demonstra que o n\u00famero de infectados decresce com o tempo e a epidemia tende a se erradicar, para valores de <em>R<sub>0<\/sub><\/em> &gt; 1 tem-se que a epidemia deve persistir na popula\u00e7\u00e3o por um longo prazo.<\/p><p>Assim, tomando o limite quando t tende ao infinito, o n\u00famero de pessoas suscet\u00edveis obtidos \u00e9:<\/p><table width=\"0\"><tbody><tr><td width=\"535\"><img decoding=\"async\" class=\"alignnone size-medium wp-image-57\" src=\"http:\/\/www2.unifap.br\/matematicaplicada\/files\/2020\/05\/frml_3-300x71.png\" alt=\"\" width=\"300\" height=\"71\" srcset=\"https:\/\/www2.unifap.br\/matematicaplicada\/files\/2020\/05\/frml_3-300x71.png 300w, https:\/\/www2.unifap.br\/matematicaplicada\/files\/2020\/05\/frml_3.png 337w\" sizes=\"(max-width: 300px) 100vw, 300px\" \/><\/td><td width=\"65\"><p>03<\/p><\/td><\/tr><\/tbody><\/table><p>onde \u00e9 a quantidade final de recuperados. Considerando que a quantidade final de infectados seja zero, tem-se:<\/p><table width=\"0\"><tbody><tr><td width=\"535\"><img loading=\"lazy\" decoding=\"async\" class=\"alignnone size-full wp-image-58\" src=\"http:\/\/www2.unifap.br\/matematicaplicada\/files\/2020\/05\/frml_4.jpg\" alt=\"\" width=\"165\" height=\"39\" \/><\/td><td width=\"65\"><p>04<\/p><\/td><\/tr><\/tbody><\/table><p>De (03) obtemos<\/p><table width=\"0\"><tbody><tr><td width=\"535\"><img loading=\"lazy\" decoding=\"async\" class=\"alignnone size-medium wp-image-59\" src=\"http:\/\/www2.unifap.br\/matematicaplicada\/files\/2020\/05\/frml_5-300x58.png\" alt=\"\" width=\"300\" height=\"58\" srcset=\"https:\/\/www2.unifap.br\/matematicaplicada\/files\/2020\/05\/frml_5-300x58.png 300w, https:\/\/www2.unifap.br\/matematicaplicada\/files\/2020\/05\/frml_5.png 386w\" sizes=\"(max-width: 300px) 100vw, 300px\" \/><\/td><td width=\"65\"><p>05<\/p><\/td><\/tr><\/tbody><\/table><p>\u00a0\u00a0\u00a0\u00a0\u00a0\u00a0\u00a0\u00a0\u00a0\u00a0\u00a0 Assumindo que os dados dispon\u00edveis s\u00e3o uma s\u00e9rie temporal do n\u00famero total de casos <em>C = R + I,<\/em> os par\u00e2metros e os valores iniciais s\u00e3o definidos pela minimiza\u00e7\u00e3o da diferen\u00e7a entre os valores atuais e os n\u00fameros de casos calculados<span style=\"text-decoration: line-through;\">:<\/span><\/p><table width=\"0\"><tbody><tr><td width=\"535\"><img loading=\"lazy\" decoding=\"async\" class=\"alignnone size-full wp-image-60\" src=\"http:\/\/www2.unifap.br\/matematicaplicada\/files\/2020\/05\/frml_6.png\" alt=\"\" width=\"289\" height=\"54\" \/><\/td><td width=\"65\"><p>06<\/p><\/td><\/tr><\/tbody><\/table><p>onde <em>C<sub>t <\/sub>= (C<sub>1<\/sub>,C<sub>2<\/sub>,&#8230;,C<sub>n<\/sub>)<\/em> \u00e9 o n\u00famero de casos no instante <em>t = 1,2,&#8230;,n<\/em> e o vetor <strong>\u00a0<\/strong>corresponde aos valores estimados nos mesmos instantes de tempo dos valores informados. A minimiza\u00e7\u00e3o em quest\u00e3o foi obtida pela fun\u00e7\u00e3o <em>fminsearch<\/em> do MATLAB conforme Batista (2020).<\/p><p>Ressaltamos que na abordagem supracitada h\u00e1 tr\u00eas par\u00e2metros a serem estimados, nomeadamente {<em>\u03b2, \u03b3, N<\/em>} onde <em>N<\/em> \u00e9 o tamanho efetivo da popula\u00e7\u00e3o. Denotamos tal variante pela sigla vSIR para diferenciar do modelo SIR padr\u00e3o onde <em>N<\/em> \u00e9 o tamanho total da popula\u00e7\u00e3o que \u00e9 uma quantidade definida a priori. Computacionalmente, a solu\u00e7\u00e3o num\u00e9rica do sistema de equa\u00e7\u00f5es vSIR \u00e9 implementada com o software MATLAB empregando-se o m\u00e9todo expl\u00edcito de Runge-Kutta de quarta ordem (BATISTA, 2020).<\/p><p>Todas as an\u00e1lises com o modelo matem\u00e1tico deste estudo foram realizadas com os dados de casos confirmados de covid-19 para o Estado do Amap\u00e1, disponibilizados pela Secretaria Estadual de Sa\u00fade do Estado e o Minist\u00e9rio da Sa\u00fade do Brasil, ambos online, tratando-se de dados secund\u00e1rios, por esta raz\u00e3o, foi dispens\u00e1vel o registro da pesquisa em comit\u00ea de \u00e9tica.<\/p>\t\t\t\t\t\t\t\t<\/div>\n\t\t\t\t<\/div>\n\t\t\t\t\t<\/div>\n\t\t<\/div>\n\t\t\t\t\t<\/div>\n\t\t<\/section>\n\t\t\t\t<section class=\"elementor-section elementor-top-section elementor-element elementor-element-f81b82c elementor-section-boxed elementor-section-height-default elementor-section-height-default\" data-id=\"f81b82c\" data-element_type=\"section\" data-e-type=\"section\">\n\t\t\t\t\t\t<div class=\"elementor-container elementor-column-gap-default\">\n\t\t\t\t\t<div class=\"elementor-column elementor-col-100 elementor-top-column elementor-element elementor-element-6c99659\" data-id=\"6c99659\" data-element_type=\"column\" data-e-type=\"column\">\n\t\t\t<div class=\"elementor-widget-wrap elementor-element-populated\">\n\t\t\t\t\t\t<div class=\"elementor-element elementor-element-3cd2195 elementor-widget elementor-widget-text-editor\" data-id=\"3cd2195\" data-element_type=\"widget\" data-e-type=\"widget\" data-widget_type=\"text-editor.default\">\n\t\t\t\t<div class=\"elementor-widget-container\">\n\t\t\t\t\t\t\t\t\t<p><strong>AVALIA\u00c7\u00c3O DA CURVA DE CASOS ACUMULADOS DE COVID-19 NO AMAP\u00c1<\/strong><\/p><p><strong>\u00a0<\/strong><\/p><p>A s\u00e9rie temporal com os casos confirmados de covid-19 para o Estado do Amap\u00e1 pertence ao recorte de 25 de mar\u00e7o \u00e0 12 de maio. Neste per\u00edodo, o referido Estado apresentava a seguinte evolu\u00e7\u00e3o de indiv\u00edduos testados positivos, mortalidade e recuperados:<\/p><p><strong>Figura 2<\/strong> Casos confirmados de covid-19 (A). Evolu\u00e7\u00e3o da mortalidade (B). Casos recuperados (C).<\/p>\t\t\t\t\t\t\t\t<\/div>\n\t\t\t\t<\/div>\n\t\t\t\t\t<\/div>\n\t\t<\/div>\n\t\t\t\t\t<\/div>\n\t\t<\/section>\n\t\t\t\t<section class=\"elementor-section elementor-top-section elementor-element elementor-element-bc5bf7a elementor-section-boxed elementor-section-height-default elementor-section-height-default\" data-id=\"bc5bf7a\" data-element_type=\"section\" data-e-type=\"section\">\n\t\t\t\t\t\t<div class=\"elementor-container elementor-column-gap-default\">\n\t\t\t\t\t<div class=\"elementor-column elementor-col-100 elementor-top-column elementor-element elementor-element-f802902\" data-id=\"f802902\" data-element_type=\"column\" data-e-type=\"column\">\n\t\t\t<div class=\"elementor-widget-wrap elementor-element-populated\">\n\t\t\t\t\t\t<div class=\"elementor-element elementor-element-6f2bf85 elementor-widget elementor-widget-image\" data-id=\"6f2bf85\" data-element_type=\"widget\" data-e-type=\"widget\" data-widget_type=\"image.default\">\n\t\t\t\t<div class=\"elementor-widget-container\">\n\t\t\t\t\t\t\t\t\t\t\t\t\t\t\t<img loading=\"lazy\" decoding=\"async\" width=\"844\" height=\"293\" src=\"https:\/\/www2.unifap.br\/matematicaplicada\/files\/2020\/05\/evolucaoCasos.png\" class=\"attachment-full size-full wp-image-41\" alt=\"\" srcset=\"https:\/\/www2.unifap.br\/matematicaplicada\/files\/2020\/05\/evolucaoCasos.png 844w, https:\/\/www2.unifap.br\/matematicaplicada\/files\/2020\/05\/evolucaoCasos-300x104.png 300w, https:\/\/www2.unifap.br\/matematicaplicada\/files\/2020\/05\/evolucaoCasos-768x267.png 768w\" sizes=\"(max-width: 844px) 100vw, 844px\" \/>\t\t\t\t\t\t\t\t\t\t\t\t\t\t\t<\/div>\n\t\t\t\t<\/div>\n\t\t\t\t\t<\/div>\n\t\t<\/div>\n\t\t\t\t\t<\/div>\n\t\t<\/section>\n\t\t\t\t<\/div>\n\t\t","protected":false},"excerpt":{"rendered":"<p>Modelo SIR O Modelo epidemiol\u00f3gico SIR proposto por Kermack e McKendrick em 1927 (HETHCOTE, 2000) \u00e9 um dos modelos cl\u00e1ssicos utilizado para a descri\u00e7\u00e3o da evolu\u00e7\u00e3o do processo de cont\u00e1gio de doen\u00e7as infecciosas. Este modelo composto por equa\u00e7\u00f5es diferenciais emprega a estrat\u00e9gia de compartimentos e divide, em rela\u00e7\u00e3o a doen\u00e7a, a popula\u00e7\u00e3o em indiv\u00edduos\u00a0 que&hellip;<\/p>\n","protected":false},"author":926,"featured_media":0,"parent":0,"menu_order":0,"comment_status":"closed","ping_status":"open","template":"","meta":{"inline_featured_image":false,"ngg_post_thumbnail":0,"footnotes":""},"class_list":["post-2","page","type-page","status-publish","hentry"],"_links":{"self":[{"href":"https:\/\/www2.unifap.br\/matematicaplicada\/wp-json\/wp\/v2\/pages\/2","targetHints":{"allow":["GET"]}}],"collection":[{"href":"https:\/\/www2.unifap.br\/matematicaplicada\/wp-json\/wp\/v2\/pages"}],"about":[{"href":"https:\/\/www2.unifap.br\/matematicaplicada\/wp-json\/wp\/v2\/types\/page"}],"author":[{"embeddable":true,"href":"https:\/\/www2.unifap.br\/matematicaplicada\/wp-json\/wp\/v2\/users\/926"}],"replies":[{"embeddable":true,"href":"https:\/\/www2.unifap.br\/matematicaplicada\/wp-json\/wp\/v2\/comments?post=2"}],"version-history":[{"count":34,"href":"https:\/\/www2.unifap.br\/matematicaplicada\/wp-json\/wp\/v2\/pages\/2\/revisions"}],"predecessor-version":[{"id":164,"href":"https:\/\/www2.unifap.br\/matematicaplicada\/wp-json\/wp\/v2\/pages\/2\/revisions\/164"}],"wp:attachment":[{"href":"https:\/\/www2.unifap.br\/matematicaplicada\/wp-json\/wp\/v2\/media?parent=2"}],"curies":[{"name":"wp","href":"https:\/\/api.w.org\/{rel}","templated":true}]}}