{"id":89,"date":"2020-05-21T23:21:36","date_gmt":"2020-05-22T02:21:36","guid":{"rendered":"http:\/\/www2.unifap.br\/matematicaplicada\/?page_id=89"},"modified":"2020-05-22T03:42:05","modified_gmt":"2020-05-22T06:42:05","slug":"indice-de-isolamento-e-seus-impactos","status":"publish","type":"page","link":"https:\/\/www2.unifap.br\/matematicaplicada\/indice-de-isolamento-e-seus-impactos\/","title":{"rendered":"Indice de Isolamento e seus impactos"},"content":{"rendered":"\t\t<div data-elementor-type=\"wp-post\" data-elementor-id=\"89\" class=\"elementor elementor-89 elementor-bc-flex-widget\">\n\t\t\t\t\t\t<section class=\"elementor-section elementor-top-section elementor-element elementor-element-7aa95c9 elementor-section-boxed elementor-section-height-default elementor-section-height-default\" data-id=\"7aa95c9\" data-element_type=\"section\" data-e-type=\"section\">\n\t\t\t\t\t\t<div class=\"elementor-container elementor-column-gap-default\">\n\t\t\t\t\t<div class=\"elementor-column elementor-col-100 elementor-top-column elementor-element elementor-element-5db0494\" data-id=\"5db0494\" data-element_type=\"column\" data-e-type=\"column\">\n\t\t\t<div class=\"elementor-widget-wrap elementor-element-populated\">\n\t\t\t\t\t\t\t<\/div>\n\t\t<\/div>\n\t\t\t\t\t<\/div>\n\t\t<\/section>\n\t\t\t\t<section class=\"elementor-section elementor-top-section elementor-element elementor-element-c9db439 elementor-section-boxed elementor-section-height-default elementor-section-height-default\" data-id=\"c9db439\" data-element_type=\"section\" data-e-type=\"section\">\n\t\t\t\t\t\t<div class=\"elementor-container elementor-column-gap-default\">\n\t\t\t\t\t<div class=\"elementor-column elementor-col-100 elementor-top-column elementor-element elementor-element-3c5df7a\" data-id=\"3c5df7a\" data-element_type=\"column\" data-e-type=\"column\">\n\t\t\t<div class=\"elementor-widget-wrap elementor-element-populated\">\n\t\t\t\t\t\t<div class=\"elementor-element elementor-element-b6caf48 elementor-widget elementor-widget-text-editor\" data-id=\"b6caf48\" data-element_type=\"widget\" data-e-type=\"widget\" data-widget_type=\"text-editor.default\">\n\t\t\t\t<div class=\"elementor-widget-container\">\n\t\t\t\t\t\t\t\t\t<p>A velocidade de propaga\u00e7\u00e3o da epidemia no Estado do Amap\u00e1 foi estimada por meio do R0.\u00a0\u00a0<\/p><p>O n\u00famero b\u00e1sico de reprodu\u00e7\u00e3o R0 representa as intera\u00e7\u00f5es secund\u00e1rias que indiv\u00edduos infecciosos possuem com indiv\u00edduos suscet\u00edveis, ele mede o qu\u00e3o contagioso \u00e9 a epidemia, indica o n\u00famero m\u00e9dio de outras pessoas que uma pessoa infectada ir\u00e1 contagiar (LIU, 2020; ALIMOHAMADI, 2020). Para avalia\u00e7\u00e3o de uma epidemia temos as seguintes condi\u00e7\u00f5es: &#8211; Se R0 &gt; 1 a epidemia se expande; &#8211; Se R0 &lt; 1 a epidemia est\u00e1 controlada e ir\u00e1 se extinguir.<\/p>\t\t\t\t\t\t\t\t<\/div>\n\t\t\t\t<\/div>\n\t\t\t\t\t<\/div>\n\t\t<\/div>\n\t\t\t\t\t<\/div>\n\t\t<\/section>\n\t\t\t\t<section class=\"elementor-section elementor-top-section elementor-element elementor-element-84b9d84 elementor-section-boxed elementor-section-height-default elementor-section-height-default\" data-id=\"84b9d84\" data-element_type=\"section\" data-e-type=\"section\">\n\t\t\t\t\t\t<div class=\"elementor-container elementor-column-gap-default\">\n\t\t\t\t\t<div class=\"elementor-column elementor-col-100 elementor-top-column elementor-element elementor-element-8c72250\" data-id=\"8c72250\" data-element_type=\"column\" data-e-type=\"column\">\n\t\t\t<div class=\"elementor-widget-wrap elementor-element-populated\">\n\t\t\t\t\t\t<div class=\"elementor-element elementor-element-855d9b1 elementor-widget elementor-widget-heading\" data-id=\"855d9b1\" data-element_type=\"widget\" data-e-type=\"widget\" data-widget_type=\"heading.default\">\n\t\t\t\t<div class=\"elementor-widget-container\">\n\t\t\t\t\t<h2 class=\"elementor-heading-title elementor-size-default\">Evolu\u00e7\u00e3o Temporal de R0 no Amap\u00e1 de  <br>\n22\/04 a 21\/05<\/h2>\t\t\t\t<\/div>\n\t\t\t\t<\/div>\n\t\t\t\t\t<\/div>\n\t\t<\/div>\n\t\t\t\t\t<\/div>\n\t\t<\/section>\n\t\t\t\t<section class=\"elementor-section elementor-top-section elementor-element elementor-element-627913f elementor-section-boxed elementor-section-height-default elementor-section-height-default\" data-id=\"627913f\" data-element_type=\"section\" data-e-type=\"section\">\n\t\t\t\t\t\t<div class=\"elementor-container elementor-column-gap-default\">\n\t\t\t\t\t<div class=\"elementor-column elementor-col-100 elementor-top-column elementor-element elementor-element-b6bd179\" data-id=\"b6bd179\" data-element_type=\"column\" data-e-type=\"column\">\n\t\t\t<div class=\"elementor-widget-wrap elementor-element-populated\">\n\t\t\t\t\t\t<div class=\"elementor-element elementor-element-3369b9c elementor-widget elementor-widget-image\" data-id=\"3369b9c\" data-element_type=\"widget\" data-e-type=\"widget\" data-widget_type=\"image.default\">\n\t\t\t\t<div class=\"elementor-widget-container\">\n\t\t\t\t\t\t\t\t\t\t\t\t\t\t\t<img fetchpriority=\"high\" decoding=\"async\" width=\"550\" height=\"241\" src=\"https:\/\/www2.unifap.br\/matematicaplicada\/files\/2020\/05\/R0Amap\u00e12105.jpeg\" class=\"attachment-large size-large wp-image-153\" alt=\"\" srcset=\"https:\/\/www2.unifap.br\/matematicaplicada\/files\/2020\/05\/R0Amap\u00e12105.jpeg 590w, https:\/\/www2.unifap.br\/matematicaplicada\/files\/2020\/05\/R0Amap\u00e12105-300x132.jpeg 300w\" sizes=\"(max-width: 550px) 100vw, 550px\" \/>\t\t\t\t\t\t\t\t\t\t\t\t\t\t\t<\/div>\n\t\t\t\t<\/div>\n\t\t\t\t\t<\/div>\n\t\t<\/div>\n\t\t\t\t\t<\/div>\n\t\t<\/section>\n\t\t\t\t<section class=\"elementor-section elementor-top-section elementor-element elementor-element-4b748ae elementor-section-boxed elementor-section-height-default elementor-section-height-default\" data-id=\"4b748ae\" data-element_type=\"section\" data-e-type=\"section\">\n\t\t\t\t\t\t<div class=\"elementor-container elementor-column-gap-default\">\n\t\t\t\t\t<div class=\"elementor-column elementor-col-100 elementor-top-column elementor-element elementor-element-294f58d\" data-id=\"294f58d\" data-element_type=\"column\" data-e-type=\"column\">\n\t\t\t<div class=\"elementor-widget-wrap elementor-element-populated\">\n\t\t\t\t\t\t<div class=\"elementor-element elementor-element-84665dc elementor-widget elementor-widget-heading\" data-id=\"84665dc\" data-element_type=\"widget\" data-e-type=\"widget\" data-widget_type=\"heading.default\">\n\t\t\t\t<div class=\"elementor-widget-container\">\n\t\t\t\t\t<h2 class=\"elementor-heading-title elementor-size-default\">Evolu\u00e7\u00e3o Temporal de R0 em Macap\u00e1 de  <br>22\/04 a 21\/05<\/h2>\t\t\t\t<\/div>\n\t\t\t\t<\/div>\n\t\t\t\t\t<\/div>\n\t\t<\/div>\n\t\t\t\t\t<\/div>\n\t\t<\/section>\n\t\t\t\t<section class=\"elementor-section elementor-top-section elementor-element elementor-element-fa732c8 elementor-section-boxed elementor-section-height-default elementor-section-height-default\" data-id=\"fa732c8\" data-element_type=\"section\" data-e-type=\"section\">\n\t\t\t\t\t\t<div class=\"elementor-container elementor-column-gap-default\">\n\t\t\t\t\t<div class=\"elementor-column elementor-col-100 elementor-top-column elementor-element elementor-element-a84558d\" data-id=\"a84558d\" data-element_type=\"column\" data-e-type=\"column\">\n\t\t\t<div class=\"elementor-widget-wrap elementor-element-populated\">\n\t\t\t\t\t\t<div class=\"elementor-element elementor-element-5153960 elementor-widget elementor-widget-image\" data-id=\"5153960\" data-element_type=\"widget\" data-e-type=\"widget\" data-widget_type=\"image.default\">\n\t\t\t\t<div class=\"elementor-widget-container\">\n\t\t\t\t\t\t\t\t\t\t\t\t\t\t\t<img decoding=\"async\" width=\"550\" height=\"198\" src=\"https:\/\/www2.unifap.br\/matematicaplicada\/files\/2020\/05\/R0Macap\u00e12105.jpeg\" class=\"attachment-large size-large wp-image-152\" alt=\"\" srcset=\"https:\/\/www2.unifap.br\/matematicaplicada\/files\/2020\/05\/R0Macap\u00e12105.jpeg 590w, https:\/\/www2.unifap.br\/matematicaplicada\/files\/2020\/05\/R0Macap\u00e12105-300x108.jpeg 300w\" sizes=\"(max-width: 550px) 100vw, 550px\" \/>\t\t\t\t\t\t\t\t\t\t\t\t\t\t\t<\/div>\n\t\t\t\t<\/div>\n\t\t\t\t\t<\/div>\n\t\t<\/div>\n\t\t\t\t\t<\/div>\n\t\t<\/section>\n\t\t\t\t<section class=\"elementor-section elementor-top-section elementor-element elementor-element-56c76b0 elementor-section-boxed elementor-section-height-default elementor-section-height-default\" data-id=\"56c76b0\" data-element_type=\"section\" data-e-type=\"section\">\n\t\t\t\t\t\t<div class=\"elementor-container elementor-column-gap-default\">\n\t\t\t\t\t<div class=\"elementor-column elementor-col-100 elementor-top-column elementor-element elementor-element-44086f2\" data-id=\"44086f2\" data-element_type=\"column\" data-e-type=\"column\">\n\t\t\t<div class=\"elementor-widget-wrap elementor-element-populated\">\n\t\t\t\t\t\t<div class=\"elementor-element elementor-element-a104ad6 elementor-widget elementor-widget-heading\" data-id=\"a104ad6\" data-element_type=\"widget\" data-e-type=\"widget\" data-widget_type=\"heading.default\">\n\t\t\t\t<div class=\"elementor-widget-container\">\n\t\t\t\t\t<h2 class=\"elementor-heading-title elementor-size-default\">Evolu\u00e7\u00e3o Temporal de R0 em Santana de <br>\n28\/04 a 21\/05<\/h2>\t\t\t\t<\/div>\n\t\t\t\t<\/div>\n\t\t\t\t\t<\/div>\n\t\t<\/div>\n\t\t\t\t\t<\/div>\n\t\t<\/section>\n\t\t\t\t<section class=\"elementor-section elementor-top-section elementor-element elementor-element-b59b8e3 elementor-section-boxed elementor-section-height-default elementor-section-height-default\" data-id=\"b59b8e3\" data-element_type=\"section\" data-e-type=\"section\">\n\t\t\t\t\t\t<div class=\"elementor-container elementor-column-gap-default\">\n\t\t\t\t\t<div class=\"elementor-column elementor-col-100 elementor-top-column elementor-element elementor-element-1e22794\" data-id=\"1e22794\" data-element_type=\"column\" data-e-type=\"column\">\n\t\t\t<div class=\"elementor-widget-wrap elementor-element-populated\">\n\t\t\t\t\t\t<div class=\"elementor-element elementor-element-ea231a8 elementor-widget elementor-widget-image\" data-id=\"ea231a8\" data-element_type=\"widget\" data-e-type=\"widget\" data-widget_type=\"image.default\">\n\t\t\t\t<div class=\"elementor-widget-container\">\n\t\t\t\t\t\t\t\t\t\t\t\t\t\t\t<img decoding=\"async\" width=\"550\" height=\"226\" src=\"https:\/\/www2.unifap.br\/matematicaplicada\/files\/2020\/05\/R0Santana2105.jpeg\" class=\"attachment-large size-large wp-image-148\" alt=\"\" srcset=\"https:\/\/www2.unifap.br\/matematicaplicada\/files\/2020\/05\/R0Santana2105.jpeg 626w, https:\/\/www2.unifap.br\/matematicaplicada\/files\/2020\/05\/R0Santana2105-300x123.jpeg 300w\" sizes=\"(max-width: 550px) 100vw, 550px\" \/>\t\t\t\t\t\t\t\t\t\t\t\t\t\t\t<\/div>\n\t\t\t\t<\/div>\n\t\t\t\t\t<\/div>\n\t\t<\/div>\n\t\t\t\t\t<\/div>\n\t\t<\/section>\n\t\t\t\t<section class=\"elementor-section elementor-top-section elementor-element elementor-element-beca761 elementor-section-boxed elementor-section-height-default elementor-section-height-default\" data-id=\"beca761\" data-element_type=\"section\" data-e-type=\"section\">\n\t\t\t\t\t\t<div class=\"elementor-container elementor-column-gap-default\">\n\t\t\t\t\t<div class=\"elementor-column elementor-col-100 elementor-top-column elementor-element elementor-element-09eed7d\" data-id=\"09eed7d\" data-element_type=\"column\" data-e-type=\"column\">\n\t\t\t<div class=\"elementor-widget-wrap elementor-element-populated\">\n\t\t\t\t\t\t<div class=\"elementor-element elementor-element-98bf525 elementor-widget elementor-widget-heading\" data-id=\"98bf525\" data-element_type=\"widget\" data-e-type=\"widget\" data-widget_type=\"heading.default\">\n\t\t\t\t<div class=\"elementor-widget-container\">\n\t\t\t\t\t<h2 class=\"elementor-heading-title elementor-size-default\">\u00cdndice de isolamento social no Amap\u00e1 de <br>01 a 21 de maio<\/h2>\t\t\t\t<\/div>\n\t\t\t\t<\/div>\n\t\t\t\t\t<\/div>\n\t\t<\/div>\n\t\t\t\t\t<\/div>\n\t\t<\/section>\n\t\t\t\t<section class=\"elementor-section elementor-top-section elementor-element elementor-element-7af61d9 elementor-section-boxed elementor-section-height-default elementor-section-height-default\" data-id=\"7af61d9\" data-element_type=\"section\" data-e-type=\"section\">\n\t\t\t\t\t\t<div class=\"elementor-container elementor-column-gap-default\">\n\t\t\t\t\t<div class=\"elementor-column elementor-col-100 elementor-top-column elementor-element elementor-element-b0d68dc\" data-id=\"b0d68dc\" data-element_type=\"column\" data-e-type=\"column\">\n\t\t\t<div class=\"elementor-widget-wrap elementor-element-populated\">\n\t\t\t\t\t\t<div class=\"elementor-element elementor-element-6545915 elementor-widget elementor-widget-image\" data-id=\"6545915\" data-element_type=\"widget\" data-e-type=\"widget\" data-widget_type=\"image.default\">\n\t\t\t\t<div class=\"elementor-widget-container\">\n\t\t\t\t\t\t\t\t\t\t\t\t\t\t\t<img loading=\"lazy\" decoding=\"async\" width=\"550\" height=\"278\" src=\"https:\/\/www2.unifap.br\/matematicaplicada\/files\/2020\/05\/I-isola_Amapa2105.jpeg\" class=\"attachment-large size-large wp-image-146\" alt=\"\" srcset=\"https:\/\/www2.unifap.br\/matematicaplicada\/files\/2020\/05\/I-isola_Amapa2105.jpeg 590w, https:\/\/www2.unifap.br\/matematicaplicada\/files\/2020\/05\/I-isola_Amapa2105-300x152.jpeg 300w\" sizes=\"(max-width: 550px) 100vw, 550px\" \/>\t\t\t\t\t\t\t\t\t\t\t\t\t\t\t<\/div>\n\t\t\t\t<\/div>\n\t\t\t\t\t<\/div>\n\t\t<\/div>\n\t\t\t\t\t<\/div>\n\t\t<\/section>\n\t\t\t\t<\/div>\n\t\t","protected":false},"excerpt":{"rendered":"<p>A velocidade de propaga\u00e7\u00e3o da epidemia no Estado do Amap\u00e1 foi estimada por meio do R0.\u00a0\u00a0 O n\u00famero b\u00e1sico de reprodu\u00e7\u00e3o R0 representa as intera\u00e7\u00f5es secund\u00e1rias que indiv\u00edduos infecciosos possuem com indiv\u00edduos suscet\u00edveis, ele mede o qu\u00e3o contagioso \u00e9 a epidemia, indica o n\u00famero m\u00e9dio de outras pessoas que uma pessoa infectada ir\u00e1 contagiar (LIU,&hellip;<\/p>\n","protected":false},"author":844,"featured_media":0,"parent":0,"menu_order":0,"comment_status":"closed","ping_status":"closed","template":"","meta":{"inline_featured_image":false,"ngg_post_thumbnail":0,"footnotes":""},"class_list":["post-89","page","type-page","status-publish","hentry"],"_links":{"self":[{"href":"https:\/\/www2.unifap.br\/matematicaplicada\/wp-json\/wp\/v2\/pages\/89","targetHints":{"allow":["GET"]}}],"collection":[{"href":"https:\/\/www2.unifap.br\/matematicaplicada\/wp-json\/wp\/v2\/pages"}],"about":[{"href":"https:\/\/www2.unifap.br\/matematicaplicada\/wp-json\/wp\/v2\/types\/page"}],"author":[{"embeddable":true,"href":"https:\/\/www2.unifap.br\/matematicaplicada\/wp-json\/wp\/v2\/users\/844"}],"replies":[{"embeddable":true,"href":"https:\/\/www2.unifap.br\/matematicaplicada\/wp-json\/wp\/v2\/comments?post=89"}],"version-history":[{"count":8,"href":"https:\/\/www2.unifap.br\/matematicaplicada\/wp-json\/wp\/v2\/pages\/89\/revisions"}],"predecessor-version":[{"id":155,"href":"https:\/\/www2.unifap.br\/matematicaplicada\/wp-json\/wp\/v2\/pages\/89\/revisions\/155"}],"wp:attachment":[{"href":"https:\/\/www2.unifap.br\/matematicaplicada\/wp-json\/wp\/v2\/media?parent=89"}],"curies":[{"name":"wp","href":"https:\/\/api.w.org\/{rel}","templated":true}]}}