{"id":30,"date":"2010-01-22T12:10:25","date_gmt":"2010-01-22T12:10:25","guid":{"rendered":"http:\/\/pororoca.unifap.br\/medicina\/?page_id=30"},"modified":"2023-02-28T19:23:53","modified_gmt":"2023-02-28T22:23:53","slug":"instalacoes-fisicas","status":"publish","type":"page","link":"https:\/\/www2.unifap.br\/medicina\/instalacoes-fisicas\/","title":{"rendered":"Instala\u00e7\u00f5es F\u00edsicas"},"content":{"rendered":"<p style=\"text-align: justify\">As instala\u00e7\u00f5es do Curso de Medicina contam com laborat\u00f3rios de anatomia, fisiologia e farmacologia, microbiologia, bioqu\u00edmica, patologia e parasitologia, morfo funcional, inform\u00e1tica e pr\u00e1tica simulada, al\u00e9m de 14 salas de aula para a execu\u00e7\u00e3o dos tutoriais, 04&nbsp; salas de confer\u00eancias e 02 audit\u00f3rios com capacidade para 107 pessoas. As atividades de pr\u00e1tica ocorrem em unidades da rede municipal e estadual de sa\u00fade ou em unidades privadas conveniadas ao SUS.<\/p>\n<p><a href=\"https:\/\/goo.gl\/maps\/FUkqKesytjRgMhqH6\" target=\"_blank\" rel=\"noopener\">&#8211; Mapa de Localiza\u00e7\u00e3o &#8211;<\/a><\/p>\n<p><strong>LABORAT\u00d3RIOS<\/strong><\/p>\n<p><strong>Laborat\u00f3rio de Anatomia<\/strong><\/p>\n<p><strong>T\u00e9cnicos<\/strong>: Mario Nelson Barbosa Filho e Roberto de Souza Silva<\/p>\n<p><strong>Telefone<\/strong>: 4009-2901<\/p>\n<p><strong>Laborat\u00f3rio de Morfofuncional<\/strong><\/p>\n<p><strong>T\u00e9cnico<\/strong>: Jomar dos Santos Quaresma<\/p>\n<p><strong>Laborat\u00f3rio de Habilidades Cl\u00ednicas e Pr\u00e1ticas Simuladas<\/strong><\/p>\n<p><strong>T\u00e9cnico<\/strong>: Diego Castro Gemaque<\/p>\n<p><strong>Laborat\u00f3rio de Microbiologia e Imunologia<\/strong><\/p>\n<p><strong>T\u00e9cnico<\/strong>: Jemima Cordeiro Messias Malcher Miranda<\/p>\n","protected":false},"excerpt":{"rendered":"<p>As instala\u00e7\u00f5es do Curso de Medicina contam com laborat\u00f3rios de anatomia, fisiologia e farmacologia, microbiologia, bioqu\u00edmica, patologia e parasitologia, morfo funcional, inform\u00e1tica e pr\u00e1tica simulada, al\u00e9m de 14 salas de aula para a execu\u00e7\u00e3o dos tutoriais, 04&nbsp; salas de confer\u00eancias e 02 audit\u00f3rios com capacidade para 107 pessoas. As atividades de pr\u00e1tica ocorrem em unidades&#8230;<\/p>\n","protected":false},"author":74,"featured_media":0,"parent":0,"menu_order":0,"comment_status":"closed","ping_status":"closed","template":"elementor_theme","meta":{"inline_featured_image":false,"ngg_post_thumbnail":0,"footnotes":""},"class_list":["post-30","page","type-page","status-publish","hentry","entry"],"_links":{"self":[{"href":"https:\/\/www2.unifap.br\/medicina\/wp-json\/wp\/v2\/pages\/30","targetHints":{"allow":["GET"]}}],"collection":[{"href":"https:\/\/www2.unifap.br\/medicina\/wp-json\/wp\/v2\/pages"}],"about":[{"href":"https:\/\/www2.unifap.br\/medicina\/wp-json\/wp\/v2\/types\/page"}],"author":[{"embeddable":true,"href":"https:\/\/www2.unifap.br\/medicina\/wp-json\/wp\/v2\/users\/74"}],"replies":[{"embeddable":true,"href":"https:\/\/www2.unifap.br\/medicina\/wp-json\/wp\/v2\/comments?post=30"}],"version-history":[{"count":14,"href":"https:\/\/www2.unifap.br\/medicina\/wp-json\/wp\/v2\/pages\/30\/revisions"}],"predecessor-version":[{"id":5402,"href":"https:\/\/www2.unifap.br\/medicina\/wp-json\/wp\/v2\/pages\/30\/revisions\/5402"}],"wp:attachment":[{"href":"https:\/\/www2.unifap.br\/medicina\/wp-json\/wp\/v2\/media?parent=30"}],"curies":[{"name":"wp","href":"https:\/\/api.w.org\/{rel}","templated":true}]}}