{"id":4884,"date":"2019-02-02T00:13:24","date_gmt":"2019-02-02T00:13:24","guid":{"rendered":"http:\/\/www2.unifap.br\/medicina\/?page_id=4884"},"modified":"2023-02-28T15:26:30","modified_gmt":"2023-02-28T18:26:30","slug":"tcc","status":"publish","type":"page","link":"https:\/\/www2.unifap.br\/medicina\/tcc\/","title":{"rendered":"TCC"},"content":{"rendered":"<p><strong>Acesse abaixo a <em>Normativa Interna<\/em> do curso de Medicina para elabora\u00e7\u00e3o do seu Trabalho de Conclus\u00e3o de Curso (TCC) e tamb\u00e9m&nbsp; o M<em>odelo de Projeto de Pesquisa<\/em>&nbsp;disponibilizado&nbsp; para voc\u00ea seguir. Bom trabalho!<\/strong><\/p>\n<p><strong><a href=\"http:\/\/www2.unifap.br\/medicina\/files\/2019\/02\/MODELO-DE-PROJETO-DE-PESQUISA-PARA-GRADUA\u00c7\u00c3O-adaptado.doc\">Modelo de Projeto de Pesquisa (Gradua\u00e7\u00e3o)<\/a><\/strong><\/p>\n<p><a href=\"https:\/\/www2.unifap.br\/medicina\/solicitacoes-e-orientacoes-a-alunos\/tcc\/orientacoes-para-elaboacao-de-tcc_2019\/\" rel=\"attachment wp-att-4887\">Normativa Interna para TCC<\/a><\/p>\n","protected":false},"excerpt":{"rendered":"<p>Acesse abaixo a Normativa Interna do curso de Medicina para elabora\u00e7\u00e3o do seu Trabalho de Conclus\u00e3o de Curso (TCC) e tamb\u00e9m&nbsp; o Modelo de Projeto de Pesquisa&nbsp;disponibilizado&nbsp; para voc\u00ea seguir. Bom trabalho! Modelo de Projeto de Pesquisa (Gradua\u00e7\u00e3o) Normativa Interna para TCC<\/p>\n","protected":false},"author":838,"featured_media":0,"parent":0,"menu_order":2,"comment_status":"closed","ping_status":"closed","template":"elementor_theme","meta":{"inline_featured_image":false,"ngg_post_thumbnail":0,"footnotes":""},"class_list":["post-4884","page","type-page","status-publish","hentry","entry"],"_links":{"self":[{"href":"https:\/\/www2.unifap.br\/medicina\/wp-json\/wp\/v2\/pages\/4884","targetHints":{"allow":["GET"]}}],"collection":[{"href":"https:\/\/www2.unifap.br\/medicina\/wp-json\/wp\/v2\/pages"}],"about":[{"href":"https:\/\/www2.unifap.br\/medicina\/wp-json\/wp\/v2\/types\/page"}],"author":[{"embeddable":true,"href":"https:\/\/www2.unifap.br\/medicina\/wp-json\/wp\/v2\/users\/838"}],"replies":[{"embeddable":true,"href":"https:\/\/www2.unifap.br\/medicina\/wp-json\/wp\/v2\/comments?post=4884"}],"version-history":[{"count":7,"href":"https:\/\/www2.unifap.br\/medicina\/wp-json\/wp\/v2\/pages\/4884\/revisions"}],"predecessor-version":[{"id":5321,"href":"https:\/\/www2.unifap.br\/medicina\/wp-json\/wp\/v2\/pages\/4884\/revisions\/5321"}],"wp:attachment":[{"href":"https:\/\/www2.unifap.br\/medicina\/wp-json\/wp\/v2\/media?parent=4884"}],"curies":[{"name":"wp","href":"https:\/\/api.w.org\/{rel}","templated":true}]}}