{"id":5280,"date":"2022-11-25T19:12:52","date_gmt":"2022-11-25T19:12:52","guid":{"rendered":"https:\/\/www2.unifap.br\/medicina\/?page_id=5280"},"modified":"2024-11-25T08:41:22","modified_gmt":"2024-11-25T11:41:22","slug":"coordenacao-do-curso","status":"publish","type":"page","link":"https:\/\/www2.unifap.br\/medicina\/coordenacao-do-curso\/","title":{"rendered":"Coordena\u00e7\u00e3o do Curso"},"content":{"rendered":"<p style=\"text-align: left\"><strong>COORDENADOR &#8211; ACHILES EDUARDO PONTES CAMPOS &#8211; PORTARIA N \u00ba 808\/2023<\/strong><\/p>\n<p>&nbsp;<\/p>\n<p><a href=\"http:\/\/www2.unifap.br\/medicina\/files\/2024\/07\/IMG_3854-1-scaled.jpg\"><img fetchpriority=\"high\" decoding=\"async\" class=\" wp-image-5587 alignleft\" src=\"http:\/\/www2.unifap.br\/medicina\/files\/2024\/07\/IMG_3854-1-200x300.jpg\" alt=\"\" width=\"199\" height=\"299\" srcset=\"https:\/\/www2.unifap.br\/medicina\/files\/2024\/07\/IMG_3854-1-200x300.jpg 200w, https:\/\/www2.unifap.br\/medicina\/files\/2024\/07\/IMG_3854-1-683x1024.jpg 683w, https:\/\/www2.unifap.br\/medicina\/files\/2024\/07\/IMG_3854-1-768x1152.jpg 768w, https:\/\/www2.unifap.br\/medicina\/files\/2024\/07\/IMG_3854-1-1024x1536.jpg 1024w, https:\/\/www2.unifap.br\/medicina\/files\/2024\/07\/IMG_3854-1-1365x2048.jpg 1365w, https:\/\/www2.unifap.br\/medicina\/files\/2024\/07\/IMG_3854-1-scaled.jpg 1707w\" sizes=\"(max-width: 199px) 100vw, 199px\" \/><\/a><\/p>\n<p>Graduado em Medicina pela Universidade Federal do Par\u00e1 (1994). Mestre em Ci\u00eancias da Sa\u00fade pelo Programa de P\u00f3s-Gradua\u00e7\u00e3o da Universidade Federal do Amap\u00e1 (2018). Doutorando de Neuroci\u00eancias e Biologia Celular da Universidade Federal do Par\u00e1 (2023). Membro Titular do Col\u00e9gio Brasileiro de Radiologia (2003). M\u00e9dico Radiologista do Hospital de Clinicas Dr. Alberto Lima. Coordenador e Professor do Curso de Medicina da Universidade Federal do Amap\u00e1. Diretor Social da Associa\u00e7\u00e3o de Radiologia e Diagn\u00f3stico por Imagem do Amap\u00e1. Respons\u00e1vel T\u00e9cnico da Cl\u00ednica Sa\u00fade Center. Preceptor de cirurgia geral da Comiss\u00e3o de Resid\u00eancia M\u00e9dica da Universidade Federal do Amap\u00e1. Respons\u00e1vel T\u00e9cnico do Centro de Especialidades Dr. Papal\u00e9o Paes. Vice-presidente da Comiss\u00e3o de Resid\u00eancia M\u00e9dica do Estado do Amap\u00e1.<\/p>\n<p>&nbsp;<\/p>\n<p>&nbsp;<\/p>\n<p>&nbsp;<\/p>\n<p>&nbsp;<\/p>\n<p>&nbsp;<\/p>\n<p style=\"text-align: left\"><strong>VICE-COORDENADOR &#8211; LUIS ALEXANDRE LEMOS COSTA &#8211; PORTARIA N\u00ba 731\/2023\u00a0<\/strong><\/p>\n<p><a href=\"http:\/\/www2.unifap.br\/medicina\/files\/2023\/05\/IMG_20220714_145734001.jpg\"><img decoding=\"async\" class=\"wp-image-5479 alignleft\" src=\"http:\/\/www2.unifap.br\/medicina\/files\/2023\/05\/IMG_20220714_145734001.jpg\" alt=\"\" width=\"187\" height=\"249\" srcset=\"https:\/\/www2.unifap.br\/medicina\/files\/2023\/05\/IMG_20220714_145734001.jpg 1728w, https:\/\/www2.unifap.br\/medicina\/files\/2023\/05\/IMG_20220714_145734001-225x300.jpg 225w, https:\/\/www2.unifap.br\/medicina\/files\/2023\/05\/IMG_20220714_145734001-768x1024.jpg 768w, https:\/\/www2.unifap.br\/medicina\/files\/2023\/05\/IMG_20220714_145734001-1152x1536.jpg 1152w, https:\/\/www2.unifap.br\/medicina\/files\/2023\/05\/IMG_20220714_145734001-1536x2048.jpg 1536w\" sizes=\"(max-width: 187px) 100vw, 187px\" \/><\/a><\/p>\n<p>Possui Licenciatura Plena em Ci\u00eancias Biol\u00f3gicas pela Universidade Federal do Amap\u00e1 (2006), Especializa\u00e7\u00e3o em Educa\u00e7\u00e3o Especial pela UNINTER (2008). Mestre em Ci\u00eancias da Sa\u00fade pela UNIFAP (2015). Doutor em Educa\u00e7\u00e3o em Ci\u00eancias e Matem\u00e1tica pela Rede Amaz\u00f4nica de Educa\u00e7\u00e3o em Ci\u00eancias e Matem\u00e1tica &#8211; REAMEC &#8211; UFMT\/UFPA\/UEA (2020). Especializa\u00e7\u00e3o em Metodologia do Ensino de Patologia Geral pela UNINTER (2021). Atua na Universidade Federal do Amap\u00e1 &#8211; UNIFAP como Professor Adjunto n\u00edvel 2 no Curso de Gradua\u00e7\u00e3o em Medicina. Tem experi\u00eancia nas \u00e1reas de metodologia do ensino de Ci\u00eancias e Biologia, Biologia da Educa\u00e7\u00e3o \/ Educa\u00e7\u00e3o Especial, Educa\u00e7\u00e3o em Ci\u00eancias, morfofuncional e ensino tutorial em sa\u00fade.<\/p>\n<p>&nbsp;<\/p>\n<p>&nbsp;<\/p>\n<p>&nbsp;<\/p>\n<p>&nbsp;<\/p>\n<p><strong>TAE DA COORDENA\u00c7\u00c3O &#8211; <\/strong><\/p>\n<p>DIEGO DE CASTRO PINTO &#8211;\u00a0 Assistente em Administra\u00e7\u00e3o<\/p>\n<p><strong>SETOR LABORATORIAL:<\/strong><\/p>\n<p>DIEGO CASTRO GEMAQUE (Laborat\u00f3rios de Ensino &#8211; Pr\u00e1ticas)<\/p>\n<p>JEMIMA CORDEIRO MESSIAS MALCHER MIRANDA (Laborat\u00f3rio de Ensino &#8211; Biologia)<\/p>\n<p>IVIE MARCELA ZORTHEA (Psic\u00f3loga)<\/p>\n<p>MARIO NELSON BARBOSA FILHO (Laborat\u00f3rio de Anatomia)<\/p>\n<p>ROBERTO DE SOUZA SILVA (Laborat\u00f3rio de Anatomia)<\/p>\n<p>JOMAR DOS SANTOS QUARESMA (Laborat\u00f3rio de Morfofuncional)<\/p>\n<p>&nbsp;<\/p>\n<p><strong>Endere\u00e7o:<\/strong><\/p>\n<p><a href=\"https:\/\/www2.unifap.br\/medicina\/instalacoes-fisicas\/\">Rod. Juscelino Kubitschek, km 02 &#8211; Jardim Marco Zero, Campus Marco Zero, Bloco da Medicina, Macap\u00e1 &#8211; AP, 68903-419<\/a><\/p>\n<p><strong>E-mail: <\/strong>\u00a0medicina@unifap.br<\/p>\n<p>Hor\u00e1rio de atendimento presencial: 08 \u00e0s 12, 14 \u00e0s 18 (segunda-feira a sexta-feira).<\/p>\n","protected":false},"excerpt":{"rendered":"<p>COORDENADOR &#8211; ACHILES EDUARDO PONTES CAMPOS &#8211; PORTARIA N \u00ba 808\/2023 &nbsp; Graduado em Medicina pela Universidade Federal do Par\u00e1 (1994). Mestre em Ci\u00eancias da Sa\u00fade pelo Programa de P\u00f3s-Gradua\u00e7\u00e3o da Universidade Federal do Amap\u00e1 (2018). Doutorando de Neuroci\u00eancias e Biologia Celular da Universidade Federal do Par\u00e1 (2023). Membro Titular do Col\u00e9gio Brasileiro de Radiologia&#8230;<\/p>\n","protected":false},"author":873,"featured_media":0,"parent":0,"menu_order":0,"comment_status":"closed","ping_status":"closed","template":"elementor_theme","meta":{"inline_featured_image":false,"ngg_post_thumbnail":0,"footnotes":""},"class_list":["post-5280","page","type-page","status-publish","hentry","entry"],"_links":{"self":[{"href":"https:\/\/www2.unifap.br\/medicina\/wp-json\/wp\/v2\/pages\/5280","targetHints":{"allow":["GET"]}}],"collection":[{"href":"https:\/\/www2.unifap.br\/medicina\/wp-json\/wp\/v2\/pages"}],"about":[{"href":"https:\/\/www2.unifap.br\/medicina\/wp-json\/wp\/v2\/types\/page"}],"author":[{"embeddable":true,"href":"https:\/\/www2.unifap.br\/medicina\/wp-json\/wp\/v2\/users\/873"}],"replies":[{"embeddable":true,"href":"https:\/\/www2.unifap.br\/medicina\/wp-json\/wp\/v2\/comments?post=5280"}],"version-history":[{"count":24,"href":"https:\/\/www2.unifap.br\/medicina\/wp-json\/wp\/v2\/pages\/5280\/revisions"}],"predecessor-version":[{"id":5679,"href":"https:\/\/www2.unifap.br\/medicina\/wp-json\/wp\/v2\/pages\/5280\/revisions\/5679"}],"wp:attachment":[{"href":"https:\/\/www2.unifap.br\/medicina\/wp-json\/wp\/v2\/media?parent=5280"}],"curies":[{"name":"wp","href":"https:\/\/api.w.org\/{rel}","templated":true}]}}