{"id":5658,"date":"2024-11-11T09:12:22","date_gmt":"2024-11-11T12:12:22","guid":{"rendered":"https:\/\/www2.unifap.br\/medicina\/?page_id=5658"},"modified":"2024-11-11T09:24:49","modified_gmt":"2024-11-11T12:24:49","slug":"plano-de-acao-da-coordenacao","status":"publish","type":"page","link":"https:\/\/www2.unifap.br\/medicina\/colegiado-do-curso-de-medicina\/plano-de-acao-da-coordenacao\/","title":{"rendered":"Plano de A\u00e7\u00e3o"},"content":{"rendered":"<ul>\n<li>\u00a0 \u00a0 \u00a0 \u00a0<a href=\"http:\/\/www2.unifap.br\/medicina\/files\/2024\/11\/Plano-de-Acao-da-Coordenacao-do-Curso-de-Medicina.pdf\">Plano de A\u00e7\u00e3o da Coordena\u00e7\u00e3o do Curso de Medicina<\/a><\/li>\n<\/ul>\n<p>&nbsp;<\/p>\n<p><a href=\"http:\/\/www2.unifap.br\/medicina\/files\/2024\/11\/Plano-de-Acao-da-Coordenacao-do-Curso-de-Medicina_page-0001.jpg\"><img fetchpriority=\"high\" decoding=\"async\" class=\"aligncenter size-full wp-image-5662\" src=\"http:\/\/www2.unifap.br\/medicina\/files\/2024\/11\/Plano-de-Acao-da-Coordenacao-do-Curso-de-Medicina_page-0001.jpg\" alt=\"\" width=\"1240\" height=\"1754\" srcset=\"https:\/\/www2.unifap.br\/medicina\/files\/2024\/11\/Plano-de-Acao-da-Coordenacao-do-Curso-de-Medicina_page-0001.jpg 1240w, https:\/\/www2.unifap.br\/medicina\/files\/2024\/11\/Plano-de-Acao-da-Coordenacao-do-Curso-de-Medicina_page-0001-212x300.jpg 212w, https:\/\/www2.unifap.br\/medicina\/files\/2024\/11\/Plano-de-Acao-da-Coordenacao-do-Curso-de-Medicina_page-0001-724x1024.jpg 724w, https:\/\/www2.unifap.br\/medicina\/files\/2024\/11\/Plano-de-Acao-da-Coordenacao-do-Curso-de-Medicina_page-0001-768x1086.jpg 768w, https:\/\/www2.unifap.br\/medicina\/files\/2024\/11\/Plano-de-Acao-da-Coordenacao-do-Curso-de-Medicina_page-0001-1086x1536.jpg 1086w\" sizes=\"(max-width: 1240px) 100vw, 1240px\" \/><\/a> <a href=\"http:\/\/www2.unifap.br\/medicina\/files\/2024\/11\/Plano-de-Acao-da-Coordenacao-do-Curso-de-Medicina_page-0002.jpg\"><img decoding=\"async\" class=\"aligncenter size-full wp-image-5663\" src=\"http:\/\/www2.unifap.br\/medicina\/files\/2024\/11\/Plano-de-Acao-da-Coordenacao-do-Curso-de-Medicina_page-0002.jpg\" alt=\"\" width=\"1240\" height=\"1754\" srcset=\"https:\/\/www2.unifap.br\/medicina\/files\/2024\/11\/Plano-de-Acao-da-Coordenacao-do-Curso-de-Medicina_page-0002.jpg 1240w, https:\/\/www2.unifap.br\/medicina\/files\/2024\/11\/Plano-de-Acao-da-Coordenacao-do-Curso-de-Medicina_page-0002-212x300.jpg 212w, https:\/\/www2.unifap.br\/medicina\/files\/2024\/11\/Plano-de-Acao-da-Coordenacao-do-Curso-de-Medicina_page-0002-724x1024.jpg 724w, https:\/\/www2.unifap.br\/medicina\/files\/2024\/11\/Plano-de-Acao-da-Coordenacao-do-Curso-de-Medicina_page-0002-768x1086.jpg 768w, https:\/\/www2.unifap.br\/medicina\/files\/2024\/11\/Plano-de-Acao-da-Coordenacao-do-Curso-de-Medicina_page-0002-1086x1536.jpg 1086w\" sizes=\"(max-width: 1240px) 100vw, 1240px\" \/><\/a><\/p>\n","protected":false},"excerpt":{"rendered":"<p>\u00a0 \u00a0 \u00a0 \u00a0Plano de A\u00e7\u00e3o da Coordena\u00e7\u00e3o do Curso de Medicina &nbsp;<\/p>\n","protected":false},"author":873,"featured_media":0,"parent":5628,"menu_order":1,"comment_status":"closed","ping_status":"closed","template":"","meta":{"inline_featured_image":false,"ngg_post_thumbnail":0,"footnotes":""},"class_list":["post-5658","page","type-page","status-publish","hentry","entry"],"_links":{"self":[{"href":"https:\/\/www2.unifap.br\/medicina\/wp-json\/wp\/v2\/pages\/5658","targetHints":{"allow":["GET"]}}],"collection":[{"href":"https:\/\/www2.unifap.br\/medicina\/wp-json\/wp\/v2\/pages"}],"about":[{"href":"https:\/\/www2.unifap.br\/medicina\/wp-json\/wp\/v2\/types\/page"}],"author":[{"embeddable":true,"href":"https:\/\/www2.unifap.br\/medicina\/wp-json\/wp\/v2\/users\/873"}],"replies":[{"embeddable":true,"href":"https:\/\/www2.unifap.br\/medicina\/wp-json\/wp\/v2\/comments?post=5658"}],"version-history":[{"count":4,"href":"https:\/\/www2.unifap.br\/medicina\/wp-json\/wp\/v2\/pages\/5658\/revisions"}],"predecessor-version":[{"id":5667,"href":"https:\/\/www2.unifap.br\/medicina\/wp-json\/wp\/v2\/pages\/5658\/revisions\/5667"}],"up":[{"embeddable":true,"href":"https:\/\/www2.unifap.br\/medicina\/wp-json\/wp\/v2\/pages\/5628"}],"wp:attachment":[{"href":"https:\/\/www2.unifap.br\/medicina\/wp-json\/wp\/v2\/media?parent=5658"}],"curies":[{"name":"wp","href":"https:\/\/api.w.org\/{rel}","templated":true}]}}