{"id":5668,"date":"2024-11-11T09:25:40","date_gmt":"2024-11-11T12:25:40","guid":{"rendered":"https:\/\/www2.unifap.br\/medicina\/?page_id=5668"},"modified":"2024-11-11T09:26:37","modified_gmt":"2024-11-11T12:26:37","slug":"pa-da-ccmed","status":"publish","type":"page","link":"https:\/\/www2.unifap.br\/medicina\/pa-da-ccmed\/","title":{"rendered":"Plano  de A\u00e7\u00e3o da Coordena\u00e7\u00e3o"},"content":{"rendered":"<ul>\n<li><a href=\"http:\/\/www2.unifap.br\/medicina\/files\/2024\/11\/Plano-de-Acao-da-Coordenacao-do-Curso-de-Medicina.pdf\">Plano de A\u00e7\u00e3o da Coordena\u00e7\u00e3o do Curso de Medicina<\/a><\/li>\n<\/ul>\n","protected":false},"excerpt":{"rendered":"<p>Plano de A\u00e7\u00e3o da Coordena\u00e7\u00e3o do Curso de Medicina<\/p>\n","protected":false},"author":873,"featured_media":0,"parent":0,"menu_order":0,"comment_status":"closed","ping_status":"closed","template":"","meta":{"inline_featured_image":false,"ngg_post_thumbnail":0,"footnotes":""},"class_list":["post-5668","page","type-page","status-publish","hentry","entry"],"_links":{"self":[{"href":"https:\/\/www2.unifap.br\/medicina\/wp-json\/wp\/v2\/pages\/5668","targetHints":{"allow":["GET"]}}],"collection":[{"href":"https:\/\/www2.unifap.br\/medicina\/wp-json\/wp\/v2\/pages"}],"about":[{"href":"https:\/\/www2.unifap.br\/medicina\/wp-json\/wp\/v2\/types\/page"}],"author":[{"embeddable":true,"href":"https:\/\/www2.unifap.br\/medicina\/wp-json\/wp\/v2\/users\/873"}],"replies":[{"embeddable":true,"href":"https:\/\/www2.unifap.br\/medicina\/wp-json\/wp\/v2\/comments?post=5668"}],"version-history":[{"count":2,"href":"https:\/\/www2.unifap.br\/medicina\/wp-json\/wp\/v2\/pages\/5668\/revisions"}],"predecessor-version":[{"id":5672,"href":"https:\/\/www2.unifap.br\/medicina\/wp-json\/wp\/v2\/pages\/5668\/revisions\/5672"}],"wp:attachment":[{"href":"https:\/\/www2.unifap.br\/medicina\/wp-json\/wp\/v2\/media?parent=5668"}],"curies":[{"name":"wp","href":"https:\/\/api.w.org\/{rel}","templated":true}]}}