{"id":246,"date":"2020-09-19T12:47:50","date_gmt":"2020-09-19T15:47:50","guid":{"rendered":"http:\/\/www2.unifap.br\/meninasnacomputacao\/?page_id=246"},"modified":"2020-09-20T14:54:58","modified_gmt":"2020-09-20T17:54:58","slug":"oficinas","status":"publish","type":"page","link":"https:\/\/www2.unifap.br\/meninasnacomputacao\/acoes\/oficinas\/","title":{"rendered":"Oficinas"},"content":{"rendered":"<p><a href=\"http:\/\/www2.unifap.br\/meninasnacomputacao\/logica-de-programacao\/\">L\u00f3gica de Programa\u00e7\u00e3o<\/a><\/p>\n<p><a href=\"http:\/\/www2.unifap.br\/meninasnacomputacao\/programacao-android\/\">Programa\u00e7\u00e3o Android<\/a><\/p>\n<p><a href=\"http:\/\/www2.unifap.br\/meninasnacomputacao\/programacao-arduino\/\">Programa\u00e7\u00e3o Arduino<\/a><\/p>\n","protected":false},"excerpt":{"rendered":"<p>L\u00f3gica de Programa\u00e7\u00e3o Programa\u00e7\u00e3o Android Programa\u00e7\u00e3o Arduino<\/p>\n","protected":false},"author":3877,"featured_media":0,"parent":56,"menu_order":0,"comment_status":"closed","ping_status":"closed","template":"","meta":{"inline_featured_image":false,"ngg_post_thumbnail":0,"footnotes":""},"class_list":["post-246","page","type-page","status-publish","hentry","entry"],"_links":{"self":[{"href":"https:\/\/www2.unifap.br\/meninasnacomputacao\/wp-json\/wp\/v2\/pages\/246","targetHints":{"allow":["GET"]}}],"collection":[{"href":"https:\/\/www2.unifap.br\/meninasnacomputacao\/wp-json\/wp\/v2\/pages"}],"about":[{"href":"https:\/\/www2.unifap.br\/meninasnacomputacao\/wp-json\/wp\/v2\/types\/page"}],"author":[{"embeddable":true,"href":"https:\/\/www2.unifap.br\/meninasnacomputacao\/wp-json\/wp\/v2\/users\/3877"}],"replies":[{"embeddable":true,"href":"https:\/\/www2.unifap.br\/meninasnacomputacao\/wp-json\/wp\/v2\/comments?post=246"}],"version-history":[{"count":2,"href":"https:\/\/www2.unifap.br\/meninasnacomputacao\/wp-json\/wp\/v2\/pages\/246\/revisions"}],"predecessor-version":[{"id":331,"href":"https:\/\/www2.unifap.br\/meninasnacomputacao\/wp-json\/wp\/v2\/pages\/246\/revisions\/331"}],"up":[{"embeddable":true,"href":"https:\/\/www2.unifap.br\/meninasnacomputacao\/wp-json\/wp\/v2\/pages\/56"}],"wp:attachment":[{"href":"https:\/\/www2.unifap.br\/meninasnacomputacao\/wp-json\/wp\/v2\/media?parent=246"}],"curies":[{"name":"wp","href":"https:\/\/api.w.org\/{rel}","templated":true}]}}