{"id":248,"date":"2020-09-19T12:47:50","date_gmt":"2020-09-19T15:47:50","guid":{"rendered":"http:\/\/www2.unifap.br\/meninasnacomputacao\/?page_id=248"},"modified":"2020-09-20T14:55:10","modified_gmt":"2020-09-20T17:55:10","slug":"logica-de-programacao","status":"publish","type":"page","link":"https:\/\/www2.unifap.br\/meninasnacomputacao\/acoes\/oficinas\/logica-de-programacao\/","title":{"rendered":"L\u00f3gica de Programa\u00e7\u00e3o"},"content":{"rendered":"<p>Buscando incentivar meninas do ensino b\u00e1sico a procurarem a \u00e1rea da computa\u00e7\u00e3o, uma das nossas a\u00e7\u00f5es foi ministrar oficinas para alunas do ensino p\u00fablico sobre bases do curso de Ci\u00eancia da Computa\u00e7\u00e3o.<\/p>\n<p>L\u00f3gica de Programa\u00e7\u00e3o \u00e9 o modo, o padr\u00e3o de como escrever um programa de computador, um algoritmo. Algoritmo \u00e9 uma s\u00e9rie de passos que o computador segue para executar uma atividade. Algoritmos podem tamb\u00e9m ser encontrados fora da computa\u00e7\u00e3o, pois s\u00e3o apenas uma lista de comandos a serem seguidos, alguns exemplos s\u00e3o receitas e instru\u00e7\u00f5es.<\/p>\n","protected":false},"excerpt":{"rendered":"<p>Buscando incentivar meninas do ensino b\u00e1sico a procurarem a \u00e1rea da computa\u00e7\u00e3o, uma das nossas a\u00e7\u00f5es foi ministrar oficinas para alunas do ensino p\u00fablico sobre bases do curso de Ci\u00eancia da Computa\u00e7\u00e3o. L\u00f3gica de Programa\u00e7\u00e3o \u00e9 o modo, o padr\u00e3o de como escrever um programa de computador, um algoritmo. Algoritmo \u00e9 uma s\u00e9rie de passos&#8230;<\/p>\n","protected":false},"author":3877,"featured_media":0,"parent":246,"menu_order":0,"comment_status":"closed","ping_status":"closed","template":"","meta":{"inline_featured_image":false,"ngg_post_thumbnail":0,"footnotes":""},"class_list":["post-248","page","type-page","status-publish","hentry","entry"],"_links":{"self":[{"href":"https:\/\/www2.unifap.br\/meninasnacomputacao\/wp-json\/wp\/v2\/pages\/248","targetHints":{"allow":["GET"]}}],"collection":[{"href":"https:\/\/www2.unifap.br\/meninasnacomputacao\/wp-json\/wp\/v2\/pages"}],"about":[{"href":"https:\/\/www2.unifap.br\/meninasnacomputacao\/wp-json\/wp\/v2\/types\/page"}],"author":[{"embeddable":true,"href":"https:\/\/www2.unifap.br\/meninasnacomputacao\/wp-json\/wp\/v2\/users\/3877"}],"replies":[{"embeddable":true,"href":"https:\/\/www2.unifap.br\/meninasnacomputacao\/wp-json\/wp\/v2\/comments?post=248"}],"version-history":[{"count":2,"href":"https:\/\/www2.unifap.br\/meninasnacomputacao\/wp-json\/wp\/v2\/pages\/248\/revisions"}],"predecessor-version":[{"id":284,"href":"https:\/\/www2.unifap.br\/meninasnacomputacao\/wp-json\/wp\/v2\/pages\/248\/revisions\/284"}],"up":[{"embeddable":true,"href":"https:\/\/www2.unifap.br\/meninasnacomputacao\/wp-json\/wp\/v2\/pages\/246"}],"wp:attachment":[{"href":"https:\/\/www2.unifap.br\/meninasnacomputacao\/wp-json\/wp\/v2\/media?parent=248"}],"curies":[{"name":"wp","href":"https:\/\/api.w.org\/{rel}","templated":true}]}}