{"id":249,"date":"2020-09-19T12:47:50","date_gmt":"2020-09-19T15:47:50","guid":{"rendered":"http:\/\/www2.unifap.br\/meninasnacomputacao\/?page_id=249"},"modified":"2020-09-20T14:55:34","modified_gmt":"2020-09-20T17:55:34","slug":"programacao-android","status":"publish","type":"page","link":"https:\/\/www2.unifap.br\/meninasnacomputacao\/acoes\/oficinas\/programacao-android\/","title":{"rendered":"Programa\u00e7\u00e3o Android"},"content":{"rendered":"<p>Ap\u00f3s apresentar a l\u00f3gica de programa\u00e7\u00e3o, o pr\u00f3ximo passo \u00e9&nbsp; passar para programa\u00e7\u00e3o em blocos, de forma l\u00fadica, com jogos e explicando t\u00f3picos importantes para a programa\u00e7\u00e3o em si.&nbsp;<\/p>\n<p>Nesta oficina, desenvolvemos junto com as alunas jogos para android, usando ferramentas no computador, enquanto as meninas podem testar o trabalho delas no simulador android ou no pr\u00f3prio smartphone, colocando a m\u00e3o na massa.<\/p>\n","protected":false},"excerpt":{"rendered":"<p>Ap\u00f3s apresentar a l\u00f3gica de programa\u00e7\u00e3o, o pr\u00f3ximo passo \u00e9&nbsp; passar para programa\u00e7\u00e3o em blocos, de forma l\u00fadica, com jogos e explicando t\u00f3picos importantes para a programa\u00e7\u00e3o em si.&nbsp; Nesta oficina, desenvolvemos junto com as alunas jogos para android, usando ferramentas no computador, enquanto as meninas podem testar o trabalho delas no simulador android ou&#8230;<\/p>\n","protected":false},"author":3877,"featured_media":0,"parent":246,"menu_order":0,"comment_status":"closed","ping_status":"closed","template":"","meta":{"inline_featured_image":false,"ngg_post_thumbnail":0,"footnotes":""},"class_list":["post-249","page","type-page","status-publish","hentry","entry"],"_links":{"self":[{"href":"https:\/\/www2.unifap.br\/meninasnacomputacao\/wp-json\/wp\/v2\/pages\/249","targetHints":{"allow":["GET"]}}],"collection":[{"href":"https:\/\/www2.unifap.br\/meninasnacomputacao\/wp-json\/wp\/v2\/pages"}],"about":[{"href":"https:\/\/www2.unifap.br\/meninasnacomputacao\/wp-json\/wp\/v2\/types\/page"}],"author":[{"embeddable":true,"href":"https:\/\/www2.unifap.br\/meninasnacomputacao\/wp-json\/wp\/v2\/users\/3877"}],"replies":[{"embeddable":true,"href":"https:\/\/www2.unifap.br\/meninasnacomputacao\/wp-json\/wp\/v2\/comments?post=249"}],"version-history":[{"count":2,"href":"https:\/\/www2.unifap.br\/meninasnacomputacao\/wp-json\/wp\/v2\/pages\/249\/revisions"}],"predecessor-version":[{"id":286,"href":"https:\/\/www2.unifap.br\/meninasnacomputacao\/wp-json\/wp\/v2\/pages\/249\/revisions\/286"}],"up":[{"embeddable":true,"href":"https:\/\/www2.unifap.br\/meninasnacomputacao\/wp-json\/wp\/v2\/pages\/246"}],"wp:attachment":[{"href":"https:\/\/www2.unifap.br\/meninasnacomputacao\/wp-json\/wp\/v2\/media?parent=249"}],"curies":[{"name":"wp","href":"https:\/\/api.w.org\/{rel}","templated":true}]}}