{"id":250,"date":"2020-09-19T12:47:50","date_gmt":"2020-09-19T15:47:50","guid":{"rendered":"http:\/\/www2.unifap.br\/meninasnacomputacao\/?page_id=250"},"modified":"2020-09-20T14:55:50","modified_gmt":"2020-09-20T17:55:50","slug":"programacao-arduino","status":"publish","type":"page","link":"https:\/\/www2.unifap.br\/meninasnacomputacao\/acoes\/oficinas\/programacao-arduino\/","title":{"rendered":"Programa\u00e7\u00e3o Arduino"},"content":{"rendered":"<p>Aqui fazemos uso da programa\u00e7\u00e3o em blocos usando o computador como ambiente de desenvolvimento para ensinar as alunas a utilizar essa programa\u00e7\u00e3o para interagir com pequenas placas de prototipagem chamadas Arduino.&nbsp;<\/p>\n<p>Essas plaquinhas podem ser usadas para criar objetos dos mais diversos prop\u00f3sitos, como impressoras ou rob\u00f4s, ou controlar ambientes com sensores de luz ou aproxima\u00e7\u00e3o, por exemplo.<\/p>\n","protected":false},"excerpt":{"rendered":"<p>Aqui fazemos uso da programa\u00e7\u00e3o em blocos usando o computador como ambiente de desenvolvimento para ensinar as alunas a utilizar essa programa\u00e7\u00e3o para interagir com pequenas placas de prototipagem chamadas Arduino.&nbsp; Essas plaquinhas podem ser usadas para criar objetos dos mais diversos prop\u00f3sitos, como impressoras ou rob\u00f4s, ou controlar ambientes com sensores de luz ou&#8230;<\/p>\n","protected":false},"author":3877,"featured_media":0,"parent":246,"menu_order":0,"comment_status":"closed","ping_status":"closed","template":"","meta":{"inline_featured_image":false,"ngg_post_thumbnail":0,"footnotes":""},"class_list":["post-250","page","type-page","status-publish","hentry","entry"],"_links":{"self":[{"href":"https:\/\/www2.unifap.br\/meninasnacomputacao\/wp-json\/wp\/v2\/pages\/250","targetHints":{"allow":["GET"]}}],"collection":[{"href":"https:\/\/www2.unifap.br\/meninasnacomputacao\/wp-json\/wp\/v2\/pages"}],"about":[{"href":"https:\/\/www2.unifap.br\/meninasnacomputacao\/wp-json\/wp\/v2\/types\/page"}],"author":[{"embeddable":true,"href":"https:\/\/www2.unifap.br\/meninasnacomputacao\/wp-json\/wp\/v2\/users\/3877"}],"replies":[{"embeddable":true,"href":"https:\/\/www2.unifap.br\/meninasnacomputacao\/wp-json\/wp\/v2\/comments?post=250"}],"version-history":[{"count":2,"href":"https:\/\/www2.unifap.br\/meninasnacomputacao\/wp-json\/wp\/v2\/pages\/250\/revisions"}],"predecessor-version":[{"id":288,"href":"https:\/\/www2.unifap.br\/meninasnacomputacao\/wp-json\/wp\/v2\/pages\/250\/revisions\/288"}],"up":[{"embeddable":true,"href":"https:\/\/www2.unifap.br\/meninasnacomputacao\/wp-json\/wp\/v2\/pages\/246"}],"wp:attachment":[{"href":"https:\/\/www2.unifap.br\/meninasnacomputacao\/wp-json\/wp\/v2\/media?parent=250"}],"curies":[{"name":"wp","href":"https:\/\/api.w.org\/{rel}","templated":true}]}}