{"id":252,"date":"2020-09-19T12:47:50","date_gmt":"2020-09-19T15:47:50","guid":{"rendered":"http:\/\/www2.unifap.br\/meninasnacomputacao\/?page_id=252"},"modified":"2020-09-20T14:56:36","modified_gmt":"2020-09-20T17:56:36","slug":"cinemana","status":"publish","type":"page","link":"https:\/\/www2.unifap.br\/meninasnacomputacao\/acoes\/eventos\/cinemana\/","title":{"rendered":"Cinemana"},"content":{"rendered":"<p>O Cinemana \u00e9 uma iniciativa do Meninas na Computa\u00e7\u00e3o para mostrar filmes sobre personagens femininas inspiradoras, com mensagens interessantes a serem aprendidas, ou tamb\u00e9m relacionadas ao nosso objetivo de fomentar o interesse de mulheres na \u00e1rea da computa\u00e7\u00e3o. Ap\u00f3s a exibi\u00e7\u00e3o, fazemos uma discuss\u00e3o acerca das obras exibidas e sua tem\u00e1tica, comentando sobre os principais pontos do filme e seu contexto social.<\/p>\n","protected":false},"excerpt":{"rendered":"<p>O Cinemana \u00e9 uma iniciativa do Meninas na Computa\u00e7\u00e3o para mostrar filmes sobre personagens femininas inspiradoras, com mensagens interessantes a serem aprendidas, ou tamb\u00e9m relacionadas ao nosso objetivo de fomentar o interesse de mulheres na \u00e1rea da computa\u00e7\u00e3o. Ap\u00f3s a exibi\u00e7\u00e3o, fazemos uma discuss\u00e3o acerca das obras exibidas e sua tem\u00e1tica, comentando sobre os principais&#8230;<\/p>\n","protected":false},"author":3877,"featured_media":0,"parent":251,"menu_order":0,"comment_status":"closed","ping_status":"closed","template":"","meta":{"inline_featured_image":false,"ngg_post_thumbnail":0,"footnotes":""},"class_list":["post-252","page","type-page","status-publish","hentry","entry"],"_links":{"self":[{"href":"https:\/\/www2.unifap.br\/meninasnacomputacao\/wp-json\/wp\/v2\/pages\/252","targetHints":{"allow":["GET"]}}],"collection":[{"href":"https:\/\/www2.unifap.br\/meninasnacomputacao\/wp-json\/wp\/v2\/pages"}],"about":[{"href":"https:\/\/www2.unifap.br\/meninasnacomputacao\/wp-json\/wp\/v2\/types\/page"}],"author":[{"embeddable":true,"href":"https:\/\/www2.unifap.br\/meninasnacomputacao\/wp-json\/wp\/v2\/users\/3877"}],"replies":[{"embeddable":true,"href":"https:\/\/www2.unifap.br\/meninasnacomputacao\/wp-json\/wp\/v2\/comments?post=252"}],"version-history":[{"count":3,"href":"https:\/\/www2.unifap.br\/meninasnacomputacao\/wp-json\/wp\/v2\/pages\/252\/revisions"}],"predecessor-version":[{"id":277,"href":"https:\/\/www2.unifap.br\/meninasnacomputacao\/wp-json\/wp\/v2\/pages\/252\/revisions\/277"}],"up":[{"embeddable":true,"href":"https:\/\/www2.unifap.br\/meninasnacomputacao\/wp-json\/wp\/v2\/pages\/251"}],"wp:attachment":[{"href":"https:\/\/www2.unifap.br\/meninasnacomputacao\/wp-json\/wp\/v2\/media?parent=252"}],"curies":[{"name":"wp","href":"https:\/\/api.w.org\/{rel}","templated":true}]}}