{"id":253,"date":"2020-09-19T12:47:50","date_gmt":"2020-09-19T15:47:50","guid":{"rendered":"http:\/\/www2.unifap.br\/meninasnacomputacao\/?page_id=253"},"modified":"2020-09-20T14:56:48","modified_gmt":"2020-09-20T17:56:48","slug":"onde-ela-quiser","status":"publish","type":"page","link":"https:\/\/www2.unifap.br\/meninasnacomputacao\/acoes\/eventos\/onde-ela-quiser\/","title":{"rendered":"Onde Ela Quiser"},"content":{"rendered":"<p>Sendo o primeiro evento apresentado pelo projeto Meninas na Computa\u00e7\u00e3o, a primeira edi\u00e7\u00e3o em 2019 foi em comemora\u00e7\u00e3o ao Dia Internacional da Mulher, o evento consistiu de um dia inteiro com palestras onde convidamos mulheres de outros cursos de gradua\u00e7\u00e3o para apresentar seus trabalhos e perspectivas no meio acad\u00eamico.<\/p>\n<p>A segunda edi\u00e7\u00e3o do evento, neste ano de 2020, consistia de duas partes: o Cinemana, apresentando o document\u00e1rio \u201cQuem \u00e9 Vanda?\u201d de Chico Carneiro e Luis Girad, o debate sobre essa obra com participa\u00e7\u00e3o do cineasta e criador do document\u00e1rio, e tamb\u00e9m o debate sobre o livro \u201cNo Ponto: Aluga-se corpo, narrativa das profissionais do sexo de Macap\u00e1\u201d.<\/p>\n<p>Durante a segunda etapa do evento, seria realizada uma mesa redonda para discutir sobre os temas mulheres na ci\u00eancia, maternidade e a vida acad\u00eamica, e mulheres em \u00e1reas predominantemente masculinas \u2014 no entanto, esta segunda parte do Onde Ela Quiser foi adiado devido \u00e0 Covid-19.<\/p>\n","protected":false},"excerpt":{"rendered":"<p>Sendo o primeiro evento apresentado pelo projeto Meninas na Computa\u00e7\u00e3o, a primeira edi\u00e7\u00e3o em 2019 foi em comemora\u00e7\u00e3o ao Dia Internacional da Mulher, o evento consistiu de um dia inteiro com palestras onde convidamos mulheres de outros cursos de gradua\u00e7\u00e3o para apresentar seus trabalhos e perspectivas no meio acad\u00eamico. A segunda edi\u00e7\u00e3o do evento, neste&#8230;<\/p>\n","protected":false},"author":3877,"featured_media":0,"parent":251,"menu_order":0,"comment_status":"closed","ping_status":"closed","template":"","meta":{"inline_featured_image":false,"ngg_post_thumbnail":0,"footnotes":""},"class_list":["post-253","page","type-page","status-publish","hentry","entry"],"_links":{"self":[{"href":"https:\/\/www2.unifap.br\/meninasnacomputacao\/wp-json\/wp\/v2\/pages\/253","targetHints":{"allow":["GET"]}}],"collection":[{"href":"https:\/\/www2.unifap.br\/meninasnacomputacao\/wp-json\/wp\/v2\/pages"}],"about":[{"href":"https:\/\/www2.unifap.br\/meninasnacomputacao\/wp-json\/wp\/v2\/types\/page"}],"author":[{"embeddable":true,"href":"https:\/\/www2.unifap.br\/meninasnacomputacao\/wp-json\/wp\/v2\/users\/3877"}],"replies":[{"embeddable":true,"href":"https:\/\/www2.unifap.br\/meninasnacomputacao\/wp-json\/wp\/v2\/comments?post=253"}],"version-history":[{"count":2,"href":"https:\/\/www2.unifap.br\/meninasnacomputacao\/wp-json\/wp\/v2\/pages\/253\/revisions"}],"predecessor-version":[{"id":279,"href":"https:\/\/www2.unifap.br\/meninasnacomputacao\/wp-json\/wp\/v2\/pages\/253\/revisions\/279"}],"up":[{"embeddable":true,"href":"https:\/\/www2.unifap.br\/meninasnacomputacao\/wp-json\/wp\/v2\/pages\/251"}],"wp:attachment":[{"href":"https:\/\/www2.unifap.br\/meninasnacomputacao\/wp-json\/wp\/v2\/media?parent=253"}],"curies":[{"name":"wp","href":"https:\/\/api.w.org\/{rel}","templated":true}]}}