{"id":254,"date":"2020-09-19T12:47:50","date_gmt":"2020-09-19T15:47:50","guid":{"rendered":"http:\/\/www2.unifap.br\/meninasnacomputacao\/?page_id=254"},"modified":"2020-09-20T14:58:00","modified_gmt":"2020-09-20T17:58:00","slug":"mulheres-na-computacao-de-norte-a-sul","status":"publish","type":"page","link":"https:\/\/www2.unifap.br\/meninasnacomputacao\/acoes\/eventos\/mulheres-na-computacao-de-norte-a-sul\/","title":{"rendered":"Mulheres na Computa\u00e7\u00e3o: de Norte a Sul"},"content":{"rendered":"<div class=\"kvgmc6g5 cxmmr5t8 oygrvhab hcukyx3x c1et5uql ii04i59q\">\n<div dir=\"auto\">Os projetos de extens\u00e3o Meninas na Computa\u00e7\u00e3o &#8211; UNIFAP e Gurias na Computa\u00e7\u00e3o &#8211; UNIPAMPA, campus Alegrete, realizar\u00e3o uma s\u00e9rie de debates sobre Mulheres, Ci\u00eancia e Tecnologia, considerando as diferen\u00e7as regionais do Brasil.<\/div>\n<\/div>\n<div dir=\"auto\">&nbsp;<\/div>\n<div dir=\"auto\"><img fetchpriority=\"high\" decoding=\"async\" class=\" wp-image-183 aligncenter\" src=\"http:\/\/www2.unifap.br\/meninasnacomputacao\/files\/2020\/06\/118429444_954476955034784_8197992268267945692_o-300x300.jpg\" alt=\"\" width=\"344\" height=\"344\" srcset=\"https:\/\/www2.unifap.br\/meninasnacomputacao\/files\/2020\/06\/118429444_954476955034784_8197992268267945692_o-300x300.jpg 300w, https:\/\/www2.unifap.br\/meninasnacomputacao\/files\/2020\/06\/118429444_954476955034784_8197992268267945692_o-1024x1024.jpg 1024w, https:\/\/www2.unifap.br\/meninasnacomputacao\/files\/2020\/06\/118429444_954476955034784_8197992268267945692_o-150x150.jpg 150w, https:\/\/www2.unifap.br\/meninasnacomputacao\/files\/2020\/06\/118429444_954476955034784_8197992268267945692_o-768x768.jpg 768w, https:\/\/www2.unifap.br\/meninasnacomputacao\/files\/2020\/06\/118429444_954476955034784_8197992268267945692_o-70x70.jpg 70w, https:\/\/www2.unifap.br\/meninasnacomputacao\/files\/2020\/06\/118429444_954476955034784_8197992268267945692_o.jpg 1080w\" sizes=\"(max-width: 344px) 100vw, 344px\" \/><\/div>\n<div class=\"o9v6fnle cxmmr5t8 oygrvhab hcukyx3x c1et5uql ii04i59q\">\n<div dir=\"auto\">&nbsp;<\/div>\n<div dir=\"auto\">A ideia central \u00e9 reunir mulheres de diferentes regi\u00f5es do pa\u00eds para falarem sobre suas experi\u00eancias no mercado de trabalho, na carreira acad\u00eamica, das oportunidades locais na carreira e diversos outros assuntos relacionados \u00e0s suas trajet\u00f3rias profissionais.<\/div>\n<\/div>\n","protected":false},"excerpt":{"rendered":"<p>Os projetos de extens\u00e3o Meninas na Computa\u00e7\u00e3o &#8211; UNIFAP e Gurias na Computa\u00e7\u00e3o &#8211; UNIPAMPA, campus Alegrete, realizar\u00e3o uma s\u00e9rie de debates sobre Mulheres, Ci\u00eancia e Tecnologia, considerando as diferen\u00e7as regionais do Brasil. &nbsp; &nbsp; A ideia central \u00e9 reunir mulheres de diferentes regi\u00f5es do pa\u00eds para falarem sobre suas experi\u00eancias no mercado de trabalho,&#8230;<\/p>\n","protected":false},"author":3877,"featured_media":0,"parent":251,"menu_order":0,"comment_status":"closed","ping_status":"closed","template":"","meta":{"inline_featured_image":false,"ngg_post_thumbnail":0,"footnotes":""},"class_list":["post-254","page","type-page","status-publish","hentry","entry"],"_links":{"self":[{"href":"https:\/\/www2.unifap.br\/meninasnacomputacao\/wp-json\/wp\/v2\/pages\/254","targetHints":{"allow":["GET"]}}],"collection":[{"href":"https:\/\/www2.unifap.br\/meninasnacomputacao\/wp-json\/wp\/v2\/pages"}],"about":[{"href":"https:\/\/www2.unifap.br\/meninasnacomputacao\/wp-json\/wp\/v2\/types\/page"}],"author":[{"embeddable":true,"href":"https:\/\/www2.unifap.br\/meninasnacomputacao\/wp-json\/wp\/v2\/users\/3877"}],"replies":[{"embeddable":true,"href":"https:\/\/www2.unifap.br\/meninasnacomputacao\/wp-json\/wp\/v2\/comments?post=254"}],"version-history":[{"count":2,"href":"https:\/\/www2.unifap.br\/meninasnacomputacao\/wp-json\/wp\/v2\/pages\/254\/revisions"}],"predecessor-version":[{"id":290,"href":"https:\/\/www2.unifap.br\/meninasnacomputacao\/wp-json\/wp\/v2\/pages\/254\/revisions\/290"}],"up":[{"embeddable":true,"href":"https:\/\/www2.unifap.br\/meninasnacomputacao\/wp-json\/wp\/v2\/pages\/251"}],"wp:attachment":[{"href":"https:\/\/www2.unifap.br\/meninasnacomputacao\/wp-json\/wp\/v2\/media?parent=254"}],"curies":[{"name":"wp","href":"https:\/\/api.w.org\/{rel}","templated":true}]}}