{"id":255,"date":"2020-09-19T12:47:50","date_gmt":"2020-09-19T15:47:50","guid":{"rendered":"http:\/\/www2.unifap.br\/meninasnacomputacao\/?page_id=255"},"modified":"2020-09-20T14:57:16","modified_gmt":"2020-09-20T17:57:16","slug":"participacoes","status":"publish","type":"page","link":"https:\/\/www2.unifap.br\/meninasnacomputacao\/acoes\/participacoes\/","title":{"rendered":"Participa\u00e7\u00f5es"},"content":{"rendered":"<p>O Meninas na Computa\u00e7\u00e3o participou tamb\u00e9m em alguns eventos de outros cursos da UNIFAP, como tamb\u00e9m em eventos organizados pela Pr\u00f3-Reitoria de Ensino de Gradua\u00e7\u00e3o (PROGRAD), o Departamento de Extens\u00e3o (DEX) e a Pr\u00f3-Reitoria de Extens\u00e3o e A\u00e7\u00f5es Comunit\u00e1rias (PROEAC).<\/p>\n<ul>\n<li><b>Corredor do Conhecimento<\/b><\/li>\n<\/ul>\n<ul>\n<li><strong>II Mostra de Extens\u00e3o da UNIFAP<\/strong><\/li>\n<\/ul>\n<ul>\n<li><strong>VIII Semana de Engenharia El\u00e9trica<\/strong><\/li>\n<\/ul>\n","protected":false},"excerpt":{"rendered":"<p>O Meninas na Computa\u00e7\u00e3o participou tamb\u00e9m em alguns eventos de outros cursos da UNIFAP, como tamb\u00e9m em eventos organizados pela Pr\u00f3-Reitoria de Ensino de Gradua\u00e7\u00e3o (PROGRAD), o Departamento de Extens\u00e3o (DEX) e a Pr\u00f3-Reitoria de Extens\u00e3o e A\u00e7\u00f5es Comunit\u00e1rias (PROEAC). Corredor do Conhecimento II Mostra de Extens\u00e3o da UNIFAP VIII Semana de Engenharia El\u00e9trica<\/p>\n","protected":false},"author":3877,"featured_media":0,"parent":56,"menu_order":0,"comment_status":"closed","ping_status":"closed","template":"","meta":{"inline_featured_image":false,"ngg_post_thumbnail":0,"footnotes":""},"class_list":["post-255","page","type-page","status-publish","hentry","entry"],"_links":{"self":[{"href":"https:\/\/www2.unifap.br\/meninasnacomputacao\/wp-json\/wp\/v2\/pages\/255","targetHints":{"allow":["GET"]}}],"collection":[{"href":"https:\/\/www2.unifap.br\/meninasnacomputacao\/wp-json\/wp\/v2\/pages"}],"about":[{"href":"https:\/\/www2.unifap.br\/meninasnacomputacao\/wp-json\/wp\/v2\/types\/page"}],"author":[{"embeddable":true,"href":"https:\/\/www2.unifap.br\/meninasnacomputacao\/wp-json\/wp\/v2\/users\/3877"}],"replies":[{"embeddable":true,"href":"https:\/\/www2.unifap.br\/meninasnacomputacao\/wp-json\/wp\/v2\/comments?post=255"}],"version-history":[{"count":2,"href":"https:\/\/www2.unifap.br\/meninasnacomputacao\/wp-json\/wp\/v2\/pages\/255\/revisions"}],"predecessor-version":[{"id":282,"href":"https:\/\/www2.unifap.br\/meninasnacomputacao\/wp-json\/wp\/v2\/pages\/255\/revisions\/282"}],"up":[{"embeddable":true,"href":"https:\/\/www2.unifap.br\/meninasnacomputacao\/wp-json\/wp\/v2\/pages\/56"}],"wp:attachment":[{"href":"https:\/\/www2.unifap.br\/meninasnacomputacao\/wp-json\/wp\/v2\/media?parent=255"}],"curies":[{"name":"wp","href":"https:\/\/api.w.org\/{rel}","templated":true}]}}