{"id":56,"date":"2020-06-28T19:46:30","date_gmt":"2020-06-28T22:46:30","guid":{"rendered":"http:\/\/www2.unifap.br\/meninasnacomputacao\/?page_id=56"},"modified":"2022-02-11T19:53:39","modified_gmt":"2022-02-11T21:53:39","slug":"acoes","status":"publish","type":"page","link":"https:\/\/www2.unifap.br\/meninasnacomputacao\/acoes\/","title":{"rendered":"A\u00e7\u00f5es"},"content":{"rendered":"<h2 style=\"text-align: center\"><strong>Livro<\/strong><\/h2>\n<ul>\n<li><a href=\"http:\/\/www2.unifap.br\/meninasnacomputacao\/acoes\/livro-todas-somos-adas\/\"><strong>Todas Somos Adas<\/strong><\/a><\/li>\n<\/ul>\n<h2 style=\"text-align: center\"><strong>Eventos<\/strong><\/h2>\n<ul>\n<li><a href=\"http:\/\/www2.unifap.br\/meninasnacomputacao\/cinemana\/\"><strong>Cinemana<\/strong><\/a><\/li>\n<\/ul>\n<p>&nbsp;<\/p>\n<ul>\n<li><a href=\"http:\/\/www2.unifap.br\/meninasnacomputacao\/onde-ela-quiser\/\"><b>Onde Ela Quiser<\/b><\/a><\/li>\n<\/ul>\n<p>&nbsp;<\/p>\n<h2 style=\"text-align: center\"><b>Oficinas<\/b><\/h2>\n<p>&nbsp;<\/p>\n<ul>\n<li><a href=\"http:\/\/www2.unifap.br\/meninasnacomputacao\/logica-de-programacao\/\"><strong>Oficina de L\u00f3gica de Programa\u00e7\u00e3o<\/strong><\/a><\/li>\n<\/ul>\n<p>&nbsp;<\/p>\n<ul>\n<li><a href=\"http:\/\/www2.unifap.br\/meninasnacomputacao\/programacao-android\/\"><b>Oficina de Programa\u00e7\u00e3o Android<\/b><\/a><\/li>\n<\/ul>\n<p>&nbsp;<\/p>\n<ul>\n<li><a href=\"http:\/\/www2.unifap.br\/meninasnacomputacao\/programacao-arduino\/\"><b>Oficina de Programa\u00e7\u00e3o Arduino<\/b><\/a><\/li>\n<\/ul>\n<p>&nbsp;<\/p>\n<p>&nbsp;<\/p>\n<p>&nbsp;<\/p>\n<p>&nbsp;<\/p>\n<p>&nbsp;<\/p>\n","protected":false},"excerpt":{"rendered":"<p>Livro Todas Somos Adas Eventos Cinemana &nbsp; Onde Ela Quiser &nbsp; Oficinas &nbsp; Oficina de L\u00f3gica de Programa\u00e7\u00e3o &nbsp; Oficina de Programa\u00e7\u00e3o Android &nbsp; Oficina de Programa\u00e7\u00e3o Arduino &nbsp; &nbsp; &nbsp; &nbsp; &nbsp;<\/p>\n","protected":false},"author":3877,"featured_media":0,"parent":0,"menu_order":0,"comment_status":"closed","ping_status":"closed","template":"","meta":{"inline_featured_image":false,"ngg_post_thumbnail":0,"footnotes":""},"class_list":["post-56","page","type-page","status-publish","hentry","entry"],"_links":{"self":[{"href":"https:\/\/www2.unifap.br\/meninasnacomputacao\/wp-json\/wp\/v2\/pages\/56","targetHints":{"allow":["GET"]}}],"collection":[{"href":"https:\/\/www2.unifap.br\/meninasnacomputacao\/wp-json\/wp\/v2\/pages"}],"about":[{"href":"https:\/\/www2.unifap.br\/meninasnacomputacao\/wp-json\/wp\/v2\/types\/page"}],"author":[{"embeddable":true,"href":"https:\/\/www2.unifap.br\/meninasnacomputacao\/wp-json\/wp\/v2\/users\/3877"}],"replies":[{"embeddable":true,"href":"https:\/\/www2.unifap.br\/meninasnacomputacao\/wp-json\/wp\/v2\/comments?post=56"}],"version-history":[{"count":13,"href":"https:\/\/www2.unifap.br\/meninasnacomputacao\/wp-json\/wp\/v2\/pages\/56\/revisions"}],"predecessor-version":[{"id":152,"href":"https:\/\/www2.unifap.br\/meninasnacomputacao\/wp-json\/wp\/v2\/pages\/56\/revisions\/152"}],"wp:attachment":[{"href":"https:\/\/www2.unifap.br\/meninasnacomputacao\/wp-json\/wp\/v2\/media?parent=56"}],"curies":[{"name":"wp","href":"https:\/\/api.w.org\/{rel}","templated":true}]}}