{"id":578,"date":"2022-02-11T19:39:16","date_gmt":"2022-02-11T21:39:16","guid":{"rendered":"http:\/\/www2.unifap.br\/meninasnacomputacao\/?page_id=578"},"modified":"2022-08-03T11:25:04","modified_gmt":"2022-08-03T14:25:04","slug":"livro-todas-somos-adas","status":"publish","type":"page","link":"https:\/\/www2.unifap.br\/meninasnacomputacao\/acoes\/livro-todas-somos-adas\/","title":{"rendered":"Livro &#8220;Todas Somos Adas&#8221;"},"content":{"rendered":"<p style=\"text-align: left\"><a href=\"http:\/\/bit.ly\/ebookTodasSomosAdas\"><img fetchpriority=\"high\" decoding=\"async\" class=\"wp-image-601 alignleft\" src=\"http:\/\/www2.unifap.br\/meninasnacomputacao\/files\/2022\/08\/capa.png\" alt=\"\" width=\"612\" height=\"867\"\/><\/a><\/p>\n<h1><strong><span style=\"color: #808080\">LIVRO: TODAS SOMOS ADAS<\/span><\/strong><\/h1>\n<h3><span style=\"color: #33cccc\">APRESENTA\u00c7\u00c3O<\/span><\/h3>\n<p style=\"text-align: left\"><span style=\"color: #808080\">Ada Lovelace, ou Ada Byron, \u00e9 uma das mulheres mais importante para a Computa\u00e7\u00e3o. <\/span><span style=\"color: #808080\">Ela foi matem\u00e1tica, escritora e condessa, e foi a primeira pessoa do mundo a programar uma m\u00e1quina.<\/span><\/p>\n<p style=\"text-align: left\"><span style=\"color: #808080\">Nossa personagem nasceu inspirada nela, mas n\u00e3o somente nela, tamb\u00e9m em todas as Adas que existem! O sobrenome Silva \u00e9 uns dos mais presentes no Brasil e foi escolhido para lembrarmos a todas as meninas que elas <\/span><span style=\"color: #808080\">tamb\u00e9m podem ser brilhantes, independente da sua origem. Elas podem ser outras Adas que fazem hist\u00f3ria!<\/span><\/p>\n<p style=\"text-align: left\"><span style=\"color: #808080\">Desejamos a todos e todas uma \u00f3tima leitura! <\/span><span style=\"color: #808080\">Esperamos que se encantem tamb\u00e9m com a <\/span><span style=\"color: #808080\">hist\u00f3ria da Ada Silva, porque ela \u00e9 um pouco de n\u00f3s, e tamb\u00e9m um pouco de todas as meninas e mulheres que j\u00e1 passaram pelo Meninas na Computa\u00e7\u00e3o.<\/span><\/p>\n<h3><span style=\"color: #33cccc\">Coordena\u00e7\u00e3o<\/span><\/h3>\n<p><span style=\"color: #808080\">Patr\u00edcia Ara\u00fajo de Oliveira<\/span><\/p>\n<h3><span style=\"color: #33cccc\">Roteiro<\/span><\/h3>\n<p><span style=\"color: #808080\">Adrilana Patr\u00edcia Loureiro de Oliveira<\/span><\/p>\n<h3><span style=\"color: #33cccc\">Capa, projeto gr\u00e1fico e ilustra\u00e7\u00f5es<\/span><\/h3>\n<p><span style=\"color: #808080\">Kamila Farias dos Santos<\/span><\/p>\n<h3><span style=\"color: #33cccc\">Sele\u00e7\u00e3o e adapta\u00e7\u00e3o das atividades<\/span><\/h3>\n<p><span style=\"color: #808080\">Lorena Roberta Nunes Guimar\u00e3es<\/span><\/p>\n<p><span style=\"color: #808080\">Maiara Priscila dos Santos Lima<\/span><\/p>\n<p><a href=\"http:\/\/bit.ly\/ebookTodasSomosAdas\"><img decoding=\"async\" class=\"n3VNCb KAlRDb\" src=\"https:\/\/upload.wikimedia.org\/wikipedia\/commons\/thumb\/1\/1e\/Download-Icon.png\/800px-Download-Icon.png\" alt=\"File:Download-Icon.png - Wikimedia Commons\" data-noaft=\"1\" width=\"30\" height=\"30\"\/><\/a> <span style=\"color: #ff9900\"><a style=\"color: #ff9900\" href=\"http:\/\/bit.ly\/ebookTodasSomosAdas\">Download<\/a><\/span><\/p>\n","protected":false},"excerpt":{"rendered":"<p>LIVRO: TODAS SOMOS ADAS APRESENTA\u00c7\u00c3O Ada Lovelace, ou Ada Byron, \u00e9 uma das mulheres mais importante para a Computa\u00e7\u00e3o. Ela foi matem\u00e1tica, escritora e condessa, e foi a primeira pessoa do mundo a programar uma m\u00e1quina. Nossa personagem nasceu inspirada nela, mas n\u00e3o somente nela, tamb\u00e9m em todas as Adas que existem! O sobrenome Silva&#8230;<\/p>\n","protected":false},"author":3877,"featured_media":0,"parent":56,"menu_order":0,"comment_status":"closed","ping_status":"closed","template":"","meta":{"inline_featured_image":false,"ngg_post_thumbnail":0,"footnotes":""},"class_list":["post-578","page","type-page","status-publish","hentry","entry"],"_links":{"self":[{"href":"https:\/\/www2.unifap.br\/meninasnacomputacao\/wp-json\/wp\/v2\/pages\/578","targetHints":{"allow":["GET"]}}],"collection":[{"href":"https:\/\/www2.unifap.br\/meninasnacomputacao\/wp-json\/wp\/v2\/pages"}],"about":[{"href":"https:\/\/www2.unifap.br\/meninasnacomputacao\/wp-json\/wp\/v2\/types\/page"}],"author":[{"embeddable":true,"href":"https:\/\/www2.unifap.br\/meninasnacomputacao\/wp-json\/wp\/v2\/users\/3877"}],"replies":[{"embeddable":true,"href":"https:\/\/www2.unifap.br\/meninasnacomputacao\/wp-json\/wp\/v2\/comments?post=578"}],"version-history":[{"count":20,"href":"https:\/\/www2.unifap.br\/meninasnacomputacao\/wp-json\/wp\/v2\/pages\/578\/revisions"}],"predecessor-version":[{"id":615,"href":"https:\/\/www2.unifap.br\/meninasnacomputacao\/wp-json\/wp\/v2\/pages\/578\/revisions\/615"}],"up":[{"embeddable":true,"href":"https:\/\/www2.unifap.br\/meninasnacomputacao\/wp-json\/wp\/v2\/pages\/56"}],"wp:attachment":[{"href":"https:\/\/www2.unifap.br\/meninasnacomputacao\/wp-json\/wp\/v2\/media?parent=578"}],"curies":[{"name":"wp","href":"https:\/\/api.w.org\/{rel}","templated":true}]}}