{"id":82,"date":"2020-06-28T19:57:04","date_gmt":"2020-06-28T22:57:04","guid":{"rendered":"http:\/\/www2.unifap.br\/meninasnacomputacao\/?page_id=82"},"modified":"2022-05-02T20:14:53","modified_gmt":"2022-05-02T23:14:53","slug":"contatos","status":"publish","type":"page","link":"https:\/\/www2.unifap.br\/meninasnacomputacao\/contatos\/","title":{"rendered":"Contatos"},"content":{"rendered":"<p><span style=\"font-weight: 400\">Tem alguma d\u00favida, elogio ou reclama\u00e7\u00e3o?<\/span><\/p>\n<p><span style=\"font-weight: 400\">Para entrar em contato conosco, envie-nos uma mensagem atrav\u00e9s do nosso e-mail: <\/span><strong><a href=\"mailto:unifapmeninasnacomputacao@gmail.com\">unifapmeninasnacomputacao@gmail.com<\/a><\/strong><span style=\"font-weight: 400\"> ou pelas nossas redes sociais, no <\/span><span style=\"font-weight: 400\"><a href=\"https:\/\/www.facebook.com\/meninasnacomputacaounifap\"><b>Facebook<\/b><\/a>, e tamb\u00e9m o nosso <strong><a href=\"https:\/\/www.instagram.com\/meninasnacomputacao\/\">Instagram<\/a><\/strong><strong style=\"font-weight: 400\">.&nbsp;<\/strong><\/span><\/p>\n<p>Responderemos o mais breve poss\u00edvel, obrigada pelo interesse!<\/p>\n<p>&nbsp;<\/p>\n<p>&nbsp;<\/p>\n<p>&nbsp;<\/p>\n","protected":false},"excerpt":{"rendered":"<p>Tem alguma d\u00favida, elogio ou reclama\u00e7\u00e3o? Para entrar em contato conosco, envie-nos uma mensagem atrav\u00e9s do nosso e-mail: unifapmeninasnacomputacao@gmail.com ou pelas nossas redes sociais, no Facebook, e tamb\u00e9m o nosso Instagram.&nbsp; Responderemos o mais breve poss\u00edvel, obrigada pelo interesse! &nbsp; &nbsp; &nbsp;<\/p>\n","protected":false},"author":3877,"featured_media":0,"parent":0,"menu_order":0,"comment_status":"closed","ping_status":"closed","template":"","meta":{"inline_featured_image":false,"ngg_post_thumbnail":0,"footnotes":""},"class_list":["post-82","page","type-page","status-publish","hentry","entry"],"_links":{"self":[{"href":"https:\/\/www2.unifap.br\/meninasnacomputacao\/wp-json\/wp\/v2\/pages\/82","targetHints":{"allow":["GET"]}}],"collection":[{"href":"https:\/\/www2.unifap.br\/meninasnacomputacao\/wp-json\/wp\/v2\/pages"}],"about":[{"href":"https:\/\/www2.unifap.br\/meninasnacomputacao\/wp-json\/wp\/v2\/types\/page"}],"author":[{"embeddable":true,"href":"https:\/\/www2.unifap.br\/meninasnacomputacao\/wp-json\/wp\/v2\/users\/3877"}],"replies":[{"embeddable":true,"href":"https:\/\/www2.unifap.br\/meninasnacomputacao\/wp-json\/wp\/v2\/comments?post=82"}],"version-history":[{"count":12,"href":"https:\/\/www2.unifap.br\/meninasnacomputacao\/wp-json\/wp\/v2\/pages\/82\/revisions"}],"predecessor-version":[{"id":594,"href":"https:\/\/www2.unifap.br\/meninasnacomputacao\/wp-json\/wp\/v2\/pages\/82\/revisions\/594"}],"wp:attachment":[{"href":"https:\/\/www2.unifap.br\/meninasnacomputacao\/wp-json\/wp\/v2\/media?parent=82"}],"curies":[{"name":"wp","href":"https:\/\/api.w.org\/{rel}","templated":true}]}}