{"id":1883,"date":"2016-01-21T21:41:55","date_gmt":"2016-01-21T21:41:55","guid":{"rendered":"http:\/\/www2.unifap.br\/nai\/?page_id=1883"},"modified":"2021-09-28T11:52:29","modified_gmt":"2021-09-28T11:52:29","slug":"projeto-sape","status":"publish","type":"page","link":"https:\/\/www2.unifap.br\/nai\/projeto\/projeto-sape\/","title":{"rendered":"Projeto de Atendimento Psicopedag\u00f3gico"},"content":{"rendered":"<p><strong>Servi\u00e7o de Atendimento Psicopedag\u00f3gico (SAPE), registrado sob o\u00a0n.\u00a00333\/2012, pelo Departamento de Pesquisa da Universidade Federal do Amap\u00e1<\/strong>.<\/p>\n<p><strong>Descri\u00e7\u00e3o<\/strong>:<\/p>\n<p>O objetivo \u00e9 assistir pedagogicamente ao estudante por meio de a\u00e7\u00f5es e projetos espec\u00edficos de acompanhamento, que garantam o atendimento de suas demandas b\u00e1sicas com vistas ao bom desempenho acad\u00eamico e profissional. O processo de inclus\u00e3o \u00e9 poss\u00edvel, para tanto, faz-se necess\u00e1rio romper com modelos tradicionais e alavancar a mudan\u00e7a de paradigmas, construindo e redimensionando uma nova realidade que atenda com efic\u00e1cia e efici\u00eancia as pessoas com defici\u00eancias em sala de aula, assegurando a constru\u00e7\u00e3o do conhecimento e da aprendizagem significativa.<\/p>\n<p><strong>Equipe executora em 2016<\/strong>:<\/p>\n<p>Leila do Socorro Rodrigues Feio\u00a0 (Coordenadora),\u00a0 Arlan Amanaj\u00e1s Pinto, Edna Maria da Silva Oliveira, Eliane Leal Vasquez, Rocio Rubi Calla Salcedo, Selma Gomes da Silva e Washington Luiz de Oliveira Brand\u00e3o (Colaboradores) &#8211; Grupo Pol\u00edticas P\u00fablicas, Educa\u00e7\u00e3o Inclusiva, Tecnologia Assistiva e Sa\u00fade Coletiva &#8211; PEPITAS\/UNIFAP\/CNPq.<\/p>\n<p><strong>Financiador(es)<\/strong>:<\/p>\n<p>Universidade Federal do Amap\u00e1 &#8211; Coopera\u00e7\u00e3o.<\/p>\n<p>&nbsp;<\/p>\n<p>&nbsp;<\/p>\n","protected":false},"excerpt":{"rendered":"<p>Servi\u00e7o de Atendimento Psicopedag\u00f3gico (SAPE), registrado sob o\u00a0n.\u00a00333\/2012, pelo Departamento de Pesquisa da Universidade Federal do Amap\u00e1. Descri\u00e7\u00e3o: O objetivo \u00e9 assistir pedagogicamente&#8230;<\/p>\n","protected":false},"author":406,"featured_media":0,"parent":2586,"menu_order":0,"comment_status":"closed","ping_status":"open","template":"","meta":{"inline_featured_image":false,"ngg_post_thumbnail":0,"footnotes":""},"class_list":["post-1883","page","type-page","status-publish","hentry"],"_links":{"self":[{"href":"https:\/\/www2.unifap.br\/nai\/wp-json\/wp\/v2\/pages\/1883","targetHints":{"allow":["GET"]}}],"collection":[{"href":"https:\/\/www2.unifap.br\/nai\/wp-json\/wp\/v2\/pages"}],"about":[{"href":"https:\/\/www2.unifap.br\/nai\/wp-json\/wp\/v2\/types\/page"}],"author":[{"embeddable":true,"href":"https:\/\/www2.unifap.br\/nai\/wp-json\/wp\/v2\/users\/406"}],"replies":[{"embeddable":true,"href":"https:\/\/www2.unifap.br\/nai\/wp-json\/wp\/v2\/comments?post=1883"}],"version-history":[{"count":16,"href":"https:\/\/www2.unifap.br\/nai\/wp-json\/wp\/v2\/pages\/1883\/revisions"}],"predecessor-version":[{"id":3763,"href":"https:\/\/www2.unifap.br\/nai\/wp-json\/wp\/v2\/pages\/1883\/revisions\/3763"}],"up":[{"embeddable":true,"href":"https:\/\/www2.unifap.br\/nai\/wp-json\/wp\/v2\/pages\/2586"}],"wp:attachment":[{"href":"https:\/\/www2.unifap.br\/nai\/wp-json\/wp\/v2\/media?parent=1883"}],"curies":[{"name":"wp","href":"https:\/\/api.w.org\/{rel}","templated":true}]}}