{"id":2362,"date":"2016-06-24T12:56:44","date_gmt":"2016-06-24T12:56:44","guid":{"rendered":"http:\/\/www2.unifap.br\/nai\/?page_id=2362"},"modified":"2021-09-28T11:52:29","modified_gmt":"2021-09-28T11:52:29","slug":"formulario-online-nai-com-voce","status":"publish","type":"page","link":"https:\/\/www2.unifap.br\/nai\/projeto\/nai-com-voce\/formulario-online-nai-com-voce\/","title":{"rendered":"Formul\u00e1rio online: NAI com voc\u00ea"},"content":{"rendered":"<p style=\"text-align: justify\">O\u00a0<em>&#8220;NAI com voc\u00ea<\/em>&#8221; tem como objetivo recepcionar os estudantes matriculados na Universidade Federal do Amap\u00e1, visando \u00a0desenvolver\u00a0informativos sobre os servi\u00e7os prestados pelo N\u00facleo de Acessibilidade e Inclus\u00e3o (NAI\/PROEAC\/UNIFAP).\u00a0Para contribuir com o\u00a0levantamento sobre o perfil sociodemogr\u00e1fico dos estudantes universit\u00e1rios \u00e9 necess\u00e1rio\u00a0preencher o formul\u00e1rio online desta a\u00e7\u00e3o institucional.<\/p>\n<p><strong>Acesse:<\/strong>\u00a0<strong><a href=\"https:\/\/docs.google.com\/forms\/d\/1J0z8khs6ZyyIvNxgNYTM-gyiQkOpoC2hMIr1s9IbVcw\/viewform?embedded=truewidth=760height=500frameborder=0marginheight=0marginwidth=0Carregando\u2026\/iframe\">Formul\u00e1rio online &#8220;NAI com voc\u00ea&#8221;<\/a><\/strong><\/p>\n<p><strong>Per\u00edodo<\/strong>:\u00a0<strong>19 de maio at\u00e9 19 de novembro de 2016<\/strong>.<\/p>\n<p>&nbsp;<\/p>\n<p>Postagem: NAI\/PROEAC\/UNIFAP.<\/p>\n","protected":false},"excerpt":{"rendered":"<p>O\u00a0&#8220;NAI com voc\u00ea&#8221; tem como objetivo recepcionar os estudantes matriculados na Universidade Federal do Amap\u00e1, visando \u00a0desenvolver\u00a0informativos sobre os servi\u00e7os prestados pelo N\u00facleo&#8230;<\/p>\n","protected":false},"author":548,"featured_media":0,"parent":2837,"menu_order":0,"comment_status":"closed","ping_status":"open","template":"","meta":{"inline_featured_image":false,"ngg_post_thumbnail":0,"footnotes":""},"class_list":["post-2362","page","type-page","status-publish","hentry"],"_links":{"self":[{"href":"https:\/\/www2.unifap.br\/nai\/wp-json\/wp\/v2\/pages\/2362","targetHints":{"allow":["GET"]}}],"collection":[{"href":"https:\/\/www2.unifap.br\/nai\/wp-json\/wp\/v2\/pages"}],"about":[{"href":"https:\/\/www2.unifap.br\/nai\/wp-json\/wp\/v2\/types\/page"}],"author":[{"embeddable":true,"href":"https:\/\/www2.unifap.br\/nai\/wp-json\/wp\/v2\/users\/548"}],"replies":[{"embeddable":true,"href":"https:\/\/www2.unifap.br\/nai\/wp-json\/wp\/v2\/comments?post=2362"}],"version-history":[{"count":3,"href":"https:\/\/www2.unifap.br\/nai\/wp-json\/wp\/v2\/pages\/2362\/revisions"}],"predecessor-version":[{"id":2873,"href":"https:\/\/www2.unifap.br\/nai\/wp-json\/wp\/v2\/pages\/2362\/revisions\/2873"}],"up":[{"embeddable":true,"href":"https:\/\/www2.unifap.br\/nai\/wp-json\/wp\/v2\/pages\/2837"}],"wp:attachment":[{"href":"https:\/\/www2.unifap.br\/nai\/wp-json\/wp\/v2\/media?parent=2362"}],"curies":[{"name":"wp","href":"https:\/\/api.w.org\/{rel}","templated":true}]}}