{"id":2590,"date":"2016-09-01T09:41:18","date_gmt":"2016-09-01T09:41:18","guid":{"rendered":"http:\/\/www2.unifap.br\/nai\/?page_id=2590"},"modified":"2021-09-28T11:52:29","modified_gmt":"2021-09-28T11:52:29","slug":"acessibilidade-e-inclusao-no-campus-binacionalunifap","status":"publish","type":"page","link":"https:\/\/www2.unifap.br\/nai\/projeto\/acessibilidade-e-inclusao-no-campus-binacionalunifap\/","title":{"rendered":"Programa de Extens\u00e3o: Acessibilidade e Inclus\u00e3o no Campus Binacional\/UNIFAP"},"content":{"rendered":"<p><strong>Descri\u00e7\u00e3o<\/strong>:<\/p>\n<p style=\"text-align: justify\">O programa de extens\u00e3o tem como objetivo ampliar as a\u00e7\u00f5es institucionais do N\u00facleo de Acessibilidade e Inclus\u00e3o da Pr\u00f3-Reitora de Extens\u00e3o e A\u00e7\u00f5es Comunit\u00e1rias\/Universidade Federal do Amap\u00e1, buscando atender as demandas de acessibilidade pedag\u00f3gica, de comunica\u00e7\u00e3o e atitudinal no Campus Binacional de Oiapoque, por meio da execu\u00e7\u00e3o de tr\u00eas projetos: 1) Assessoria em Educa\u00e7\u00e3o Inclusiva; 2) Acessibilidade Pedag\u00f3gica; 3) Servi\u00e7o Psicopedag\u00f3gico. No per\u00edodo de 29 de agosto de 2016 a 29 de agosto de 2017, ocorrer\u00e1 a execu\u00e7\u00e3o do cronograma das atividades extensionistas que tratam da pol\u00edtica de educa\u00e7\u00e3o inclusiva na educa\u00e7\u00e3o superior. O p\u00fablico alvo a ser atendido \u00e9 de cento e cincoenta participantes, envolvendo professores, t\u00e9cnicos adminstrativos, estudantes com necessidades educacionais espec\u00edficas, bem como estudantes com transtornos mentais org\u00e2nicos, transtornos do desenvolvimento psicol\u00f3gico e transtornos do comportamento e emocionais. O programa de extens\u00e3o \u00e9 registrado sob o n\u00ba\u00a0095\/2016-DEX, com carga hor\u00e1ria de 4h por semana.<\/p>\n<p><strong>Equipe executora<\/strong>:<\/p>\n<p style=\"text-align: justify\">Eliane Leal Vasquez (Coordenadora), Suelen do Socorro Melo da Luz, Eziquiel da Luz Silva, Edmilsan de Jesus Cardoso, Marina Knaip Del\u00f4go, Myryam Sylvia Sousa de Almeida, Jouze Danielle Alves de Brito \u00a0e Rosana Lima Trindade (Colaboradores).<\/p>\n<p style=\"text-align: justify\">Jorgelani Pantoja de Souza e Edilene Ferreira de Paula (Bolsista de Extens\u00e3o).<\/p>\n<p style=\"text-align: justify\"><strong>Realiza\u00e7\u00e3o<\/strong>:<\/p>\n<p>N\u00facleo de Acessibilidade e Inclus\u00e3o (NAI\/PROEAC\/UNIFAP).<\/p>\n<p>Postagem: NAI\/PROEAC\/NAI.<\/p>\n","protected":false},"excerpt":{"rendered":"<p>Descri\u00e7\u00e3o: O programa de extens\u00e3o tem como objetivo ampliar as a\u00e7\u00f5es institucionais do N\u00facleo de Acessibilidade e Inclus\u00e3o da Pr\u00f3-Reitora de Extens\u00e3o e&#8230;<\/p>\n","protected":false},"author":548,"featured_media":0,"parent":2586,"menu_order":0,"comment_status":"closed","ping_status":"open","template":"","meta":{"inline_featured_image":false,"ngg_post_thumbnail":0,"footnotes":""},"class_list":["post-2590","page","type-page","status-publish","hentry"],"_links":{"self":[{"href":"https:\/\/www2.unifap.br\/nai\/wp-json\/wp\/v2\/pages\/2590","targetHints":{"allow":["GET"]}}],"collection":[{"href":"https:\/\/www2.unifap.br\/nai\/wp-json\/wp\/v2\/pages"}],"about":[{"href":"https:\/\/www2.unifap.br\/nai\/wp-json\/wp\/v2\/types\/page"}],"author":[{"embeddable":true,"href":"https:\/\/www2.unifap.br\/nai\/wp-json\/wp\/v2\/users\/548"}],"replies":[{"embeddable":true,"href":"https:\/\/www2.unifap.br\/nai\/wp-json\/wp\/v2\/comments?post=2590"}],"version-history":[{"count":11,"href":"https:\/\/www2.unifap.br\/nai\/wp-json\/wp\/v2\/pages\/2590\/revisions"}],"predecessor-version":[{"id":3124,"href":"https:\/\/www2.unifap.br\/nai\/wp-json\/wp\/v2\/pages\/2590\/revisions\/3124"}],"up":[{"embeddable":true,"href":"https:\/\/www2.unifap.br\/nai\/wp-json\/wp\/v2\/pages\/2586"}],"wp:attachment":[{"href":"https:\/\/www2.unifap.br\/nai\/wp-json\/wp\/v2\/media?parent=2590"}],"curies":[{"name":"wp","href":"https:\/\/api.w.org\/{rel}","templated":true}]}}