{"id":2695,"date":"2016-12-09T01:28:03","date_gmt":"2016-12-09T01:28:03","guid":{"rendered":"http:\/\/www2.unifap.br\/nai\/?page_id=2695"},"modified":"2021-09-28T11:53:36","modified_gmt":"2021-09-28T11:53:36","slug":"requerimento","status":"publish","type":"page","link":"https:\/\/www2.unifap.br\/nai\/documentos\/requerimento\/","title":{"rendered":"Requerimento"},"content":{"rendered":"<p><strong><span style=\"color: #0000ff\"><a href=\"http:\/\/www2.unifap.br\/nai\/files\/2016\/12\/REQUERIMENTO-NAI.pdf\"><span style=\"color: #0000ff\">REQUERIMENTO NAI<\/span><\/a><\/span>\u00a0<\/strong>&#8211;\u00a0<span style=\"color: #0000ff\"><strong>Documento para solicita\u00e7\u00e3o de servi\u00e7os do N\u00facleo de Acessibilidade e Inclus\u00e3o.<\/strong><\/span><\/p>\n<p><span style=\"color: #0000ff\"><strong><span style=\"text-decoration: underline\"><a href=\"http:\/\/www2.unifap.br\/nai\/files\/2016\/12\/REQUERIMENTO-NAI.doc\"><span style=\"color: #0000ff;text-decoration: underline\">\u00a0<\/span><\/a><\/span><\/strong><\/span><\/p>\n","protected":false},"excerpt":{"rendered":"<p>REQUERIMENTO NAI\u00a0&#8211;\u00a0Documento para solicita\u00e7\u00e3o de servi\u00e7os do N\u00facleo de Acessibilidade e Inclus\u00e3o. \u00a0<\/p>\n","protected":false},"author":548,"featured_media":0,"parent":2691,"menu_order":0,"comment_status":"closed","ping_status":"open","template":"","meta":{"inline_featured_image":false,"ngg_post_thumbnail":0,"footnotes":""},"class_list":["post-2695","page","type-page","status-publish","hentry"],"_links":{"self":[{"href":"https:\/\/www2.unifap.br\/nai\/wp-json\/wp\/v2\/pages\/2695","targetHints":{"allow":["GET"]}}],"collection":[{"href":"https:\/\/www2.unifap.br\/nai\/wp-json\/wp\/v2\/pages"}],"about":[{"href":"https:\/\/www2.unifap.br\/nai\/wp-json\/wp\/v2\/types\/page"}],"author":[{"embeddable":true,"href":"https:\/\/www2.unifap.br\/nai\/wp-json\/wp\/v2\/users\/548"}],"replies":[{"embeddable":true,"href":"https:\/\/www2.unifap.br\/nai\/wp-json\/wp\/v2\/comments?post=2695"}],"version-history":[{"count":10,"href":"https:\/\/www2.unifap.br\/nai\/wp-json\/wp\/v2\/pages\/2695\/revisions"}],"predecessor-version":[{"id":3015,"href":"https:\/\/www2.unifap.br\/nai\/wp-json\/wp\/v2\/pages\/2695\/revisions\/3015"}],"up":[{"embeddable":true,"href":"https:\/\/www2.unifap.br\/nai\/wp-json\/wp\/v2\/pages\/2691"}],"wp:attachment":[{"href":"https:\/\/www2.unifap.br\/nai\/wp-json\/wp\/v2\/media?parent=2695"}],"curies":[{"name":"wp","href":"https:\/\/api.w.org\/{rel}","templated":true}]}}