{"id":2832,"date":"2016-12-22T19:42:20","date_gmt":"2016-12-22T19:42:20","guid":{"rendered":"http:\/\/www2.unifap.br\/nai\/?page_id=2832"},"modified":"2021-09-28T11:53:36","modified_gmt":"2021-09-28T11:53:36","slug":"curso-aprendendo-a-aprender","status":"publish","type":"page","link":"https:\/\/www2.unifap.br\/nai\/projeto\/curso-aprendendo-a-aprender\/","title":{"rendered":"Curso: Aprendendo a Aprender"},"content":{"rendered":"<p><strong>Descri\u00e7\u00e3o<\/strong>:<\/p>\n<p style=\"text-align: justify\">A referida a\u00e7\u00e3o insititucional tem como objetivo proporcionar aos estudantes universit\u00e1rios momentos que possibilitem o desenvolvimento de\u00a0estrat\u00e9gias de estudo e a\u00a0reflex\u00e3o sobre a viv\u00eancia acad\u00eamica. Ser\u00e1 expedido certificado com carga hor\u00e1ria de 20 (vinte)\u00a0horas para atividades complementares (ACC). O per\u00edodo de realiza\u00e7\u00e3o do curso ser\u00e1 de 07 de junho a 05 de junho de 2016, em sala a ser agendada. \u00a0Prazo de inscri\u00e7\u00e3o: at\u00e9 03\/06\/2016.<\/p>\n<p><strong>Ministrantes da Turma Piloto<\/strong>:<\/p>\n<p>Myryam Sylvia Sousa de Almeida e Marina Knaip Del\u00f4go.<\/p>\n<p><strong>Realiza\u00e7\u00e3o<\/strong>:<\/p>\n<p>N\u00facleo de Acessibilidade e Inclus\u00e3o\/Pr\u00f3-Reitoria de Extens\u00e3o e A\u00e7\u00f5es Comunit\u00e1rias da Universidade Federal do Amap\u00e1.<\/p>\n<p>Postagem: NAI\/PROEAC\/NAI.<\/p>\n<p>&nbsp;<\/p>\n<p>&nbsp;<\/p>\n","protected":false},"excerpt":{"rendered":"<p>Descri\u00e7\u00e3o: A referida a\u00e7\u00e3o insititucional tem como objetivo proporcionar aos estudantes universit\u00e1rios momentos que possibilitem o desenvolvimento de\u00a0estrat\u00e9gias de estudo e a\u00a0reflex\u00e3o sobre&#8230;<\/p>\n","protected":false},"author":548,"featured_media":0,"parent":2586,"menu_order":0,"comment_status":"closed","ping_status":"open","template":"","meta":{"inline_featured_image":false,"ngg_post_thumbnail":0,"footnotes":""},"class_list":["post-2832","page","type-page","status-publish","hentry"],"_links":{"self":[{"href":"https:\/\/www2.unifap.br\/nai\/wp-json\/wp\/v2\/pages\/2832","targetHints":{"allow":["GET"]}}],"collection":[{"href":"https:\/\/www2.unifap.br\/nai\/wp-json\/wp\/v2\/pages"}],"about":[{"href":"https:\/\/www2.unifap.br\/nai\/wp-json\/wp\/v2\/types\/page"}],"author":[{"embeddable":true,"href":"https:\/\/www2.unifap.br\/nai\/wp-json\/wp\/v2\/users\/548"}],"replies":[{"embeddable":true,"href":"https:\/\/www2.unifap.br\/nai\/wp-json\/wp\/v2\/comments?post=2832"}],"version-history":[{"count":5,"href":"https:\/\/www2.unifap.br\/nai\/wp-json\/wp\/v2\/pages\/2832\/revisions"}],"predecessor-version":[{"id":2856,"href":"https:\/\/www2.unifap.br\/nai\/wp-json\/wp\/v2\/pages\/2832\/revisions\/2856"}],"up":[{"embeddable":true,"href":"https:\/\/www2.unifap.br\/nai\/wp-json\/wp\/v2\/pages\/2586"}],"wp:attachment":[{"href":"https:\/\/www2.unifap.br\/nai\/wp-json\/wp\/v2\/media?parent=2832"}],"curies":[{"name":"wp","href":"https:\/\/api.w.org\/{rel}","templated":true}]}}