{"id":2834,"date":"2016-12-22T19:43:50","date_gmt":"2016-12-22T19:43:50","guid":{"rendered":"http:\/\/www2.unifap.br\/nai\/?page_id=2834"},"modified":"2021-09-28T11:53:36","modified_gmt":"2021-09-28T11:53:36","slug":"mesa-tematica-um-olhar-sobre-a-educacao-inclusiva-na-educacao-penitenciaria","status":"publish","type":"page","link":"https:\/\/www2.unifap.br\/nai\/projeto\/mesa-tematica-um-olhar-sobre-a-educacao-inclusiva-na-educacao-penitenciaria\/","title":{"rendered":"Mesa Tem\u00e1tica: Um olhar sobre a educa\u00e7\u00e3o inclusiva na educa\u00e7\u00e3o penitenci\u00e1ria"},"content":{"rendered":"<p><strong>Descri\u00e7\u00e3o<\/strong>:<\/p>\n<p style=\"text-align: justify\">A referida a\u00e7\u00e3o institucional tem como objetivo debater sobre o atendimento educacional especializado no contexto da educa\u00e7\u00e3o penitenci\u00e1ria, a partir do caso da Escola Estadual S\u00e3o Jos\u00e9, que \u00e9 uma unidade escolar da rede p\u00fablica do Estado do Amap\u00e1, que se localiza no Instituto de Administra\u00e7\u00e3o Penitenci\u00e1ria do Amap\u00e1. P\u00fablico alvo: Professores, servidores penitenci\u00e1rios, \u00a0acad\u00eamicos e demais pessoas interessadas. Data: 05\/12\/2016, local: Biblioteca Central\/UNIFAP\/Campus Marco Zero do Equador, hor\u00e1rio: 9:00h.<\/p>\n<p><b>Equipe<\/b>:<\/p>\n<p style=\"text-align: justify\">Marina Knaip Del\u00f4go, Myryam Sylvia Sousa de Almeida, Maria do Socorro Coelho R\u00e9gis\u00a0\u00a0(Organizadoras), Eliane Leal Vasquez, Leila do Socorro Rodrigues Feio, Juaciane do Ros\u00e1rio Teixeira, Margarete Rodrigues Lima\u00a0(Debatedoras).<\/p>\n<p><strong>Realiza\u00e7\u00e3o<\/strong>:<\/p>\n<p>N\u00facleo de Acessibilidade e Inclus\u00e3o (NAI\/PROEAC\/UNIFAP).<\/p>\n<p><strong>Parceria<\/strong>:<\/p>\n<p>Escola Estadual S\u00e3o Jos\u00e9 (GEA\/SEED\/EESJ).<\/p>\n<p>&nbsp;<\/p>\n<p>Postagem: NAI\/PROEAC\/NAI.<\/p>\n<p>&nbsp;<\/p>\n<p>&nbsp;<\/p>\n","protected":false},"excerpt":{"rendered":"<p>Descri\u00e7\u00e3o: A referida a\u00e7\u00e3o institucional tem como objetivo debater sobre o atendimento educacional especializado no contexto da educa\u00e7\u00e3o penitenci\u00e1ria, a partir do caso&#8230;<\/p>\n","protected":false},"author":548,"featured_media":0,"parent":2586,"menu_order":0,"comment_status":"closed","ping_status":"open","template":"","meta":{"inline_featured_image":false,"ngg_post_thumbnail":0,"footnotes":""},"class_list":["post-2834","page","type-page","status-publish","hentry"],"_links":{"self":[{"href":"https:\/\/www2.unifap.br\/nai\/wp-json\/wp\/v2\/pages\/2834","targetHints":{"allow":["GET"]}}],"collection":[{"href":"https:\/\/www2.unifap.br\/nai\/wp-json\/wp\/v2\/pages"}],"about":[{"href":"https:\/\/www2.unifap.br\/nai\/wp-json\/wp\/v2\/types\/page"}],"author":[{"embeddable":true,"href":"https:\/\/www2.unifap.br\/nai\/wp-json\/wp\/v2\/users\/548"}],"replies":[{"embeddable":true,"href":"https:\/\/www2.unifap.br\/nai\/wp-json\/wp\/v2\/comments?post=2834"}],"version-history":[{"count":8,"href":"https:\/\/www2.unifap.br\/nai\/wp-json\/wp\/v2\/pages\/2834\/revisions"}],"predecessor-version":[{"id":2885,"href":"https:\/\/www2.unifap.br\/nai\/wp-json\/wp\/v2\/pages\/2834\/revisions\/2885"}],"up":[{"embeddable":true,"href":"https:\/\/www2.unifap.br\/nai\/wp-json\/wp\/v2\/pages\/2586"}],"wp:attachment":[{"href":"https:\/\/www2.unifap.br\/nai\/wp-json\/wp\/v2\/media?parent=2834"}],"curies":[{"name":"wp","href":"https:\/\/api.w.org\/{rel}","templated":true}]}}