{"id":2837,"date":"2016-12-22T19:45:07","date_gmt":"2016-12-22T19:45:07","guid":{"rendered":"http:\/\/www2.unifap.br\/nai\/?page_id=2837"},"modified":"2021-09-28T11:53:36","modified_gmt":"2021-09-28T11:53:36","slug":"nai-com-voce","status":"publish","type":"page","link":"https:\/\/www2.unifap.br\/nai\/projeto\/nai-com-voce\/","title":{"rendered":"NAI com voc\u00ea"},"content":{"rendered":"<p><strong>Descri\u00e7\u00e3o<\/strong>:<\/p>\n<p style=\"text-align: justify\">A a\u00e7\u00e3o insitucional \u201cNAI com voc\u00ea\u201d, ocorrer\u00e1 de\u00a002 at\u00e9 06 de maio de 2016\u00a0(\u00e0s Coordena\u00e7\u00e3o\/Dire\u00e7\u00e3o de Campi e Coordena\u00e7\u00f5es de\u00a0Cursos de Gradua\u00e7\u00e3o e P\u00f3s-Gradua\u00e7\u00e3o)\u00a0e em\u00a025 de maio de 2016\u00a0(<em>Acolhimento Discente 2016<\/em>), na\u00a0UNIFAP\/Gin\u00e1sio Poliesportivo, hor\u00e1rio: 9:00-18:40h, tendo como objetivos: 1) Divulgar os servi\u00e7os prestados pelo N\u00facleo de Acessibilidade e Inclus\u00e3o da Universidade Federal do Amap\u00e1, 2) Posteriormente, realizar levantamento de dados educacionais por meio de coleta virtual, tendo como instrumento de coleta de dados, o formul\u00e1rio online \u201cNAI com voc\u00ea\u201d, que estar\u00e1 dispon\u00edvel a partir de\u00a019 de maio de 2016\u00a0no site:\u00a0<span style=\"color: #0000ff\"><strong><a href=\"http:\/\/www2.unifap.br\/nai\"><span style=\"color: #0000ff\">www2.unifap.br\/nai<\/span><\/a><\/strong><\/span><\/p>\n<p><b>Equipe<\/b>:<\/p>\n<p>Myryam Sylvia Sousa de Almeida, Marina Knaip Del\u00f4go e Eliane Leal Vasquez.<\/p>\n<p><strong>Realiza\u00e7\u00e3o<\/strong>:<\/p>\n<p>N\u00facleo de Acessibilidade e Inclus\u00e3o (NAI\/PROEAC\/UNIFAP).<\/p>\n<p>&nbsp;<\/p>\n<p>Postagem: NAI\/PROEAC\/NAI.<\/p>\n<p>&nbsp;<\/p>\n<p>&nbsp;<\/p>\n","protected":false},"excerpt":{"rendered":"<p>Descri\u00e7\u00e3o: A a\u00e7\u00e3o insitucional \u201cNAI com voc\u00ea\u201d, ocorrer\u00e1 de\u00a002 at\u00e9 06 de maio de 2016\u00a0(\u00e0s Coordena\u00e7\u00e3o\/Dire\u00e7\u00e3o de Campi e Coordena\u00e7\u00f5es de\u00a0Cursos de Gradua\u00e7\u00e3o&#8230;<\/p>\n","protected":false},"author":548,"featured_media":0,"parent":2586,"menu_order":0,"comment_status":"closed","ping_status":"open","template":"","meta":{"inline_featured_image":false,"ngg_post_thumbnail":0,"footnotes":""},"class_list":["post-2837","page","type-page","status-publish","hentry"],"_links":{"self":[{"href":"https:\/\/www2.unifap.br\/nai\/wp-json\/wp\/v2\/pages\/2837","targetHints":{"allow":["GET"]}}],"collection":[{"href":"https:\/\/www2.unifap.br\/nai\/wp-json\/wp\/v2\/pages"}],"about":[{"href":"https:\/\/www2.unifap.br\/nai\/wp-json\/wp\/v2\/types\/page"}],"author":[{"embeddable":true,"href":"https:\/\/www2.unifap.br\/nai\/wp-json\/wp\/v2\/users\/548"}],"replies":[{"embeddable":true,"href":"https:\/\/www2.unifap.br\/nai\/wp-json\/wp\/v2\/comments?post=2837"}],"version-history":[{"count":4,"href":"https:\/\/www2.unifap.br\/nai\/wp-json\/wp\/v2\/pages\/2837\/revisions"}],"predecessor-version":[{"id":2864,"href":"https:\/\/www2.unifap.br\/nai\/wp-json\/wp\/v2\/pages\/2837\/revisions\/2864"}],"up":[{"embeddable":true,"href":"https:\/\/www2.unifap.br\/nai\/wp-json\/wp\/v2\/pages\/2586"}],"wp:attachment":[{"href":"https:\/\/www2.unifap.br\/nai\/wp-json\/wp\/v2\/media?parent=2837"}],"curies":[{"name":"wp","href":"https:\/\/api.w.org\/{rel}","templated":true}]}}