{"id":2946,"date":"2017-01-17T17:31:18","date_gmt":"2017-01-17T17:31:18","guid":{"rendered":"http:\/\/www2.unifap.br\/nai\/?page_id=2946"},"modified":"2021-09-28T11:53:36","modified_gmt":"2021-09-28T11:53:36","slug":"resolucao-no-0242016-consu","status":"publish","type":"page","link":"https:\/\/www2.unifap.br\/nai\/documentos\/resolucao-no-0242016-consu\/","title":{"rendered":"Resolu\u00e7\u00e3o N\u00ba 024\/2016-CONSU"},"content":{"rendered":"<p style=\"text-align: left\"><span style=\"color: #0000ff\"><strong><a href=\"http:\/\/www2.unifap.br\/nai\/files\/2017\/01\/Resolu\u00e7\u00e3o-n\u00ba-24-2016_CONSU_UNIFAP.pdf\"><span style=\"color: #0000ff\">Resolu\u00e7\u00e3o-n\u00ba 24\/2016-CONSU\/UNIFAP<\/span><\/a><\/strong><\/span>\u00a0<span style=\"color: #0000ff\"><span style=\"color: #000000\">&#8211; Homologa a Resolu\u00e7\u00e3o n\u00ba 021\/2016-CONSU que aprova o Regimento do N\u00facleo de Acessibilidade e Inclus\u00e3o da Universidade Federal do Amap\u00e1<\/span><strong>.<\/strong><\/span><\/p>\n","protected":false},"excerpt":{"rendered":"<p>Resolu\u00e7\u00e3o-n\u00ba 24\/2016-CONSU\/UNIFAP\u00a0&#8211; Homologa a Resolu\u00e7\u00e3o n\u00ba 021\/2016-CONSU que aprova o Regimento do N\u00facleo de Acessibilidade e Inclus\u00e3o da Universidade Federal do Amap\u00e1.<\/p>\n","protected":false},"author":548,"featured_media":0,"parent":2691,"menu_order":0,"comment_status":"closed","ping_status":"open","template":"","meta":{"inline_featured_image":false,"ngg_post_thumbnail":0,"footnotes":""},"class_list":["post-2946","page","type-page","status-publish","hentry"],"_links":{"self":[{"href":"https:\/\/www2.unifap.br\/nai\/wp-json\/wp\/v2\/pages\/2946","targetHints":{"allow":["GET"]}}],"collection":[{"href":"https:\/\/www2.unifap.br\/nai\/wp-json\/wp\/v2\/pages"}],"about":[{"href":"https:\/\/www2.unifap.br\/nai\/wp-json\/wp\/v2\/types\/page"}],"author":[{"embeddable":true,"href":"https:\/\/www2.unifap.br\/nai\/wp-json\/wp\/v2\/users\/548"}],"replies":[{"embeddable":true,"href":"https:\/\/www2.unifap.br\/nai\/wp-json\/wp\/v2\/comments?post=2946"}],"version-history":[{"count":5,"href":"https:\/\/www2.unifap.br\/nai\/wp-json\/wp\/v2\/pages\/2946\/revisions"}],"predecessor-version":[{"id":2957,"href":"https:\/\/www2.unifap.br\/nai\/wp-json\/wp\/v2\/pages\/2946\/revisions\/2957"}],"up":[{"embeddable":true,"href":"https:\/\/www2.unifap.br\/nai\/wp-json\/wp\/v2\/pages\/2691"}],"wp:attachment":[{"href":"https:\/\/www2.unifap.br\/nai\/wp-json\/wp\/v2\/media?parent=2946"}],"curies":[{"name":"wp","href":"https:\/\/api.w.org\/{rel}","templated":true}]}}