{"id":3026,"date":"2017-02-21T18:44:07","date_gmt":"2017-02-21T18:44:07","guid":{"rendered":"http:\/\/www2.unifap.br\/nai\/?page_id=3026"},"modified":"2021-09-28T11:53:36","modified_gmt":"2021-09-28T11:53:36","slug":"mesa-tematica-historias-de-superacao-dialogos-acerca-da-trajetorias-pessoal-e-academica-de-pessoas-com-deficiencia","status":"publish","type":"page","link":"https:\/\/www2.unifap.br\/nai\/projeto\/mesa-tematica-historias-de-superacao-dialogos-acerca-da-trajetorias-pessoal-e-academica-de-pessoas-com-deficiencia\/","title":{"rendered":"Mesa Tem\u00e1tica: Hist\u00f3rias de Supera\u00e7\u00e3o. Di\u00e1logos acerca da trajet\u00f3rias pessoal e acad\u00eamica de pessoas com defici\u00eancia"},"content":{"rendered":"","protected":false},"excerpt":{"rendered":"","protected":false},"author":548,"featured_media":0,"parent":2586,"menu_order":0,"comment_status":"closed","ping_status":"open","template":"","meta":{"inline_featured_image":false,"ngg_post_thumbnail":0,"footnotes":""},"class_list":["post-3026","page","type-page","status-publish","hentry"],"_links":{"self":[{"href":"https:\/\/www2.unifap.br\/nai\/wp-json\/wp\/v2\/pages\/3026","targetHints":{"allow":["GET"]}}],"collection":[{"href":"https:\/\/www2.unifap.br\/nai\/wp-json\/wp\/v2\/pages"}],"about":[{"href":"https:\/\/www2.unifap.br\/nai\/wp-json\/wp\/v2\/types\/page"}],"author":[{"embeddable":true,"href":"https:\/\/www2.unifap.br\/nai\/wp-json\/wp\/v2\/users\/548"}],"replies":[{"embeddable":true,"href":"https:\/\/www2.unifap.br\/nai\/wp-json\/wp\/v2\/comments?post=3026"}],"version-history":[{"count":2,"href":"https:\/\/www2.unifap.br\/nai\/wp-json\/wp\/v2\/pages\/3026\/revisions"}],"predecessor-version":[{"id":3028,"href":"https:\/\/www2.unifap.br\/nai\/wp-json\/wp\/v2\/pages\/3026\/revisions\/3028"}],"up":[{"embeddable":true,"href":"https:\/\/www2.unifap.br\/nai\/wp-json\/wp\/v2\/pages\/2586"}],"wp:attachment":[{"href":"https:\/\/www2.unifap.br\/nai\/wp-json\/wp\/v2\/media?parent=3026"}],"curies":[{"name":"wp","href":"https:\/\/api.w.org\/{rel}","templated":true}]}}