{"id":3874,"date":"2018-04-19T13:28:38","date_gmt":"2018-04-19T13:28:38","guid":{"rendered":"http:\/\/www2.unifap.br\/nai\/?page_id=3874"},"modified":"2023-04-04T19:55:37","modified_gmt":"2023-04-04T19:55:37","slug":"agenda-nai","status":"publish","type":"page","link":"https:\/\/www2.unifap.br\/nai\/administracao\/agenda-nai\/","title":{"rendered":"Agenda do NAI"},"content":{"rendered":"\t\t<div data-elementor-type=\"wp-page\" data-elementor-id=\"3874\" class=\"elementor elementor-3874\">\n\t\t\t\t\t\t<section class=\"elementor-section elementor-top-section elementor-element elementor-element-5af1d1f4 elementor-section-boxed elementor-section-height-default elementor-section-height-default\" data-id=\"5af1d1f4\" data-element_type=\"section\" data-e-type=\"section\">\n\t\t\t\t\t\t<div class=\"elementor-container elementor-column-gap-default\">\n\t\t\t\t\t<div class=\"elementor-column elementor-col-100 elementor-top-column elementor-element elementor-element-6c1a62b3\" data-id=\"6c1a62b3\" data-element_type=\"column\" data-e-type=\"column\">\n\t\t\t<div class=\"elementor-widget-wrap elementor-element-populated\">\n\t\t\t\t\t\t<div class=\"elementor-element elementor-element-2d8c4fab elementor-widget elementor-widget-text-editor\" data-id=\"2d8c4fab\" data-element_type=\"widget\" data-e-type=\"widget\" data-widget_type=\"text-editor.default\">\n\t\t\t\t<div class=\"elementor-widget-container\">\n\t\t\t\t\t\t\t\t\t<p><b><a href=\"http:\/\/www2.unifap.br\/acessoainformacao\/files\/2014\/07\/image001.jpg\"><img decoding=\"async\" src=\"http:\/\/www2.unifap.br\/acessoainformacao\/files\/2014\/07\/image001.jpg\" alt=\"image001\" width=\"80\" height=\"111\" \/><\/a><\/b><b><\/b><\/p><p><b>MINISTERIO DA EDUCA\u00c7\u00c3O<\/b><\/p><p><b>Universidade Federal do Amap\u00e1 \u2013 UNIFAP<\/b><\/p><p>Rod. Juscelino K. de Oliveira, km 02 \u2013 Campus Marco Zero do Equador \u2013 Bloco Anexo da Biblioteca Central<\/p><p>Macap\u00e1 \u2013 Amap\u00e1 \u2013 C.E.P. 68.906-970<\/p><p>E-mail: naiinclusao21@gmail.com<a href=\"http:\/\/www.unifap.br\/\"><br \/><\/a><\/p><p><b>\u00a0<\/b><\/p><p><b>AGENDA DO NAI<\/b><\/p>\t\t\t\t\t\t\t\t<\/div>\n\t\t\t\t<\/div>\n\t\t\t\t\t<\/div>\n\t\t<\/div>\n\t\t\t\t\t<\/div>\n\t\t<\/section>\n\t\t\t\t<\/div>\n\t\t","protected":false},"excerpt":{"rendered":"<p>MINISTERIO DA EDUCA\u00c7\u00c3O Universidade Federal do Amap\u00e1 \u2013 UNIFAP Rod. Juscelino K. de Oliveira, km 02 \u2013 Campus Marco Zero do Equador \u2013&#8230;<\/p>\n","protected":false},"author":548,"featured_media":0,"parent":42,"menu_order":0,"comment_status":"closed","ping_status":"open","template":"","meta":{"inline_featured_image":false,"ngg_post_thumbnail":0,"footnotes":""},"class_list":["post-3874","page","type-page","status-publish","hentry"],"_links":{"self":[{"href":"https:\/\/www2.unifap.br\/nai\/wp-json\/wp\/v2\/pages\/3874","targetHints":{"allow":["GET"]}}],"collection":[{"href":"https:\/\/www2.unifap.br\/nai\/wp-json\/wp\/v2\/pages"}],"about":[{"href":"https:\/\/www2.unifap.br\/nai\/wp-json\/wp\/v2\/types\/page"}],"author":[{"embeddable":true,"href":"https:\/\/www2.unifap.br\/nai\/wp-json\/wp\/v2\/users\/548"}],"replies":[{"embeddable":true,"href":"https:\/\/www2.unifap.br\/nai\/wp-json\/wp\/v2\/comments?post=3874"}],"version-history":[{"count":16,"href":"https:\/\/www2.unifap.br\/nai\/wp-json\/wp\/v2\/pages\/3874\/revisions"}],"predecessor-version":[{"id":4744,"href":"https:\/\/www2.unifap.br\/nai\/wp-json\/wp\/v2\/pages\/3874\/revisions\/4744"}],"up":[{"embeddable":true,"href":"https:\/\/www2.unifap.br\/nai\/wp-json\/wp\/v2\/pages\/42"}],"wp:attachment":[{"href":"https:\/\/www2.unifap.br\/nai\/wp-json\/wp\/v2\/media?parent=3874"}],"curies":[{"name":"wp","href":"https:\/\/api.w.org\/{rel}","templated":true}]}}