{"id":3885,"date":"2018-04-26T13:20:43","date_gmt":"2018-04-26T13:20:43","guid":{"rendered":"http:\/\/www2.unifap.br\/nai\/?page_id=3885"},"modified":"2021-09-28T11:52:29","modified_gmt":"2021-09-28T11:52:29","slug":"indicadores-da-politica-de-acessibilidade-da-unifap-2008-2017","status":"publish","type":"page","link":"https:\/\/www2.unifap.br\/nai\/indicadores\/indicadores-da-politica-de-acessibilidade-da-unifap-2008-2017\/","title":{"rendered":"Indicadores da Pol\u00edtica de Acessibilidade da UNIFAP (2008-2017)"},"content":{"rendered":"<p>\u00c0 Comunidade Acad\u00eamica e Externa,<\/p>\n<p>&nbsp;<\/p>\n<p style=\"text-align: justify\">Nesta data, 26\/04\/2018, estamos dando publicidade dos indicadores da Pol\u00edtica de Acessibilidade da Universidade Federal do Amap\u00e1 &#8211; UNIFAP, com dados atualizados relativos ao ano de 2017. Para saber mais informa\u00e7\u00f5es sobre os servi\u00e7os prestados pela equipe do\u00a0 N\u00facleo de Acessibilidade e Inclus\u00e3o, vinculado \u00e0 Pro-Reitoria de Extens\u00e3o e A\u00e7\u00f5es Comuni\u00e1rias &#8211; NAI\/PROEAC e seus parceiros, basta cliclar em:\u00a0<strong><a href=\"http:\/\/www2.unifap.br\/nai\/files\/2018\/04\/Indicadores-da-Pol\u00edtica-de-Acessibilidade-da-UNIFAP-2008_2017.pdf\">Indicadores-da-Pol\u00edtica-de-Acessibilidade-da-UNIFAP-2008_2017<\/a><\/strong><\/p>\n<p>&nbsp;<\/p>\n<p>&nbsp;<\/p>\n<p style=\"text-align: center\">Macap\u00e1, 26 de abril de 2018.<\/p>\n<p>&nbsp;<\/p>\n<p>&nbsp;<\/p>\n<p>Postagem: Equipe NAI\/PROEAC.<\/p>\n<p>&nbsp;<\/p>\n<p>&nbsp;<\/p>\n","protected":false},"excerpt":{"rendered":"<p>\u00c0 Comunidade Acad\u00eamica e Externa, &nbsp; Nesta data, 26\/04\/2018, estamos dando publicidade dos indicadores da Pol\u00edtica de Acessibilidade da Universidade Federal do Amap\u00e1&#8230;<\/p>\n","protected":false},"author":548,"featured_media":0,"parent":2642,"menu_order":0,"comment_status":"closed","ping_status":"open","template":"","meta":{"inline_featured_image":false,"ngg_post_thumbnail":0,"footnotes":""},"class_list":["post-3885","page","type-page","status-publish","hentry"],"_links":{"self":[{"href":"https:\/\/www2.unifap.br\/nai\/wp-json\/wp\/v2\/pages\/3885","targetHints":{"allow":["GET"]}}],"collection":[{"href":"https:\/\/www2.unifap.br\/nai\/wp-json\/wp\/v2\/pages"}],"about":[{"href":"https:\/\/www2.unifap.br\/nai\/wp-json\/wp\/v2\/types\/page"}],"author":[{"embeddable":true,"href":"https:\/\/www2.unifap.br\/nai\/wp-json\/wp\/v2\/users\/548"}],"replies":[{"embeddable":true,"href":"https:\/\/www2.unifap.br\/nai\/wp-json\/wp\/v2\/comments?post=3885"}],"version-history":[{"count":4,"href":"https:\/\/www2.unifap.br\/nai\/wp-json\/wp\/v2\/pages\/3885\/revisions"}],"predecessor-version":[{"id":3890,"href":"https:\/\/www2.unifap.br\/nai\/wp-json\/wp\/v2\/pages\/3885\/revisions\/3890"}],"up":[{"embeddable":true,"href":"https:\/\/www2.unifap.br\/nai\/wp-json\/wp\/v2\/pages\/2642"}],"wp:attachment":[{"href":"https:\/\/www2.unifap.br\/nai\/wp-json\/wp\/v2\/media?parent=3885"}],"curies":[{"name":"wp","href":"https:\/\/api.w.org\/{rel}","templated":true}]}}