{"id":4633,"date":"2023-02-28T12:39:22","date_gmt":"2023-02-28T12:39:22","guid":{"rendered":"https:\/\/www2.unifap.br\/nai\/?page_id=4633"},"modified":"2023-02-28T12:49:21","modified_gmt":"2023-02-28T12:49:21","slug":"acessibilidade-cultural","status":"publish","type":"page","link":"https:\/\/www2.unifap.br\/nai\/acessibilidade-cultural\/","title":{"rendered":"ACESSIBILIDADE CULTURAL"},"content":{"rendered":"\t\t<div data-elementor-type=\"wp-page\" data-elementor-id=\"4633\" class=\"elementor elementor-4633\">\n\t\t\t\t\t\t<section class=\"elementor-section elementor-top-section elementor-element elementor-element-e5f6c6c elementor-section-boxed elementor-section-height-default elementor-section-height-default\" data-id=\"e5f6c6c\" data-element_type=\"section\" data-e-type=\"section\">\n\t\t\t\t\t\t<div class=\"elementor-container elementor-column-gap-default\">\n\t\t\t\t\t<div class=\"elementor-column elementor-col-100 elementor-top-column elementor-element elementor-element-48cff7b\" data-id=\"48cff7b\" data-element_type=\"column\" data-e-type=\"column\">\n\t\t\t<div class=\"elementor-widget-wrap elementor-element-populated\">\n\t\t\t\t\t\t<div class=\"elementor-element elementor-element-7c2e544 elementor-widget elementor-widget-text-editor\" data-id=\"7c2e544\" data-element_type=\"widget\" data-e-type=\"widget\" data-widget_type=\"text-editor.default\">\n\t\t\t\t<div class=\"elementor-widget-container\">\n\t\t\t\t\t\t\t\t\t<p>O LABAC &#8211; Laborat\u00f3rio de Acessibilidade Cultural no Amap\u00e1 \u00e9 um Projeto de Extens\u00e3o do Curso de Licenciatura em Teatro da UNIFAP realizado em parceria com o NAI. Tal Laborat\u00f3rio visa implantar e pesquisar a Acessibilidade na\/com\/para a Cultura analisando\/propondo pol\u00edticas p\u00fablicas ao setor bem como oportunizando a Universidade como espa\u00e7o de produ\u00e7\u00e3o e reflex\u00e3o cultural. O LABAC conta em suas a\u00e7\u00f5es com o apoio do Grupo de Pesquisa NECID &#8211; N\u00facleo de Estudos em Espa\u00e7os Culturais, Inclusivos e Deliberativos (CNPq).<br \/>Coordena\u00e7\u00e3o: Prof. Dr. Emerson de Paula<br \/>Contato:necidunifap@yahoo.com<br \/>Redes sociais: @labac.unifap @necid.unifap<\/p>\t\t\t\t\t\t\t\t<\/div>\n\t\t\t\t<\/div>\n\t\t\t\t<div class=\"elementor-element elementor-element-9fc442c elementor-shape-circle elementor-grid-0 e-grid-align-center elementor-widget elementor-widget-social-icons\" data-id=\"9fc442c\" data-element_type=\"widget\" data-e-type=\"widget\" data-widget_type=\"social-icons.default\">\n\t\t\t\t<div class=\"elementor-widget-container\">\n\t\t\t\t\t\t\t<div class=\"elementor-social-icons-wrapper elementor-grid\" role=\"list\">\n\t\t\t\t\t\t\t<span class=\"elementor-grid-item\" role=\"listitem\">\n\t\t\t\t\t<a class=\"elementor-icon elementor-social-icon elementor-social-icon-instagram elementor-repeater-item-366ca96\" href=\"https:\/\/www.instagram.com\/labac.unifap\/\" target=\"_blank\">\n\t\t\t\t\t\t<span class=\"elementor-screen-only\">Instagram<\/span>\n\t\t\t\t\t\t<i aria-hidden=\"true\" class=\"fab fa-instagram\"><\/i>\t\t\t\t\t<\/a>\n\t\t\t\t<\/span>\n\t\t\t\t\t\t\t<span class=\"elementor-grid-item\" role=\"listitem\">\n\t\t\t\t\t<a class=\"elementor-icon elementor-social-icon elementor-social-icon-instagram elementor-repeater-item-3b9d50c\" href=\"https:\/\/www.instagram.com\/necid.unifap\/\" target=\"_blank\">\n\t\t\t\t\t\t<span class=\"elementor-screen-only\">Instagram<\/span>\n\t\t\t\t\t\t<i aria-hidden=\"true\" class=\"fab fa-instagram\"><\/i>\t\t\t\t\t<\/a>\n\t\t\t\t<\/span>\n\t\t\t\t\t<\/div>\n\t\t\t\t\t\t<\/div>\n\t\t\t\t<\/div>\n\t\t\t\t\t<\/div>\n\t\t<\/div>\n\t\t\t\t\t<\/div>\n\t\t<\/section>\n\t\t\t\t<\/div>\n\t\t","protected":false},"excerpt":{"rendered":"<p>O LABAC &#8211; Laborat\u00f3rio de Acessibilidade Cultural no Amap\u00e1 \u00e9 um Projeto de Extens\u00e3o do Curso de Licenciatura em Teatro da UNIFAP realizado&#8230;<\/p>\n","protected":false},"author":3923,"featured_media":0,"parent":0,"menu_order":0,"comment_status":"closed","ping_status":"closed","template":"","meta":{"inline_featured_image":false,"ngg_post_thumbnail":0,"footnotes":""},"class_list":["post-4633","page","type-page","status-publish","hentry"],"_links":{"self":[{"href":"https:\/\/www2.unifap.br\/nai\/wp-json\/wp\/v2\/pages\/4633","targetHints":{"allow":["GET"]}}],"collection":[{"href":"https:\/\/www2.unifap.br\/nai\/wp-json\/wp\/v2\/pages"}],"about":[{"href":"https:\/\/www2.unifap.br\/nai\/wp-json\/wp\/v2\/types\/page"}],"author":[{"embeddable":true,"href":"https:\/\/www2.unifap.br\/nai\/wp-json\/wp\/v2\/users\/3923"}],"replies":[{"embeddable":true,"href":"https:\/\/www2.unifap.br\/nai\/wp-json\/wp\/v2\/comments?post=4633"}],"version-history":[{"count":6,"href":"https:\/\/www2.unifap.br\/nai\/wp-json\/wp\/v2\/pages\/4633\/revisions"}],"predecessor-version":[{"id":4643,"href":"https:\/\/www2.unifap.br\/nai\/wp-json\/wp\/v2\/pages\/4633\/revisions\/4643"}],"wp:attachment":[{"href":"https:\/\/www2.unifap.br\/nai\/wp-json\/wp\/v2\/media?parent=4633"}],"curies":[{"name":"wp","href":"https:\/\/api.w.org\/{rel}","templated":true}]}}