{"id":5254,"date":"2025-07-22T18:45:24","date_gmt":"2025-07-22T18:45:24","guid":{"rendered":"https:\/\/www2.unifap.br\/nai\/?page_id=5254"},"modified":"2026-02-23T12:45:40","modified_gmt":"2026-02-23T12:45:40","slug":"fluxo-visual-e-linguagem-simples","status":"publish","type":"page","link":"https:\/\/www2.unifap.br\/nai\/fluxo-visual-e-linguagem-simples\/","title":{"rendered":"FLUXO VISUAL DE LINGUAGEM SIMPLES"},"content":{"rendered":"<h5 style=\"text-align: center\"><strong>O n\u00facleo de Acessibilidade e Inclus\u00e3o &#8211; NAI lan\u00e7a a ideia inovadora denominada &#8220;<\/strong>FLUXO VISUAL DE LINGUAGEM SIMPLES&#8221;.<\/h5>\n<p>Esta \u00e9 uma ideia inovadora de compartilhamento de informa\u00e7\u00e3o, visando dar mais clareza, previsibilidade e acessibilidade sobre os procedimentos do NAI, para alunos com Transtorno do Espectro Autista &#8211; TEA, Surdez e com outras especificidades, atrav\u00e9s de elementos e\/ou recursos visuais e auditivos.<\/p>\n<p>A constru\u00e7\u00e3o dos fluxos visuais de linguagem simples e acess\u00edvel surgiu e foi apresentada pela servidora do NAI, Jouze Danielle&nbsp; A. de Brito, mestranda em Pol\u00edticas P\u00fablicas e Gest\u00e3o da Educa\u00e7\u00e3o Superior-POLEDUC, da Universidade Federal do Cear\u00e1 &#8211; UFC, na disciplina de Tecnologia da informa\u00e7\u00e3o, do Dr\u00ba. Prof\u00ba. Her\u00e1clito Jaguaribe, como instrumento de acessibilidade.<\/p>\n<p>Essa atividade tem como Objetivo tornar os fluxos de procedimentos do N\u00facleo de forma visual e linguagem simples, para que possa atingir a todos de forma&nbsp; mais efetiva.<\/p>\n<p>Como objetivos espec\u00edficos pode-se citar:<\/p>\n<ul>\n<li>Criar fluxos visuais de linguagem simples para promover a divulga\u00e7\u00e3o de informa\u00e7\u00f5es acess\u00edveis e de f\u00e1cil entendimento;<\/li>\n<li>Dar previsibilidade aos alunos com TEA e outras especificidades, sobre o passo a passo, para obter informa\u00e7\u00f5es ou servi\u00e7os do NAI;<\/li>\n<li>Propor acessibilidade comunicacional aos discentes com defici\u00eancia, matriculados na UNIFAP, informando sobre os fluxos de procedimento do NAI;<\/li>\n<\/ul>\n<p><span style=\"font-weight: 400\">Para realiza\u00e7\u00e3o dessa atividade foi institu\u00edda a Comiss\u00e3o de elabora\u00e7\u00e3o dos fluxos Visuais de linguagem simples, mediante Portaria <\/span>n\u00ba 1322\/2025, sendo composta pelos seguintes membros:<\/p>\n<table>\n<tbody>\n<tr>\n<td><b>ORD.<\/b><\/td>\n<td><b>MEMBROS&nbsp;<\/b><\/td>\n<td><b>SIAPE<\/b><\/td>\n<td><b>FUN\u00c7\u00c3O<\/b><\/td>\n<\/tr>\n<tr>\n<td><span style=\"font-weight: 400\">1<\/span><\/td>\n<td><span style=\"font-weight: 400\">Jouze Danielle Alves de Brito<\/span><\/td>\n<td><span style=\"font-weight: 400\">2117700&nbsp;<\/span><\/td>\n<td><span style=\"font-weight: 400\">Presidente<\/span><\/td>\n<\/tr>\n<tr>\n<td><span style=\"font-weight: 400\">2<\/span><\/td>\n<td><span style=\"font-weight: 400\">Suelen do Socorro Melo da Luz&nbsp;<\/span><\/td>\n<td><span style=\"font-weight: 400\">2118771<\/span><\/td>\n<td><span style=\"font-weight: 400\">Membro<\/span><\/td>\n<\/tr>\n<tr>\n<td><span style=\"font-weight: 400\">3<\/span><\/td>\n<td><span style=\"font-weight: 400\">Ricardo Pantoja dos Reis<\/span><\/td>\n<td><span style=\"font-weight: 400\">2039724&nbsp;<\/span><\/td>\n<td><span style=\"font-weight: 400\">Membro<\/span><\/td>\n<\/tr>\n<tr>\n<td>&nbsp;<\/td>\n<td><span style=\"font-weight: 400\">Discente<\/span><\/td>\n<td><span style=\"font-weight: 400\">Matr\u00edcula<\/span><\/td>\n<td><span style=\"font-weight: 400\">Fun\u00e7\u00e3o<\/span><\/td>\n<\/tr>\n<tr>\n<td><span style=\"font-weight: 400\">4<\/span><\/td>\n<td><span style=\"font-weight: 400\">Igor Ribeiro Jardim<\/span><\/td>\n<td><span style=\"font-weight: 400\">2021005129<\/span><\/td>\n<td><span style=\"font-weight: 400\">Colaborador-discente<\/span><\/td>\n<\/tr>\n<\/tbody>\n<\/table>\n<p>Link:&nbsp;<a href=\"https:\/\/drive.google.com\/file\/d\/19-1tmGRxaLaLCmgRrtifIJn8p_Z2qm8i\/view?usp=drive_link\">https:\/\/drive.google.com\/file\/d\/19-1tmGRxaLaLCmgRrtifIJn8p_Z2qm8i\/view?usp=drive_link<\/a><\/p>\n<p>Para compreens\u00e3o dos procedimentos que ser\u00e3o desenvolvidos, segue o primeiro Layout de informa\u00e7\u00e3o sobre o que \u00e9 Fluxo Visual de Linguagem Simples:<\/p>\n<p><a href=\"http:\/\/www2.unifap.br\/nai\/files\/2025\/07\/DIVULGACAO-DO-FLUXO-VISUAL-DE-LINGUAGEM-SIMPLES.jpg\"><img fetchpriority=\"high\" decoding=\"async\" class=\" wp-image-5255 aligncenter\" src=\"http:\/\/www2.unifap.br\/nai\/files\/2025\/07\/DIVULGACAO-DO-FLUXO-VISUAL-DE-LINGUAGEM-SIMPLES-300x300.jpg\" alt=\"\" width=\"562\" height=\"562\" srcset=\"https:\/\/www2.unifap.br\/nai\/files\/2025\/07\/DIVULGACAO-DO-FLUXO-VISUAL-DE-LINGUAGEM-SIMPLES-300x300.jpg 300w, https:\/\/www2.unifap.br\/nai\/files\/2025\/07\/DIVULGACAO-DO-FLUXO-VISUAL-DE-LINGUAGEM-SIMPLES-1024x1024.jpg 1024w, https:\/\/www2.unifap.br\/nai\/files\/2025\/07\/DIVULGACAO-DO-FLUXO-VISUAL-DE-LINGUAGEM-SIMPLES-150x150.jpg 150w, https:\/\/www2.unifap.br\/nai\/files\/2025\/07\/DIVULGACAO-DO-FLUXO-VISUAL-DE-LINGUAGEM-SIMPLES-768x768.jpg 768w, https:\/\/www2.unifap.br\/nai\/files\/2025\/07\/DIVULGACAO-DO-FLUXO-VISUAL-DE-LINGUAGEM-SIMPLES-1000x1000.jpg 1000w, https:\/\/www2.unifap.br\/nai\/files\/2025\/07\/DIVULGACAO-DO-FLUXO-VISUAL-DE-LINGUAGEM-SIMPLES-230x230.jpg 230w, https:\/\/www2.unifap.br\/nai\/files\/2025\/07\/DIVULGACAO-DO-FLUXO-VISUAL-DE-LINGUAGEM-SIMPLES-350x350.jpg 350w, https:\/\/www2.unifap.br\/nai\/files\/2025\/07\/DIVULGACAO-DO-FLUXO-VISUAL-DE-LINGUAGEM-SIMPLES-480x480.jpg 480w, https:\/\/www2.unifap.br\/nai\/files\/2025\/07\/DIVULGACAO-DO-FLUXO-VISUAL-DE-LINGUAGEM-SIMPLES.jpg 1080w\" sizes=\"(max-width: 562px) 100vw, 562px\" \/><\/a><\/p>\n<p style=\"text-align: center\">Escanei o QR Code para ter acesso a informa\u00e7\u00e3o em V\u00eddeo em Libras, legendado e voz.<\/p>\n<p>Pode ainda baixar e compartilhar a informa\u00e7\u00e3o atrav\u00e9s do link:&nbsp;<a href=\"https:\/\/drive.google.com\/file\/d\/12_mdEpfIkw-qsJRAp7x-XzX9N55EL-tz\/view?usp=drive_link\">https:\/\/drive.google.com\/file\/d\/12_mdEpfIkw-qsJRAp7x-XzX9N55EL-tz\/view?usp=drive_link<\/a><\/p>\n<p>&nbsp;<\/p>\n<p>Edi\u00e7\u00e3o: Jouze Danielle Alves de Brito.&nbsp;<\/p>\n<p><strong>COMPARTILHE ESSA IDEIA!<\/strong><\/p>\n","protected":false},"excerpt":{"rendered":"<p>O n\u00facleo de Acessibilidade e Inclus\u00e3o &#8211; NAI lan\u00e7a a ideia inovadora denominada &#8220;FLUXO VISUAL DE LINGUAGEM SIMPLES&#8221;. Esta \u00e9 uma ideia inovadora&#8230;<\/p>\n","protected":false},"author":877,"featured_media":0,"parent":0,"menu_order":0,"comment_status":"closed","ping_status":"closed","template":"","meta":{"inline_featured_image":false,"ngg_post_thumbnail":0,"footnotes":""},"class_list":["post-5254","page","type-page","status-publish","hentry"],"_links":{"self":[{"href":"https:\/\/www2.unifap.br\/nai\/wp-json\/wp\/v2\/pages\/5254","targetHints":{"allow":["GET"]}}],"collection":[{"href":"https:\/\/www2.unifap.br\/nai\/wp-json\/wp\/v2\/pages"}],"about":[{"href":"https:\/\/www2.unifap.br\/nai\/wp-json\/wp\/v2\/types\/page"}],"author":[{"embeddable":true,"href":"https:\/\/www2.unifap.br\/nai\/wp-json\/wp\/v2\/users\/877"}],"replies":[{"embeddable":true,"href":"https:\/\/www2.unifap.br\/nai\/wp-json\/wp\/v2\/comments?post=5254"}],"version-history":[{"count":14,"href":"https:\/\/www2.unifap.br\/nai\/wp-json\/wp\/v2\/pages\/5254\/revisions"}],"predecessor-version":[{"id":5401,"href":"https:\/\/www2.unifap.br\/nai\/wp-json\/wp\/v2\/pages\/5254\/revisions\/5401"}],"wp:attachment":[{"href":"https:\/\/www2.unifap.br\/nai\/wp-json\/wp\/v2\/media?parent=5254"}],"curies":[{"name":"wp","href":"https:\/\/api.w.org\/{rel}","templated":true}]}}