{"id":5322,"date":"2025-08-21T16:45:31","date_gmt":"2025-08-21T16:45:31","guid":{"rendered":"https:\/\/www2.unifap.br\/nai\/?page_id=5322"},"modified":"2025-09-09T01:43:01","modified_gmt":"2025-09-09T01:43:01","slug":"canais-de-comunicacao-nai","status":"publish","type":"page","link":"https:\/\/www2.unifap.br\/nai\/fluxo-visual-e-linguagem-simples\/canais-de-comunicacao-nai\/","title":{"rendered":"CANAIS DE COMUNICA\u00c7\u00c3O DO NAI"},"content":{"rendered":"<p><strong>Segue O FLUXO VISUAL DE LINGUAGEM SIMPLES: CANAIS DE COMUNICA\u00c7\u00c3O DO NAI, <\/strong>com informa\u00e7\u00f5es diversas de como se comunicar com o n\u00facleo, para obter informa\u00e7\u00f5es ou realizar solicita\u00e7\u00f5es.<\/p>\n<p><a href=\"http:\/\/www2.unifap.br\/nai\/files\/2025\/09\/canais-de-comunicacao.jpg\"><img fetchpriority=\"high\" decoding=\"async\" class=\"alignnone size-large wp-image-5332\" src=\"http:\/\/www2.unifap.br\/nai\/files\/2025\/09\/canais-de-comunicacao-1024x1024.jpg\" alt=\"\" width=\"1024\" height=\"1024\" srcset=\"https:\/\/www2.unifap.br\/nai\/files\/2025\/09\/canais-de-comunicacao-1024x1024.jpg 1024w, https:\/\/www2.unifap.br\/nai\/files\/2025\/09\/canais-de-comunicacao-300x300.jpg 300w, https:\/\/www2.unifap.br\/nai\/files\/2025\/09\/canais-de-comunicacao-150x150.jpg 150w, https:\/\/www2.unifap.br\/nai\/files\/2025\/09\/canais-de-comunicacao-768x768.jpg 768w, https:\/\/www2.unifap.br\/nai\/files\/2025\/09\/canais-de-comunicacao-1000x1000.jpg 1000w, https:\/\/www2.unifap.br\/nai\/files\/2025\/09\/canais-de-comunicacao-230x230.jpg 230w, https:\/\/www2.unifap.br\/nai\/files\/2025\/09\/canais-de-comunicacao-350x350.jpg 350w, https:\/\/www2.unifap.br\/nai\/files\/2025\/09\/canais-de-comunicacao-480x480.jpg 480w, https:\/\/www2.unifap.br\/nai\/files\/2025\/09\/canais-de-comunicacao.jpg 1080w\" sizes=\"(max-width: 1024px) 100vw, 1024px\" \/><\/a><\/p>\n<p>&nbsp;<\/p>\n<p>Baixe e compartilhe!<\/p>\n<p>link:&nbsp;<a href=\"https:\/\/drive.google.com\/file\/d\/1ue6SG-XHswWMBsIIyZi6BCQy591glWdG\/view?usp=drive_link\">https:\/\/drive.google.com\/file\/d\/1ue6SG-XHswWMBsIIyZi6BCQy591glWdG\/view?usp=drive_link<\/a><\/p>\n<p>&nbsp;<\/p>\n","protected":false},"excerpt":{"rendered":"<p>Segue O FLUXO VISUAL DE LINGUAGEM SIMPLES: CANAIS DE COMUNICA\u00c7\u00c3O DO NAI, com informa\u00e7\u00f5es diversas de como se comunicar com o n\u00facleo, para&#8230;<\/p>\n","protected":false},"author":877,"featured_media":0,"parent":5254,"menu_order":0,"comment_status":"closed","ping_status":"closed","template":"","meta":{"inline_featured_image":false,"ngg_post_thumbnail":0,"footnotes":""},"class_list":["post-5322","page","type-page","status-publish","hentry"],"_links":{"self":[{"href":"https:\/\/www2.unifap.br\/nai\/wp-json\/wp\/v2\/pages\/5322","targetHints":{"allow":["GET"]}}],"collection":[{"href":"https:\/\/www2.unifap.br\/nai\/wp-json\/wp\/v2\/pages"}],"about":[{"href":"https:\/\/www2.unifap.br\/nai\/wp-json\/wp\/v2\/types\/page"}],"author":[{"embeddable":true,"href":"https:\/\/www2.unifap.br\/nai\/wp-json\/wp\/v2\/users\/877"}],"replies":[{"embeddable":true,"href":"https:\/\/www2.unifap.br\/nai\/wp-json\/wp\/v2\/comments?post=5322"}],"version-history":[{"count":6,"href":"https:\/\/www2.unifap.br\/nai\/wp-json\/wp\/v2\/pages\/5322\/revisions"}],"predecessor-version":[{"id":5336,"href":"https:\/\/www2.unifap.br\/nai\/wp-json\/wp\/v2\/pages\/5322\/revisions\/5336"}],"up":[{"embeddable":true,"href":"https:\/\/www2.unifap.br\/nai\/wp-json\/wp\/v2\/pages\/5254"}],"wp:attachment":[{"href":"https:\/\/www2.unifap.br\/nai\/wp-json\/wp\/v2\/media?parent=5322"}],"curies":[{"name":"wp","href":"https:\/\/api.w.org\/{rel}","templated":true}]}}