{"id":12,"date":"2014-12-12T19:57:13","date_gmt":"2014-12-12T19:57:13","guid":{"rendered":"http:\/\/www2.unifap.br\/nanofito\/?page_id=12"},"modified":"2014-12-14T18:15:31","modified_gmt":"2014-12-14T18:15:31","slug":"membros","status":"publish","type":"page","link":"https:\/\/www2.unifap.br\/nanofito\/membros\/","title":{"rendered":"Membros"},"content":{"rendered":"<p><strong>Coordenador<\/strong><\/p>\n<p>Prof. Dr. Caio Pinho Fernandes<\/p>\n<p>Doutor em Ci\u00eancias (Biotecnologia Vegetal) &#8211; Universidade Federal do Rio de Janeiro<\/p>\n<p>http:\/\/buscatextual.cnpq.br\/buscatextual\/visualizacv.do?id=K4421266T6<\/p>\n<p>&nbsp;<\/p>\n<p><strong>Vice-Coordenador<\/strong><\/p>\n<p>Prof. Rodrigo Alves Soares Cruz<\/p>\n<p>Mestre em Ci\u00eancias (Biotecnologia Vegetal) &#8211; Universidade Federal do Rio de Janeiro<\/p>\n<p>http:\/\/buscatextual.cnpq.br\/buscatextual\/visualizacv.do?id=K4120664Y1<\/p>\n<p>&nbsp;<\/p>\n<p><strong>Pesquisadores<\/strong><\/p>\n<p>Jos\u00e9 Carlos Tavares Carvalho<\/p>\n<p>Doutor em F\u00e1rmacos e Medicamentos &#8211; Universidade de S\u00e3o Paulo<\/p>\n<p>http:\/\/buscatextual.cnpq.br\/buscatextual\/visualizacv.do?id=K4780165Y5<\/p>\n<p>&nbsp;<\/p>\n<p>Raquel Rodrigues do Amaral<\/p>\n<p>Doutora em Ci\u00eancias (Biotecnologia Vegetal) &#8211; Universidade Federal do Rio de Janeiro<\/p>\n<p>http:\/\/buscatextual.cnpq.br\/buscatextual\/visualizacv.do?id=K4774500T1<\/p>\n<p>&nbsp;<\/p>\n<p>Anna Aliza Maciel de Faria Mota Oliveira<\/p>\n<p>Mestre em Ci\u00eancias da Sa\u00fade &#8211; Universidade Federal do Amap\u00e1<\/p>\n<p>http:\/\/buscatextual.cnpq.br\/buscatextual\/visualizacv.do?id=K4438014A5<\/p>\n<p>&nbsp;<\/p>\n<p>Jesus Rafael Rodr\u00edguez Amado<\/p>\n<p>Doutor em Ci\u00eancias da Sa\u00fade &#8211; Universidad de Ciencias Medicas de La Havana (Cuba)<\/p>\n<p>http:\/\/buscatextual.cnpq.br\/buscatextual\/visualizacv.do?id=K8124253Y0<\/p>\n<p>&nbsp;<\/p>\n<p><strong>Estudantes<\/strong><\/p>\n<p>Fernanda Borges de Almeida<\/p>\n<p>Graduanda em Farm\u00e1cia &#8211; Universidade Federal do Amap\u00e1<\/p>\n<p>http:\/\/buscatextual.cnpq.br\/buscatextual\/visualizacv.do?id=K4356105A3<\/p>\n<p>&nbsp;<\/p>\n<p>Escarleth da Concei\u00e7\u00e3o Rocha Rodrigues<\/p>\n<p>Graduanda em Farm\u00e1cia &#8211; Universidade Federal do Amap\u00e1<\/p>\n<p>http:\/\/buscatextual.cnpq.br\/buscatextual\/visualizacv.do?id=K4387098T4<\/p>\n<p>&nbsp;<\/p>\n<p>Danilo Cabral Hyacienth<\/p>\n<p>Graduando em Farm\u00e1cia &#8211; Universidade Federal do Amap\u00e1<\/p>\n<p>http:\/\/buscatextual.cnpq.br\/buscatextual\/visualizacv.do?id=K4327658E7<\/p>\n<p>&nbsp;<\/p>\n<p>Ant\u00f4nio Paulo Ribeiro Bitencourt<\/p>\n<p>Graduando em Farm\u00e1cia &#8211; Universidade Federal do Amap\u00e1<\/p>\n<p>http:\/\/buscatextual.cnpq.br\/buscatextual\/visualizacv.do?id=K4473255D1<\/p>\n<p>&nbsp;<\/p>\n<p>Isabele de Carvalho Costa<\/p>\n<p>Graduanda em Farm\u00e1cia &#8211; Universidade Federal do Amap\u00e1<\/p>\n<p>http:\/\/buscatextual.cnpq.br\/buscatextual\/visualizacv.do?id=K4803277T5<\/p>\n<p>&nbsp;<\/p>\n<p>Railane Ferreira Rodrigues<\/p>\n<p>Graduanda em Farm\u00e1cia &#8211; Universidade Federal do Amap\u00e1<\/p>\n<p>http:\/\/buscatextual.cnpq.br\/buscatextual\/visualizacv.do?id=K4803117E1<\/p>\n<p>&nbsp;<\/p>\n<p>Hellen Alves Loureiro<\/p>\n<p>Graduanda em Farm\u00e1cia &#8211; Universidade Federal do Amap\u00e1<\/p>\n<p>http:\/\/buscatextual.cnpq.br\/buscatextual\/visualizacv.do?id=K8139631E0<\/p>\n<p>&nbsp;<\/p>\n<p>Naima Pontes D\u00b4Haveloose<\/p>\n<p>Graduanda em Farm\u00e1cia &#8211; Universidade Federal do Amap\u00e1<\/p>\n<p>http:\/\/buscatextual.cnpq.br\/buscatextual\/visualizacv.do?id=K8136539A7<\/p>\n<p>&nbsp;<\/p>\n<p>Jonatas Lobato Duarte<\/p>\n<p>Graduando em Farm\u00e1cia &#8211; Universidade Federal do Amap\u00e1<\/p>\n<p>http:\/\/buscatextual.cnpq.br\/buscatextual\/visualizacv.do?id=K4358738H6<\/p>\n<p>&nbsp;<\/p>\n<p>&nbsp;<\/p>\n<p>&nbsp;<\/p>\n","protected":false},"excerpt":{"rendered":"<p>Coordenador Prof. Dr. Caio Pinho Fernandes Doutor em Ci\u00eancias (Biotecnologia Vegetal) &#8211; Universidade Federal do Rio de Janeiro http:\/\/buscatextual.cnpq.br\/buscatextual\/visualizacv.do?id=K4421266T6 &nbsp; Vice-Coordenador Prof. Rodrigo Alves Soares Cruz Mestre em Ci\u00eancias (Biotecnologia Vegetal) &#8211; Universidade Federal do Rio de Janeiro http:\/\/buscatextual.cnpq.br\/buscatextual\/visualizacv.do?id=K4120664Y1 &nbsp;&hellip; <\/p>\n<p><a href=\"https:\/\/www2.unifap.br\/nanofito\/membros\/\" class=\"readmore-button\">Continue Reading<\/a><\/p>\n","protected":false},"author":631,"featured_media":0,"parent":0,"menu_order":0,"comment_status":"open","ping_status":"open","template":"","meta":{"inline_featured_image":false,"ngg_post_thumbnail":0,"footnotes":""},"class_list":["post-12","page","type-page","status-publish","hentry"],"_links":{"self":[{"href":"https:\/\/www2.unifap.br\/nanofito\/wp-json\/wp\/v2\/pages\/12","targetHints":{"allow":["GET"]}}],"collection":[{"href":"https:\/\/www2.unifap.br\/nanofito\/wp-json\/wp\/v2\/pages"}],"about":[{"href":"https:\/\/www2.unifap.br\/nanofito\/wp-json\/wp\/v2\/types\/page"}],"author":[{"embeddable":true,"href":"https:\/\/www2.unifap.br\/nanofito\/wp-json\/wp\/v2\/users\/631"}],"replies":[{"embeddable":true,"href":"https:\/\/www2.unifap.br\/nanofito\/wp-json\/wp\/v2\/comments?post=12"}],"version-history":[{"count":9,"href":"https:\/\/www2.unifap.br\/nanofito\/wp-json\/wp\/v2\/pages\/12\/revisions"}],"predecessor-version":[{"id":48,"href":"https:\/\/www2.unifap.br\/nanofito\/wp-json\/wp\/v2\/pages\/12\/revisions\/48"}],"wp:attachment":[{"href":"https:\/\/www2.unifap.br\/nanofito\/wp-json\/wp\/v2\/media?parent=12"}],"curies":[{"name":"wp","href":"https:\/\/api.w.org\/{rel}","templated":true}]}}