{"id":31,"date":"2014-12-12T20:25:42","date_gmt":"2014-12-12T20:25:42","guid":{"rendered":"http:\/\/www2.unifap.br\/nanofito\/?page_id=31"},"modified":"2014-12-20T16:28:04","modified_gmt":"2014-12-20T16:28:04","slug":"linhas-de-pesquisa","status":"publish","type":"page","link":"https:\/\/www2.unifap.br\/nanofito\/linhas-de-pesquisa\/","title":{"rendered":"Linhas de pesquisa"},"content":{"rendered":"<p>O Laborat\u00f3rio de Nanobiotecnologia Fitofarmac\u00eautica atua em tr\u00eas linhas de pesquisa principais que norteiam os estudos desenvolvidos, que s\u00e3o:<\/p>\n<p>&nbsp;<\/p>\n<p><strong>Desenvolvimento e caracteriza\u00e7\u00e3o de nanoformula\u00e7\u00f5es<\/strong><\/p>\n<p>Trata de todas as etapas inerentes ao desenvolvimento e caracteriza\u00e7\u00e3o de diferentes tipos de nanoformula\u00e7\u00f5es, incluindo nanoemuls\u00f5es, nanopart\u00edculas polim\u00e9ricas, nanodispers\u00f5es, entre outras. Utilizamos diferentes mat\u00e9rias-primas de origem natural, como \u00f3leos fixos, \u00f3leos essenciais, extratos e fra\u00e7\u00f5es contendo classes espec\u00edficas de metab\u00f3litos secund\u00e1rios. Os m\u00e9todos de prepara\u00e7\u00e3o envolvem m\u00e9todos de alto aporte de energia ou baixo aporte de energia. Ensaios de an\u00e1lise dos tamanhos de part\u00edcula, \u00edndice de polidispers\u00e3o, potencial zeta, efici\u00eancia de encapsula\u00e7\u00e3o e libera\u00e7\u00e3o dos marcadores qu\u00edmicos s\u00e3o feitos para sele\u00e7\u00e3o das nanoformula\u00e7\u00f5es mais promissoras.<\/p>\n<p>&nbsp;<\/p>\n<p><strong>Estudos Fitoqu\u00edmicos<\/strong><\/p>\n<p>Esp\u00e9cies vegetais nativas s\u00e3o submetidas a ensaios fitoqu\u00edmicos visando o isolamento e\/ou identifica\u00e7\u00e3o de subst\u00e2ncias oriundas do metabolismo secund\u00e1rio. M\u00e9todos quantitativos para obten\u00e7\u00e3o do teor de marcadores qu\u00edmicos tamb\u00e9m s\u00e3o realizados, sendo fundamentais para a caracteriza\u00e7\u00e3o das nanoformula\u00e7\u00f5es obtidas.<\/p>\n<p>&nbsp;<\/p>\n<p><strong>Avalia\u00e7\u00e3o da Atividade Biol\u00f3gica<\/strong><\/p>\n<p>Diversas subst\u00e2ncias de origem natural apresentam limitada solubilidade em \u00e1gua. Neste contexto, as nanoformula\u00e7\u00f5es obtidas s\u00e3o avaliadas quanto a diversas atividades biol\u00f3gicas, sendo dilu\u00eddas em \u00e1gua e permitindo a avalia\u00e7\u00e3o de potenciais produtos inovadores. S\u00e3o realizados testes <em>in vivo<\/em> com zebrafish (farmacol\u00f3gicos), <em>Aedes aegypti\u00a0<\/em>(inseticidas) e <em>Artemia salina\u00a0<\/em>(toxidade ambiental), al\u00e9m de diversos ensaios <em>in vitro<\/em><em>, <\/em>como ensaios inibit\u00f3rios sobre diversas enzimas (acetilcolinesterase, alfa-amilase, entre outras) e antimicrobianos.<\/p>\n","protected":false},"excerpt":{"rendered":"<p>O Laborat\u00f3rio de Nanobiotecnologia Fitofarmac\u00eautica atua em tr\u00eas linhas de pesquisa principais que norteiam os estudos desenvolvidos, que s\u00e3o: &nbsp; Desenvolvimento e caracteriza\u00e7\u00e3o de nanoformula\u00e7\u00f5es Trata de todas as etapas inerentes ao desenvolvimento e caracteriza\u00e7\u00e3o de diferentes tipos de nanoformula\u00e7\u00f5es,&hellip; <\/p>\n<p><a href=\"https:\/\/www2.unifap.br\/nanofito\/linhas-de-pesquisa\/\" class=\"readmore-button\">Continue Reading<\/a><\/p>\n","protected":false},"author":631,"featured_media":0,"parent":0,"menu_order":0,"comment_status":"open","ping_status":"open","template":"","meta":{"inline_featured_image":false,"ngg_post_thumbnail":0,"footnotes":""},"class_list":["post-31","page","type-page","status-publish","hentry"],"_links":{"self":[{"href":"https:\/\/www2.unifap.br\/nanofito\/wp-json\/wp\/v2\/pages\/31","targetHints":{"allow":["GET"]}}],"collection":[{"href":"https:\/\/www2.unifap.br\/nanofito\/wp-json\/wp\/v2\/pages"}],"about":[{"href":"https:\/\/www2.unifap.br\/nanofito\/wp-json\/wp\/v2\/types\/page"}],"author":[{"embeddable":true,"href":"https:\/\/www2.unifap.br\/nanofito\/wp-json\/wp\/v2\/users\/631"}],"replies":[{"embeddable":true,"href":"https:\/\/www2.unifap.br\/nanofito\/wp-json\/wp\/v2\/comments?post=31"}],"version-history":[{"count":5,"href":"https:\/\/www2.unifap.br\/nanofito\/wp-json\/wp\/v2\/pages\/31\/revisions"}],"predecessor-version":[{"id":66,"href":"https:\/\/www2.unifap.br\/nanofito\/wp-json\/wp\/v2\/pages\/31\/revisions\/66"}],"wp:attachment":[{"href":"https:\/\/www2.unifap.br\/nanofito\/wp-json\/wp\/v2\/media?parent=31"}],"curies":[{"name":"wp","href":"https:\/\/api.w.org\/{rel}","templated":true}]}}