{"id":10,"date":"2016-03-01T15:53:09","date_gmt":"2016-03-01T15:53:09","guid":{"rendered":"http:\/\/www2.unifap.br\/neab\/?page_id=10"},"modified":"2016-07-21T15:30:30","modified_gmt":"2016-07-21T15:30:30","slug":"apresentacao","status":"publish","type":"page","link":"https:\/\/www2.unifap.br\/neab\/apresentacao\/","title":{"rendered":"Apresenta\u00e7\u00e3o"},"content":{"rendered":"<p><a href=\"http:\/\/www2.unifap.br\/neab\/files\/2016\/03\/neab-1.jpg\"><img fetchpriority=\"high\" decoding=\"async\" class=\"alignnone size-medium wp-image-92 alignleft\" alt=\"neab-1\" src=\"http:\/\/www2.unifap.br\/neab\/files\/2016\/03\/neab-1-300x195.jpg\" width=\"300\" height=\"195\" srcset=\"https:\/\/www2.unifap.br\/neab\/files\/2016\/03\/neab-1-300x195.jpg 300w, https:\/\/www2.unifap.br\/neab\/files\/2016\/03\/neab-1-1024x665.jpg 1024w\" sizes=\"(max-width: 300px) 100vw, 300px\" \/><\/a><span style=\"line-height: 1.5em\">A cria\u00e7\u00e3o e implementa\u00e7\u00e3o do N\u00facleo de Estudos Afro-Brasileiros (NEAB) na Universidade federal do Amap\u00e1 (UNIFAP) iniciou-se a partir das discuss\u00f5es entre intelectuais, movimentos sociais negros, comunidade unifapeana e sociedade amapaense em geral sobre os diversos aspectos envolvendo as rela\u00e7\u00f5es \u00e9tnico-raciais.<\/span><\/p>\n<p>O marco inicial para a estrutura\u00e7\u00e3o desse N\u00facleo foi o evento intitulado<strong> &#8220;Semin\u00e1rio de Pol\u00edticas Afirmativas na UNIFAP: Cria\u00e7\u00e3o e Implementa\u00e7\u00e3o do NEAB&#8221;<\/strong>, que ocorreu nos dias 18 e 19 de maio de 2015.<\/p>\n<p>Atualmente o NEAB est\u00e1 em fase de implementa\u00e7\u00e3o na UNIFAP, aguardando a aprova\u00e7\u00e3o do Regimento Interno pelo Conselho Superior Universit\u00e1rio. Institucionalmente, o NEAB \u00e9 vinculado \u00e0 Pr\u00f3-reitoria de Extens\u00e3o e A\u00e7\u00f5es Comunit\u00e1rias (PROEAC), pelo projeto de extens\u00e3o <strong>\u201cPol\u00edticas Afirmativas na UNIFAP: cria\u00e7\u00e3o e implementa\u00e7\u00e3o do N\u00facleo de Estudos Afro-brasileiros (NEAB)\u201d<\/strong> registrado no Departamento de Extens\u00e3o (DEX) sob o\u00a0n. 28\/2015.<\/p>\n<p>&nbsp;<\/p>\n<p>&nbsp;<\/p>\n","protected":false},"excerpt":{"rendered":"<p>A cria\u00e7\u00e3o e implementa\u00e7\u00e3o do N\u00facleo de Estudos Afro-Brasileiros (NEAB) na Universidade federal do Amap\u00e1 (UNIFAP) iniciou-se a partir das discuss\u00f5es entre intelectuais, movimentos sociais negros, comunidade unifapeana e sociedade amapaense em geral sobre os diversos aspectos envolvendo as rela\u00e7\u00f5es&hellip; <\/p>\n<p><a href=\"https:\/\/www2.unifap.br\/neab\/apresentacao\/\" class=\"readmore-button\">Continue Reading<\/a><\/p>\n","protected":false},"author":869,"featured_media":0,"parent":0,"menu_order":1,"comment_status":"open","ping_status":"open","template":"","meta":{"inline_featured_image":false,"ngg_post_thumbnail":0,"footnotes":""},"class_list":["post-10","page","type-page","status-publish","hentry"],"_links":{"self":[{"href":"https:\/\/www2.unifap.br\/neab\/wp-json\/wp\/v2\/pages\/10","targetHints":{"allow":["GET"]}}],"collection":[{"href":"https:\/\/www2.unifap.br\/neab\/wp-json\/wp\/v2\/pages"}],"about":[{"href":"https:\/\/www2.unifap.br\/neab\/wp-json\/wp\/v2\/types\/page"}],"author":[{"embeddable":true,"href":"https:\/\/www2.unifap.br\/neab\/wp-json\/wp\/v2\/users\/869"}],"replies":[{"embeddable":true,"href":"https:\/\/www2.unifap.br\/neab\/wp-json\/wp\/v2\/comments?post=10"}],"version-history":[{"count":12,"href":"https:\/\/www2.unifap.br\/neab\/wp-json\/wp\/v2\/pages\/10\/revisions"}],"predecessor-version":[{"id":445,"href":"https:\/\/www2.unifap.br\/neab\/wp-json\/wp\/v2\/pages\/10\/revisions\/445"}],"wp:attachment":[{"href":"https:\/\/www2.unifap.br\/neab\/wp-json\/wp\/v2\/media?parent=10"}],"curies":[{"name":"wp","href":"https:\/\/api.w.org\/{rel}","templated":true}]}}