{"id":1049,"date":"2018-01-22T18:52:05","date_gmt":"2018-01-22T18:52:05","guid":{"rendered":"http:\/\/www2.unifap.br\/neab\/?page_id=1049"},"modified":"2020-07-06T14:28:55","modified_gmt":"2020-07-06T14:28:55","slug":"trajetorias-cotistas","status":"publish","type":"page","link":"https:\/\/www2.unifap.br\/neab\/memorial\/trajetorias-cotistas\/","title":{"rendered":"Trajet\u00f3rias Cotistas"},"content":{"rendered":"<p>VC INGRESSOU NA UNIVERSIDADE P\u00daBLICA por algum *Sistema de Cotas*, quer seja *ESCOLA P\u00daBLICA, SOCIAL E\/OU RACIAL* ?????<\/p>\n<p>_N\u00f3s gostar\u00edamos de falar com vc&#8230;. para elaborar um perfil dos estudantes cotistas das universidades p\u00fablicas brasileiras e gerar um diagn\u00f3stico do sistema de cotas&#8230;._<\/p>\n<p>*VENHA PARTILHAR A SUA EXPERI\u00caNCIA E DAR VOZ AOS(\u00c0S) ESTUDANTES COTISTAS*<\/p>\n<p>Favor preencher o formul\u00e1rio dispon\u00edvel no link &lt;https:\/\/goo.gl\/forms\/IqHHWTFAxHNBjOim2&gt;<\/p>\n<p>Mais informa\u00e7\u00f5es acesse: &lt;http:\/\/www.acoesafirmativasufmg.org\/p\/pesquisa-trajetoria-c\u2026&gt;<\/p>\n<p>Att.,<\/p>\n<p>Coordena\u00e7\u00e3o Norte da Pesquisa<\/p>\n<p>Curta a nossa p\u00e1gina no facebook:\u00a0https:\/\/www.facebook.com\/PesquisaTrajetoriasCotistas\/<\/p>\n","protected":false},"excerpt":{"rendered":"<p>VC INGRESSOU NA UNIVERSIDADE P\u00daBLICA por algum *Sistema de Cotas*, quer seja *ESCOLA P\u00daBLICA, SOCIAL E\/OU RACIAL* ????? _N\u00f3s gostar\u00edamos de falar com vc&#8230;. para elaborar um perfil dos estudantes cotistas das universidades p\u00fablicas brasileiras e gerar um diagn\u00f3stico do&hellip; <\/p>\n<p><a href=\"https:\/\/www2.unifap.br\/neab\/memorial\/trajetorias-cotistas\/\" class=\"readmore-button\">Continue Reading<\/a><\/p>\n","protected":false},"author":869,"featured_media":0,"parent":7,"menu_order":0,"comment_status":"open","ping_status":"open","template":"","meta":{"inline_featured_image":false,"ngg_post_thumbnail":0,"footnotes":""},"class_list":["post-1049","page","type-page","status-publish","hentry"],"_links":{"self":[{"href":"https:\/\/www2.unifap.br\/neab\/wp-json\/wp\/v2\/pages\/1049","targetHints":{"allow":["GET"]}}],"collection":[{"href":"https:\/\/www2.unifap.br\/neab\/wp-json\/wp\/v2\/pages"}],"about":[{"href":"https:\/\/www2.unifap.br\/neab\/wp-json\/wp\/v2\/types\/page"}],"author":[{"embeddable":true,"href":"https:\/\/www2.unifap.br\/neab\/wp-json\/wp\/v2\/users\/869"}],"replies":[{"embeddable":true,"href":"https:\/\/www2.unifap.br\/neab\/wp-json\/wp\/v2\/comments?post=1049"}],"version-history":[{"count":1,"href":"https:\/\/www2.unifap.br\/neab\/wp-json\/wp\/v2\/pages\/1049\/revisions"}],"predecessor-version":[{"id":1050,"href":"https:\/\/www2.unifap.br\/neab\/wp-json\/wp\/v2\/pages\/1049\/revisions\/1050"}],"up":[{"embeddable":true,"href":"https:\/\/www2.unifap.br\/neab\/wp-json\/wp\/v2\/pages\/7"}],"wp:attachment":[{"href":"https:\/\/www2.unifap.br\/neab\/wp-json\/wp\/v2\/media?parent=1049"}],"curies":[{"name":"wp","href":"https:\/\/api.w.org\/{rel}","templated":true}]}}