{"id":1053,"date":"2018-01-31T09:22:43","date_gmt":"2018-01-31T09:22:43","guid":{"rendered":"http:\/\/www2.unifap.br\/neab\/?page_id=1053"},"modified":"2020-07-06T14:28:26","modified_gmt":"2020-07-06T14:28:26","slug":"inscricao","status":"publish","type":"page","link":"https:\/\/www2.unifap.br\/neab\/memorial\/inscricao\/","title":{"rendered":"Bolsa de Extens\u00e3o"},"content":{"rendered":"<p>O <strong>Departamento de Extens\u00e3o (Dex\/Unifap)<\/strong>, em parceria com o <strong>N\u00facleo de Estudos Afro-brasileiros (Neab\/Unifap)<\/strong>, lan\u00e7ou edital de sele\u00e7\u00e3o de 02 (dois) bolsistas, para o Projeto de Extens\u00e3o intitulado &#8220;Autoafirma\u00e7\u00e3o da Identidade Negra dos Estudantes do Ensino M\u00e9dio de Macap\u00e1,&#8221; registrado sob o n. 031\/2018.<\/p>\n<p>Para informa\u00e7\u00f5es sobre as regras da sele\u00e7\u00e3o, acesse o\u00a0<a href=\"http:\/\/www2.unifap.br\/neab\/files\/2018\/01\/EDITAL-N\u00ba-011-PIBEX-DEX-PROEAC-UNIFAP-DE-30-DE-Janeiro-DE-2018.pdf\">EDITAL-N\u00ba-011-PIBEX-DEX-PROEAC-UNIFAP-DE-30-DE-Janeiro-DE-2018<\/a><\/p>\n<p>&gt;&gt; 04\/02\/2018 23:59hrs INSCRI\u00c7\u00d5ES ENCERRADAS<\/p>\n<p>&gt;&gt; 05\/02\/2018\u00a0<a href=\"http:\/\/www2.unifap.br\/neab\/files\/2018\/01\/Inscri\u00e7\u00f5eshomologadas.pdf\">Inscri\u00e7\u00f5es Homologadas<\/a><\/p>\n<p>&gt;&gt; 07\/02\/2018\u00a0<a href=\"http:\/\/www2.unifap.br\/neab\/files\/2018\/01\/Resultado-Preliminar.pdf\">Resultado-Preliminar<\/a><\/p>\n<p>&gt;&gt;08\/02\/2018 &#8211; Recurso\u00a0<a href=\"http:\/\/www2.unifap.br\/neab\/files\/2018\/01\/Recurso.pdf\">Baixe aqui o formul\u00e1rio de recurso<\/a>\u00a0Obs: o recurso deve ser protocolado\u00a0 na Coordena\u00e7\u00e3o do N\u00facleo de Estudos Afro-brasileiros\u00a0 (Neab\/Unifap), localizada no audit\u00f3rio 3 do pr\u00e9dio aranha\u00a0 (enfrente ao Restaurante Universit\u00e1rio)<\/p>\n<p>&gt;&gt;09\/02\/2018 &#8211; Retifica\u00e7\u00e3o no cronograma &gt;&gt; <a href=\"http:\/\/www2.unifap.br\/neab\/files\/2018\/01\/Retifica\u00e7\u00e3o01.pdf\">Baixe aqui<\/a><\/p>\n<p>&gt;&gt;09\/02\/2018 &#8211;\u00a0<a href=\"http:\/\/www2.unifap.br\/neab\/files\/2018\/01\/Lista-de-Classificados.pdf\">Lista de Classificados<\/a><\/p>\n<p>&gt;&gt;09\/02\/2018 &#8211; <a href=\"http:\/\/www2.unifap.br\/neab\/files\/2018\/01\/Cronogramadeentrevistas.pdf\">Cronograma de entrevistas<\/a><\/p>\n<p>&gt;&gt;19\/02\/2018 &#8211;\u00a0<a href=\"http:\/\/www2.unifap.br\/neab\/files\/2018\/01\/Resultado-Preliminar1.pdf\">Resultado Preliminar<\/a><\/p>\n<p>&gt;&gt;21\/02\/2018 &#8211;\u00a0<a href=\"http:\/\/www2.unifap.br\/neab\/files\/2018\/01\/Resultado-definitivo.pdf\">Resultado Definitivo<\/a><\/p>\n","protected":false},"excerpt":{"rendered":"<p>O Departamento de Extens\u00e3o (Dex\/Unifap), em parceria com o N\u00facleo de Estudos Afro-brasileiros (Neab\/Unifap), lan\u00e7ou edital de sele\u00e7\u00e3o de 02 (dois) bolsistas, para o Projeto de Extens\u00e3o intitulado &#8220;Autoafirma\u00e7\u00e3o da Identidade Negra dos Estudantes do Ensino M\u00e9dio de Macap\u00e1,&#8221; registrado&hellip; <\/p>\n<p><a href=\"https:\/\/www2.unifap.br\/neab\/memorial\/inscricao\/\" class=\"readmore-button\">Continue Reading<\/a><\/p>\n","protected":false},"author":869,"featured_media":0,"parent":7,"menu_order":0,"comment_status":"open","ping_status":"closed","template":"","meta":{"inline_featured_image":false,"ngg_post_thumbnail":0,"footnotes":""},"class_list":["post-1053","page","type-page","status-publish","hentry"],"_links":{"self":[{"href":"https:\/\/www2.unifap.br\/neab\/wp-json\/wp\/v2\/pages\/1053","targetHints":{"allow":["GET"]}}],"collection":[{"href":"https:\/\/www2.unifap.br\/neab\/wp-json\/wp\/v2\/pages"}],"about":[{"href":"https:\/\/www2.unifap.br\/neab\/wp-json\/wp\/v2\/types\/page"}],"author":[{"embeddable":true,"href":"https:\/\/www2.unifap.br\/neab\/wp-json\/wp\/v2\/users\/869"}],"replies":[{"embeddable":true,"href":"https:\/\/www2.unifap.br\/neab\/wp-json\/wp\/v2\/comments?post=1053"}],"version-history":[{"count":16,"href":"https:\/\/www2.unifap.br\/neab\/wp-json\/wp\/v2\/pages\/1053\/revisions"}],"predecessor-version":[{"id":1085,"href":"https:\/\/www2.unifap.br\/neab\/wp-json\/wp\/v2\/pages\/1053\/revisions\/1085"}],"up":[{"embeddable":true,"href":"https:\/\/www2.unifap.br\/neab\/wp-json\/wp\/v2\/pages\/7"}],"wp:attachment":[{"href":"https:\/\/www2.unifap.br\/neab\/wp-json\/wp\/v2\/media?parent=1053"}],"curies":[{"name":"wp","href":"https:\/\/api.w.org\/{rel}","templated":true}]}}