{"id":1178,"date":"2020-07-21T20:50:18","date_gmt":"2020-07-21T20:50:18","guid":{"rendered":"http:\/\/www2.unifap.br\/neab\/?page_id=1178"},"modified":"2021-10-08T15:09:56","modified_gmt":"2021-10-08T15:09:56","slug":"gestoes-do-neab","status":"publish","type":"page","link":"https:\/\/www2.unifap.br\/neab\/apresentacao\/gestoes-do-neab\/","title":{"rendered":"Gest\u00f5es do Neab"},"content":{"rendered":"\t\t<div data-elementor-type=\"wp-page\" data-elementor-id=\"1178\" class=\"elementor elementor-1178\">\n\t\t\t\t\t\t<section class=\"elementor-section elementor-top-section elementor-element elementor-element-96802bd elementor-section-boxed elementor-section-height-default elementor-section-height-default\" data-id=\"96802bd\" data-element_type=\"section\" data-e-type=\"section\">\n\t\t\t\t\t\t<div class=\"elementor-container elementor-column-gap-default\">\n\t\t\t\t\t<div class=\"elementor-column elementor-col-16 elementor-top-column elementor-element elementor-element-eccaa9e\" data-id=\"eccaa9e\" data-element_type=\"column\" data-e-type=\"column\">\n\t\t\t<div class=\"elementor-widget-wrap elementor-element-populated\">\n\t\t\t\t\t\t<div class=\"elementor-element elementor-element-6629f63 elementor-widget elementor-widget-image\" data-id=\"6629f63\" data-element_type=\"widget\" data-e-type=\"widget\" data-widget_type=\"image.default\">\n\t\t\t\t<div class=\"elementor-widget-container\">\n\t\t\t\t\t\t\t\t\t\t\t\t\t\t\t<img fetchpriority=\"high\" decoding=\"async\" width=\"102\" height=\"1024\" src=\"https:\/\/www2.unifap.br\/neab\/files\/2020\/07\/grafismo-102x1024.png\" class=\"attachment-large size-large wp-image-1202\" alt=\"\" \/>\t\t\t\t\t\t\t\t\t\t\t\t\t\t\t<\/div>\n\t\t\t\t<\/div>\n\t\t\t\t\t<\/div>\n\t\t<\/div>\n\t\t\t\t<div class=\"elementor-column elementor-col-66 elementor-top-column elementor-element elementor-element-76b4241\" data-id=\"76b4241\" data-element_type=\"column\" data-e-type=\"column\">\n\t\t\t<div class=\"elementor-widget-wrap elementor-element-populated\">\n\t\t\t\t\t\t<div class=\"elementor-element elementor-element-79ff14f elementor-widget elementor-widget-text-editor\" data-id=\"79ff14f\" data-element_type=\"widget\" data-e-type=\"widget\" data-widget_type=\"text-editor.default\">\n\t\t\t\t<div class=\"elementor-widget-container\">\n\t\t\t\t\t\t\t\t\t<p>O NEAB ser\u00e1 gerido por uma Coordena\u00e7\u00e3o Colegiada, composta pelas Coordena\u00e7\u00f5es Geral, Coordena\u00e7\u00e3o Acad\u00eamica, Coordena\u00e7\u00e3o de Ensino, Coordena\u00e7\u00e3o de Pesquisa e P\u00f3s-gradua\u00e7\u00e3o, Coordena\u00e7\u00e3o de Extens\u00e3o, cuja elei\u00e7\u00e3o ser\u00e1 realizada ordinariamente a cada dois anos ou extraordinariamente por convoca\u00e7\u00e3o da Coordena\u00e7\u00e3o Geral e\/ou 2\/3 pela maioria simples de membros. PAR\u00c1GRAFO \u00daNICO: Apenas poder\u00e3o concorrer as cadeiras de Coordenador (a) os membros associados do NEAB.<\/p><p><strong>Gest\u00e3o 2015-2018:<\/strong><\/p><p><strong><a href=\"http:\/\/www2.unifap.br\/neab\/files\/2020\/07\/piedade.jpeg\"><img decoding=\"async\" class=\"aligncenter wp-image-1237\" src=\"http:\/\/www2.unifap.br\/neab\/files\/2020\/07\/piedade-767x1024.jpeg\" alt=\"\" width=\"139\" height=\"185\" srcset=\"https:\/\/www2.unifap.br\/neab\/files\/2020\/07\/piedade-767x1024.jpeg 767w, https:\/\/www2.unifap.br\/neab\/files\/2020\/07\/piedade-225x300.jpeg 225w, https:\/\/www2.unifap.br\/neab\/files\/2020\/07\/piedade-768x1025.jpeg 768w, https:\/\/www2.unifap.br\/neab\/files\/2020\/07\/piedade.jpeg 959w\" sizes=\"(max-width: 139px) 100vw, 139px\" \/><\/a><\/strong><\/p><p>Coordena\u00e7\u00e3o Geral: Profa. Dra. Piedade Lino Videira<\/p><p><a href=\"http:\/\/www2.unifap.br\/neab\/files\/2020\/07\/servletrecuperafoto.jpg\"><img decoding=\"async\" class=\"wp-image-1226 aligncenter\" src=\"http:\/\/www2.unifap.br\/neab\/files\/2020\/07\/servletrecuperafoto.jpg\" alt=\"\" width=\"125\" height=\"111\" srcset=\"https:\/\/www2.unifap.br\/neab\/files\/2020\/07\/servletrecuperafoto.jpg 589w, https:\/\/www2.unifap.br\/neab\/files\/2020\/07\/servletrecuperafoto-300x267.jpg 300w\" sizes=\"(max-width: 125px) 100vw, 125px\" \/><\/a><\/p><p>Coordena\u00e7\u00e3o de Ensino: Prof. Dr. Raimundo Erundino Santos Diniz<\/p><p><a href=\"http:\/\/www2.unifap.br\/neab\/files\/2020\/07\/handerson.jpg\"><img loading=\"lazy\" decoding=\"async\" class=\"wp-image-1232 aligncenter\" src=\"http:\/\/www2.unifap.br\/neab\/files\/2020\/07\/handerson.jpg\" alt=\"\" width=\"132\" height=\"99\" srcset=\"https:\/\/www2.unifap.br\/neab\/files\/2020\/07\/handerson.jpg 490w, https:\/\/www2.unifap.br\/neab\/files\/2020\/07\/handerson-300x226.jpg 300w\" sizes=\"(max-width: 132px) 100vw, 132px\" \/><\/a><\/p><p>Coordena\u00e7\u00e3o de Pesquisa e P\u00f3s-gradua\u00e7\u00e3o: Prof. Dr.\u00a0 Handerson Joseph<\/p><p><a href=\"http:\/\/www2.unifap.br\/neab\/files\/2020\/07\/luciano.jpg\"><img loading=\"lazy\" decoding=\"async\" class=\"aligncenter wp-image-1231\" src=\"http:\/\/www2.unifap.br\/neab\/files\/2020\/07\/luciano.jpg\" alt=\"\" width=\"162\" height=\"162\" srcset=\"https:\/\/www2.unifap.br\/neab\/files\/2020\/07\/luciano.jpg 640w, https:\/\/www2.unifap.br\/neab\/files\/2020\/07\/luciano-300x300.jpg 300w, https:\/\/www2.unifap.br\/neab\/files\/2020\/07\/luciano-150x150.jpg 150w, https:\/\/www2.unifap.br\/neab\/files\/2020\/07\/luciano-70x70.jpg 70w\" sizes=\"(max-width: 162px) 100vw, 162px\" \/><\/a><br \/>Coordena\u00e7\u00e3o de Extens\u00e3o: Prof. Dr. Luciano Magnus de Ara\u00fajo<\/p><p><strong>\u00a0<\/strong><\/p><p><strong>Gest\u00e3o 2018-2020:<\/strong><\/p><p><a href=\"http:\/\/www2.unifap.br\/neab\/files\/2020\/07\/alexsara.jpg\"><img loading=\"lazy\" decoding=\"async\" class=\"aligncenter size-full wp-image-1230\" src=\"http:\/\/www2.unifap.br\/neab\/files\/2020\/07\/alexsara.jpg\" alt=\"\" width=\"160\" height=\"160\" srcset=\"https:\/\/www2.unifap.br\/neab\/files\/2020\/07\/alexsara.jpg 160w, https:\/\/www2.unifap.br\/neab\/files\/2020\/07\/alexsara-150x150.jpg 150w, https:\/\/www2.unifap.br\/neab\/files\/2020\/07\/alexsara-70x70.jpg 70w\" sizes=\"(max-width: 160px) 100vw, 160px\" \/><\/a><br \/>Coordena\u00e7\u00e3o Geral: Profa. Dra. Alexsara de Souza Maciel<\/p><p><a href=\"http:\/\/www2.unifap.br\/neab\/files\/2020\/07\/Rosivaldo.jpg\"><img loading=\"lazy\" decoding=\"async\" class=\"aligncenter size-full wp-image-1229\" src=\"http:\/\/www2.unifap.br\/neab\/files\/2020\/07\/Rosivaldo.jpg\" alt=\"\" width=\"173\" height=\"249\" \/><\/a><br \/>Coordena\u00e7\u00e3o Acad\u00eamica: Prof. Dr. Rosivaldo Gomes<\/p><p><a href=\"http:\/\/www2.unifap.br\/neab\/files\/2020\/07\/servletrecuperafoto.jpg\"><img loading=\"lazy\" decoding=\"async\" class=\"aligncenter wp-image-1226\" src=\"http:\/\/www2.unifap.br\/neab\/files\/2020\/07\/servletrecuperafoto.jpg\" alt=\"\" width=\"149\" height=\"132\" srcset=\"https:\/\/www2.unifap.br\/neab\/files\/2020\/07\/servletrecuperafoto.jpg 589w, https:\/\/www2.unifap.br\/neab\/files\/2020\/07\/servletrecuperafoto-300x267.jpg 300w\" sizes=\"(max-width: 149px) 100vw, 149px\" \/><\/a><br \/>Coordena\u00e7\u00e3o de Ensino: Prof. Dr. Raimundo Erundino Santos Diniz<\/p><p><a href=\"http:\/\/www2.unifap.br\/neab\/files\/2020\/07\/irlon.png\"><img loading=\"lazy\" decoding=\"async\" class=\"aligncenter wp-image-1233\" src=\"http:\/\/www2.unifap.br\/neab\/files\/2020\/07\/irlon.png\" alt=\"\" width=\"131\" height=\"164\" srcset=\"https:\/\/www2.unifap.br\/neab\/files\/2020\/07\/irlon.png 332w, https:\/\/www2.unifap.br\/neab\/files\/2020\/07\/irlon-240x300.png 240w\" sizes=\"(max-width: 131px) 100vw, 131px\" \/><\/a><br \/>Coordena\u00e7\u00e3o de Pesquisa e P\u00f3s-gradua\u00e7\u00e3o: Prof. Dr. Irlon Maciel Ferreira<\/p><p><a href=\"http:\/\/www2.unifap.br\/neab\/files\/2020\/07\/nelma.jpg\"><img loading=\"lazy\" decoding=\"async\" class=\"aligncenter wp-image-1228\" src=\"http:\/\/www2.unifap.br\/neab\/files\/2020\/07\/nelma.jpg\" alt=\"\" width=\"165\" height=\"165\" srcset=\"https:\/\/www2.unifap.br\/neab\/files\/2020\/07\/nelma.jpg 225w, https:\/\/www2.unifap.br\/neab\/files\/2020\/07\/nelma-150x150.jpg 150w, https:\/\/www2.unifap.br\/neab\/files\/2020\/07\/nelma-70x70.jpg 70w\" sizes=\"(max-width: 165px) 100vw, 165px\" \/><\/a><br \/>Coordena\u00e7\u00e3o de Extens\u00e3o: Profa. Dra. Nelma Nunes da Silva<\/p><p><strong>\u00a0<\/strong><\/p><p><strong>\u00a0<\/strong><\/p><p><strong>Gest\u00e3o Interina 2020:<\/strong><\/p><p><a href=\"http:\/\/www2.unifap.br\/neab\/files\/2020\/07\/irlon.png\"><img loading=\"lazy\" decoding=\"async\" class=\"aligncenter wp-image-1233\" src=\"http:\/\/www2.unifap.br\/neab\/files\/2020\/07\/irlon.png\" alt=\"\" width=\"157\" height=\"196\" srcset=\"https:\/\/www2.unifap.br\/neab\/files\/2020\/07\/irlon.png 332w, https:\/\/www2.unifap.br\/neab\/files\/2020\/07\/irlon-240x300.png 240w\" sizes=\"(max-width: 157px) 100vw, 157px\" \/><\/a><br \/>Coordena\u00e7\u00e3o Geral: Prof. Dr. Irlon Maciel Ferreira<\/p><p>\u00a0<\/p><p><strong>Gest\u00e3o\u00a0 2021:<\/strong><\/p><p><a href=\"http:\/\/www2.unifap.br\/neab\/files\/2021\/10\/PHOTO-2021-04-27-20-23-43.jpg\"><img loading=\"lazy\" decoding=\"async\" class=\"aligncenter  wp-image-1330\" src=\"http:\/\/www2.unifap.br\/neab\/files\/2021\/10\/PHOTO-2021-04-27-20-23-43-819x1024.jpg\" alt=\"\" width=\"136\" height=\"170\" srcset=\"https:\/\/www2.unifap.br\/neab\/files\/2021\/10\/PHOTO-2021-04-27-20-23-43-819x1024.jpg 819w, https:\/\/www2.unifap.br\/neab\/files\/2021\/10\/PHOTO-2021-04-27-20-23-43-240x300.jpg 240w, https:\/\/www2.unifap.br\/neab\/files\/2021\/10\/PHOTO-2021-04-27-20-23-43-768x960.jpg 768w, https:\/\/www2.unifap.br\/neab\/files\/2021\/10\/PHOTO-2021-04-27-20-23-43.jpg 1024w\" sizes=\"(max-width: 136px) 100vw, 136px\" \/><\/a><\/p><p>Coordena\u00e7\u00e3o Geral: Profa. Dra. Irislane Pereira de Mores Ewjimi<\/p><p><a href=\"http:\/\/www2.unifap.br\/neab\/files\/2020\/07\/piedade.jpeg\"><img loading=\"lazy\" decoding=\"async\" class=\"aligncenter wp-image-1237\" src=\"http:\/\/www2.unifap.br\/neab\/files\/2020\/07\/piedade-767x1024.jpeg\" alt=\"\" width=\"134\" height=\"179\" srcset=\"https:\/\/www2.unifap.br\/neab\/files\/2020\/07\/piedade-767x1024.jpeg 767w, https:\/\/www2.unifap.br\/neab\/files\/2020\/07\/piedade-225x300.jpeg 225w, https:\/\/www2.unifap.br\/neab\/files\/2020\/07\/piedade-768x1025.jpeg 768w, https:\/\/www2.unifap.br\/neab\/files\/2020\/07\/piedade.jpeg 959w\" sizes=\"(max-width: 134px) 100vw, 134px\" \/><\/a><\/p><p>Coordena\u00e7\u00e3o de Ensino: Profa. Dra. Piedade Lino Videira<\/p><p><a href=\"http:\/\/www2.unifap.br\/neab\/files\/2020\/07\/irlon.png\"><img loading=\"lazy\" decoding=\"async\" class=\"aligncenter wp-image-1233\" src=\"http:\/\/www2.unifap.br\/neab\/files\/2020\/07\/irlon.png\" alt=\"\" width=\"157\" height=\"196\" srcset=\"https:\/\/www2.unifap.br\/neab\/files\/2020\/07\/irlon.png 332w, https:\/\/www2.unifap.br\/neab\/files\/2020\/07\/irlon-240x300.png 240w\" sizes=\"(max-width: 157px) 100vw, 157px\" \/><\/a><\/p><p>Coordena\u00e7\u00e3o de Pesquisa e P\u00f3s &#8211; Gradua\u00e7\u00e3o: Prof. Dr. Irlon Maciel Ferreira<\/p>\t\t\t\t\t\t\t\t<\/div>\n\t\t\t\t<\/div>\n\t\t\t\t\t<\/div>\n\t\t<\/div>\n\t\t\t\t<div class=\"elementor-column elementor-col-16 elementor-top-column elementor-element elementor-element-0f6e132\" data-id=\"0f6e132\" data-element_type=\"column\" data-e-type=\"column\">\n\t\t\t<div class=\"elementor-widget-wrap\">\n\t\t\t\t\t\t\t<\/div>\n\t\t<\/div>\n\t\t\t\t\t<\/div>\n\t\t<\/section>\n\t\t\t\t<\/div>\n\t\t","protected":false},"excerpt":{"rendered":"<p>O NEAB ser\u00e1 gerido por uma Coordena\u00e7\u00e3o Colegiada, composta pelas Coordena\u00e7\u00f5es Geral, Coordena\u00e7\u00e3o Acad\u00eamica, Coordena\u00e7\u00e3o de Ensino, Coordena\u00e7\u00e3o de Pesquisa e P\u00f3s-gradua\u00e7\u00e3o, Coordena\u00e7\u00e3o de Extens\u00e3o, cuja elei\u00e7\u00e3o ser\u00e1 realizada ordinariamente a cada dois anos ou extraordinariamente por convoca\u00e7\u00e3o da Coordena\u00e7\u00e3o&hellip; <\/p>\n<p><a href=\"https:\/\/www2.unifap.br\/neab\/apresentacao\/gestoes-do-neab\/\" class=\"readmore-button\">Continue Reading<\/a><\/p>\n","protected":false},"author":869,"featured_media":0,"parent":10,"menu_order":0,"comment_status":"closed","ping_status":"closed","template":"","meta":{"inline_featured_image":false,"ngg_post_thumbnail":0,"footnotes":""},"class_list":["post-1178","page","type-page","status-publish","hentry"],"_links":{"self":[{"href":"https:\/\/www2.unifap.br\/neab\/wp-json\/wp\/v2\/pages\/1178","targetHints":{"allow":["GET"]}}],"collection":[{"href":"https:\/\/www2.unifap.br\/neab\/wp-json\/wp\/v2\/pages"}],"about":[{"href":"https:\/\/www2.unifap.br\/neab\/wp-json\/wp\/v2\/types\/page"}],"author":[{"embeddable":true,"href":"https:\/\/www2.unifap.br\/neab\/wp-json\/wp\/v2\/users\/869"}],"replies":[{"embeddable":true,"href":"https:\/\/www2.unifap.br\/neab\/wp-json\/wp\/v2\/comments?post=1178"}],"version-history":[{"count":21,"href":"https:\/\/www2.unifap.br\/neab\/wp-json\/wp\/v2\/pages\/1178\/revisions"}],"predecessor-version":[{"id":1333,"href":"https:\/\/www2.unifap.br\/neab\/wp-json\/wp\/v2\/pages\/1178\/revisions\/1333"}],"up":[{"embeddable":true,"href":"https:\/\/www2.unifap.br\/neab\/wp-json\/wp\/v2\/pages\/10"}],"wp:attachment":[{"href":"https:\/\/www2.unifap.br\/neab\/wp-json\/wp\/v2\/media?parent=1178"}],"curies":[{"name":"wp","href":"https:\/\/api.w.org\/{rel}","templated":true}]}}