{"id":1193,"date":"2020-07-09T19:52:25","date_gmt":"2020-07-09T19:52:25","guid":{"rendered":"http:\/\/www2.unifap.br\/neab\/?page_id=1193"},"modified":"2020-07-09T20:10:53","modified_gmt":"2020-07-09T20:10:53","slug":"chamada-geral-em-defesa-das-cotas-no-processo-seletivo","status":"publish","type":"page","link":"https:\/\/www2.unifap.br\/neab\/memorial\/2017-2\/chamada-geral-em-defesa-das-cotas-no-processo-seletivo\/","title":{"rendered":"CHAMADA GERAL EM DEFESA DAS COTAS NO PROCESSO SELETIVO"},"content":{"rendered":"<p>O Neab fez uma chamada geral para unir todos que s\u00e3o a favor das cotas para lutar pelas mesmas, pois houve a interdi\u00e7\u00e3o da chamada p\u00fablica do Processo Seletivo de 2017 devido ao Mandado de Seguran\u00e7a do Juiz Federal Anselmo Gon\u00e7alves da Silva. Logo convocou uma reuni\u00e3o com os cotistas, movimentos socais e a comunidade em geral para debater e organizar uma manifesta\u00e7\u00e3o em defesa e perman\u00eancia das cotas na Universidade Federal do Amap\u00e1.<\/p>\n<h3><a name=\"_Toc508786950\"><\/a>Manifesta\u00e7\u00e3o P\u00fablica a favor da garantia das Cotas na Unifap<\/h3>\n<p>Como encaminhamento da chamada Geral convocada pelo Neab, foi organizada uma manifesta\u00e7\u00e3o pac\u00edfica pela garantia das cotas na Unifap. Essa foi iniciada \u00e1s 7hrs da manh\u00e3, no port\u00e3o principal da Unifap, com m\u00fasicas de protesto e falas de v\u00e1rias pessoas que se fizeram presente, sendo essas, cotistas, de movimentos sociais e membros do Neab, como Profa. Piedade Videira (Coordenadora Geral do Neab), Profa. Alzira Nogueira, Profa. Elane Carneiro, Joelma Menezes, como tamb\u00e9m os bolsistas Roger Azevedo, Alice David e C\u00e9sar filho Rodrigue<\/p>\n<p>&nbsp;<\/p>\n<p>&nbsp;<\/p>\n<p>&nbsp;<\/p>\n","protected":false},"excerpt":{"rendered":"<p>O Neab fez uma chamada geral para unir todos que s\u00e3o a favor das cotas para lutar pelas mesmas, pois houve a interdi\u00e7\u00e3o da chamada p\u00fablica do Processo Seletivo de 2017 devido ao Mandado de Seguran\u00e7a do Juiz Federal Anselmo&hellip; <\/p>\n<p><a href=\"https:\/\/www2.unifap.br\/neab\/memorial\/2017-2\/chamada-geral-em-defesa-das-cotas-no-processo-seletivo\/\" class=\"readmore-button\">Continue Reading<\/a><\/p>\n","protected":false},"author":869,"featured_media":0,"parent":910,"menu_order":0,"comment_status":"closed","ping_status":"closed","template":"","meta":{"inline_featured_image":false,"ngg_post_thumbnail":0,"footnotes":""},"class_list":["post-1193","page","type-page","status-publish","hentry"],"_links":{"self":[{"href":"https:\/\/www2.unifap.br\/neab\/wp-json\/wp\/v2\/pages\/1193","targetHints":{"allow":["GET"]}}],"collection":[{"href":"https:\/\/www2.unifap.br\/neab\/wp-json\/wp\/v2\/pages"}],"about":[{"href":"https:\/\/www2.unifap.br\/neab\/wp-json\/wp\/v2\/types\/page"}],"author":[{"embeddable":true,"href":"https:\/\/www2.unifap.br\/neab\/wp-json\/wp\/v2\/users\/869"}],"replies":[{"embeddable":true,"href":"https:\/\/www2.unifap.br\/neab\/wp-json\/wp\/v2\/comments?post=1193"}],"version-history":[{"count":10,"href":"https:\/\/www2.unifap.br\/neab\/wp-json\/wp\/v2\/pages\/1193\/revisions"}],"predecessor-version":[{"id":1205,"href":"https:\/\/www2.unifap.br\/neab\/wp-json\/wp\/v2\/pages\/1193\/revisions\/1205"}],"up":[{"embeddable":true,"href":"https:\/\/www2.unifap.br\/neab\/wp-json\/wp\/v2\/pages\/910"}],"wp:attachment":[{"href":"https:\/\/www2.unifap.br\/neab\/wp-json\/wp\/v2\/media?parent=1193"}],"curies":[{"name":"wp","href":"https:\/\/api.w.org\/{rel}","templated":true}]}}