{"id":1209,"date":"2020-07-09T20:16:14","date_gmt":"2020-07-09T20:16:14","guid":{"rendered":"http:\/\/www2.unifap.br\/neab\/?page_id=1209"},"modified":"2020-07-09T20:19:51","modified_gmt":"2020-07-09T20:19:51","slug":"aniversario-do-nucleo-de-estudos-afro-brasileiros-neab-unifap","status":"publish","type":"page","link":"https:\/\/www2.unifap.br\/neab\/memorial\/2017-2\/aniversario-do-nucleo-de-estudos-afro-brasileiros-neab-unifap\/","title":{"rendered":"Anivers\u00e1rio do N\u00facleo de Estudos Afro-brasileiros \u2013 Neab\/Unifap"},"content":{"rendered":"<p>No dia 18 de maio, comemoramos o anivers\u00e1rio de 2 anos de cria\u00e7\u00e3o do N\u00facleo de Estudos Afro-Brasileiros \u2013 Neab\/Unifap, e para a comemora\u00e7\u00e3o, ocorreu um evento no Hall do Centro Integrado de Pesquisa e p\u00f3s-gradua\u00e7\u00e3o \u2013 Cipp\/Unifap. Deu-se in\u00edcio o evento com a abertura cultural as 15h com a artista local, Tani Leal. Seguida de uma abertura solene, onde estiveram presentes representante do Improir, NEER, Proeac\/Unifap, OAB Amap\u00e1, Reitoria e do movimento Juventude de Terreiros. O evento deu prosseguimento com a palestra \u201cAssist\u00eancia a negros e n\u00e3o negros nos centros de aten\u00e7\u00e3o psicossocial em \u00e1lcool e outras drogas nos estados do Amap\u00e1, Minas Gerais e S\u00e3o Paulo: um estudo comparativo\u201d, proferida pela Profa. Dra. Nelma Nunes, professora do colegiado de fisioterapia e membro do Neab. Ap\u00f3s um breve intervalo, iniciou-se a mesa de debate \u201cPol\u00edticas de A\u00e7\u00f5es Afirmativas na Unifap: avan\u00e7os, limites e perspectivas\u201d, que teve como debatedores, membros do Neab e participantes do evento. O encerramento do evento ocorreu no Sankofa &#8211; EcoCasa de Arte e Cultura Africana, onde ocorreu a \u201cQuinta do Tambor\u201d.<\/p>\n<p><img decoding=\"async\" src=\"https:\/\/scontent.fmao1-1.fna.fbcdn.net\/v\/t31.0-8\/18489570_1893293324221532_1772138809126800113_o.png?_nc_cat=102&amp;_nc_sid=9267fe&amp;_nc_eui2=AeH6GlDeZVF5KxFE5izaONIRkYIW_VSTsHqRghb9VJOwep67Htc9qyHpbpjMb9o0fKIlXjinn5o2dc--r1dA1lh5&amp;_nc_oc=AQly0nvqDFQLQ-Karbsdf5Rdt8tKMnoJ7zGAql8wpmdLPGtWALp8MhMLo6lhP2USg4Ops6DrKReOYmkwwe8o6bl6&amp;_nc_ht=scontent.fmao1-1.fna&amp;oh=25a3cc2a7223e46e3ed167bdf602ca96&amp;oe=5F2C7CF9\" \/><\/p>\n","protected":false},"excerpt":{"rendered":"<p>No dia 18 de maio, comemoramos o anivers\u00e1rio de 2 anos de cria\u00e7\u00e3o do N\u00facleo de Estudos Afro-Brasileiros \u2013 Neab\/Unifap, e para a comemora\u00e7\u00e3o, ocorreu um evento no Hall do Centro Integrado de Pesquisa e p\u00f3s-gradua\u00e7\u00e3o \u2013 Cipp\/Unifap. Deu-se in\u00edcio&hellip; <\/p>\n<p><a href=\"https:\/\/www2.unifap.br\/neab\/memorial\/2017-2\/aniversario-do-nucleo-de-estudos-afro-brasileiros-neab-unifap\/\" class=\"readmore-button\">Continue Reading<\/a><\/p>\n","protected":false},"author":869,"featured_media":0,"parent":910,"menu_order":0,"comment_status":"closed","ping_status":"closed","template":"","meta":{"inline_featured_image":false,"ngg_post_thumbnail":0,"footnotes":""},"class_list":["post-1209","page","type-page","status-publish","hentry"],"_links":{"self":[{"href":"https:\/\/www2.unifap.br\/neab\/wp-json\/wp\/v2\/pages\/1209","targetHints":{"allow":["GET"]}}],"collection":[{"href":"https:\/\/www2.unifap.br\/neab\/wp-json\/wp\/v2\/pages"}],"about":[{"href":"https:\/\/www2.unifap.br\/neab\/wp-json\/wp\/v2\/types\/page"}],"author":[{"embeddable":true,"href":"https:\/\/www2.unifap.br\/neab\/wp-json\/wp\/v2\/users\/869"}],"replies":[{"embeddable":true,"href":"https:\/\/www2.unifap.br\/neab\/wp-json\/wp\/v2\/comments?post=1209"}],"version-history":[{"count":2,"href":"https:\/\/www2.unifap.br\/neab\/wp-json\/wp\/v2\/pages\/1209\/revisions"}],"predecessor-version":[{"id":1213,"href":"https:\/\/www2.unifap.br\/neab\/wp-json\/wp\/v2\/pages\/1209\/revisions\/1213"}],"up":[{"embeddable":true,"href":"https:\/\/www2.unifap.br\/neab\/wp-json\/wp\/v2\/pages\/910"}],"wp:attachment":[{"href":"https:\/\/www2.unifap.br\/neab\/wp-json\/wp\/v2\/media?parent=1209"}],"curies":[{"name":"wp","href":"https:\/\/api.w.org\/{rel}","templated":true}]}}